{"id":2215,"date":"2020-02-26T12:20:38","date_gmt":"2020-02-26T12:20:38","guid":{"rendered":"https:\/\/mazzettirenato.it\/prodotti\/temperatrici_tao\/"},"modified":"2023-10-10T11:12:32","modified_gmt":"2023-10-10T11:12:32","slug":"temperadoras-tao","status":"publish","type":"page","link":"https:\/\/mazzettirenato.it\/pt-pt\/produtos\/temperadoras-tao\/","title":{"rendered":"Temperadoras TAO"},"content":{"rendered":"\t\t<div data-elementor-type=\"wp-page\" data-elementor-id=\"2215\" class=\"elementor elementor-2215 elementor-251\" data-elementor-post-type=\"page\">\n\t\t\t\t\t\t<section class=\"elementor-section elementor-top-section elementor-element elementor-element-e1c95bf elementor-section-full_width elementor-section-stretched elementor-section-height-min-height elementor-section-items-bottom elementor-section-height-default\" data-id=\"e1c95bf\" data-element_type=\"section\" data-e-type=\"section\" data-settings=\"{&quot;stretch_section&quot;:&quot;section-stretched&quot;,&quot;background_background&quot;:&quot;classic&quot;}\">\n\t\t\t\t\t\t\t<div class=\"elementor-background-overlay\"><\/div>\n\t\t\t\t\t\t\t<div class=\"elementor-container elementor-column-gap-no\">\n\t\t\t\t\t<div class=\"elementor-column elementor-col-100 elementor-top-column elementor-element elementor-element-d2c99a3\" data-id=\"d2c99a3\" data-element_type=\"column\" data-e-type=\"column\">\n\t\t\t<div class=\"elementor-widget-wrap\">\n\t\t\t\t\t\t\t<\/div>\n\t\t<\/div>\n\t\t\t\t\t<\/div>\n\t\t<\/section>\n\t\t\t\t<section class=\"elementor-section elementor-top-section elementor-element elementor-element-3921ced elementor-section-boxed elementor-section-height-default elementor-section-height-default\" data-id=\"3921ced\" data-element_type=\"section\" data-e-type=\"section\" data-settings=\"{&quot;background_background&quot;:&quot;classic&quot;}\">\n\t\t\t\t\t\t<div class=\"elementor-container elementor-column-gap-default\">\n\t\t\t\t\t<div class=\"elementor-column elementor-col-100 elementor-top-column elementor-element elementor-element-0837eff\" data-id=\"0837eff\" data-element_type=\"column\" data-e-type=\"column\">\n\t\t\t<div class=\"elementor-widget-wrap elementor-element-populated\">\n\t\t\t\t\t\t<div class=\"elementor-element elementor-element-734b897 elementor-widget elementor-widget-breadcrumbs\" data-id=\"734b897\" data-element_type=\"widget\" data-e-type=\"widget\" data-widget_type=\"breadcrumbs.default\">\n\t\t\t\t<div class=\"elementor-widget-container\">\n\t\t\t\t\t<p id=\"breadcrumbs\"><span><span><a href=\"https:\/\/mazzettirenato.it\/\">Mazzetti Renato<\/a><\/span><\/span><\/p>\t\t\t\t<\/div>\n\t\t\t\t<\/div>\n\t\t\t\t<div class=\"elementor-element elementor-element-a7bad8d elementor-widget elementor-widget-heading\" data-id=\"a7bad8d\" data-element_type=\"widget\" data-e-type=\"widget\" data-widget_type=\"heading.default\">\n\t\t\t\t<div class=\"elementor-widget-container\">\n\t\t\t\t\t<h2 class=\"elementor-heading-title elementor-size-default\">Temperadoras TAO<\/h2>\t\t\t\t<\/div>\n\t\t\t\t<\/div>\n\t\t\t\t\t<\/div>\n\t\t<\/div>\n\t\t\t\t\t<\/div>\n\t\t<\/section>\n\t\t\t\t<section class=\"elementor-section elementor-top-section elementor-element elementor-element-301d9d0 elementor-section-boxed elementor-section-height-default elementor-section-height-default\" data-id=\"301d9d0\" data-element_type=\"section\" data-e-type=\"section\" data-settings=\"{&quot;background_background&quot;:&quot;classic&quot;}\">\n\t\t\t\t\t\t<div class=\"elementor-container elementor-column-gap-default\">\n\t\t\t\t\t<div class=\"elementor-column elementor-col-50 elementor-top-column elementor-element elementor-element-f71d0d2\" data-id=\"f71d0d2\" data-element_type=\"column\" data-e-type=\"column\">\n\t\t\t<div class=\"elementor-widget-wrap elementor-element-populated\">\n\t\t\t\t\t\t<section class=\"elementor-section elementor-inner-section elementor-element elementor-element-4720bbf elementor-section-boxed elementor-section-height-default elementor-section-height-default\" data-id=\"4720bbf\" data-element_type=\"section\" data-e-type=\"section\">\n\t\t\t\t\t\t<div class=\"elementor-container elementor-column-gap-default\">\n\t\t\t\t\t<div class=\"elementor-column elementor-col-50 elementor-inner-column elementor-element elementor-element-2766a7e\" data-id=\"2766a7e\" data-element_type=\"column\" data-e-type=\"column\" data-settings=\"{&quot;background_background&quot;:&quot;classic&quot;}\">\n\t\t\t<div class=\"elementor-widget-wrap elementor-element-populated\">\n\t\t\t\t\t\t<div class=\"elementor-element elementor-element-de1cb78 elementor-widget elementor-widget-heading\" data-id=\"de1cb78\" data-element_type=\"widget\" data-e-type=\"widget\" data-widget_type=\"heading.default\">\n\t\t\t\t<div class=\"elementor-widget-container\">\n\t\t\t\t\t<h2 class=\"elementor-heading-title elementor-size-default\">Constru\u00eddas em a\u00e7o inoxid\u00e1vel para serem simultaneamente robustas e flex\u00edveis<\/h2>\t\t\t\t<\/div>\n\t\t\t\t<\/div>\n\t\t\t\t\t<\/div>\n\t\t<\/div>\n\t\t\t\t<div class=\"elementor-column elementor-col-50 elementor-inner-column elementor-element elementor-element-bcbf643\" data-id=\"bcbf643\" data-element_type=\"column\" data-e-type=\"column\">\n\t\t\t<div class=\"elementor-widget-wrap elementor-element-populated\">\n\t\t\t\t\t\t<div class=\"elementor-element elementor-element-9d288ff elementor-widget elementor-widget-text-editor\" data-id=\"9d288ff\" data-element_type=\"widget\" data-e-type=\"widget\" data-widget_type=\"text-editor.default\">\n\t\t\t\t<div class=\"elementor-widget-container\">\n\t\t\t\t\t\t\t\t\t<p>s\u00e3o ideais para fornecer um fluxo constante de chocolate, ou cremes, perfeitamente temperados. Um estator especificamente concebido, constru\u00eddo em setores independentes, proporciona um fluxo uniforme de \u00e1gua temperada em torno de cada setor. Um sistema de controlo de temperatura de alta precis\u00e3o pode definir, em cada setor da m\u00e1quina, a temperatura adequada da \u00e1gua com base no fluxo de chocolate escolhido.<\/p>\t\t\t\t\t\t\t\t<\/div>\n\t\t\t\t<\/div>\n\t\t\t\t\t<\/div>\n\t\t<\/div>\n\t\t\t\t\t<\/div>\n\t\t<\/section>\n\t\t\t\t<div class=\"elementor-element elementor-element-04ae99b elementor-widget elementor-widget-text-editor\" data-id=\"04ae99b\" data-element_type=\"widget\" data-e-type=\"widget\" data-widget_type=\"text-editor.default\">\n\t\t\t\t<div class=\"elementor-widget-container\">\n\t\t\t\t\t\t\t\t\t<p>O rotor interno foi constru\u00eddo para mover o produto atrav\u00e9s das diferentes zonas, proporcionando refrigera\u00e7\u00e3o cont\u00ednua na superf\u00edcie interna para estabilizar a temperatura do chocolate enquanto \u00e9 misturado. Produzido em diferentes tamanhos, pode ser adaptado \u00e0s necessidades espec\u00edficas dos clientes. Capacidade de 250 a 3000 kg\/h<\/p>\t\t\t\t\t\t\t\t<\/div>\n\t\t\t\t<\/div>\n\t\t\t\t\t<\/div>\n\t\t<\/div>\n\t\t\t\t<div class=\"elementor-column elementor-col-50 elementor-top-column elementor-element elementor-element-61277b1\" data-id=\"61277b1\" data-element_type=\"column\" data-e-type=\"column\">\n\t\t\t<div class=\"elementor-widget-wrap elementor-element-populated\">\n\t\t\t\t\t\t<div class=\"elementor-element elementor-element-4150881 elementor-hidden-phone elementor-widget elementor-widget-heading\" data-id=\"4150881\" data-element_type=\"widget\" data-e-type=\"widget\" data-widget_type=\"heading.default\">\n\t\t\t\t<div class=\"elementor-widget-container\">\n\t\t\t\t\t<h2 class=\"elementor-heading-title elementor-size-default\">PRODUTOS<\/h2>\t\t\t\t<\/div>\n\t\t\t\t<\/div>\n\t\t\t\t<div class=\"elementor-element elementor-element-ca363f0 elementor-nav-menu__align-start elementor-nav-menu--dropdown-none elementor-hidden-phone elementor-widget elementor-widget-nav-menu\" data-id=\"ca363f0\" data-element_type=\"widget\" data-e-type=\"widget\" data-settings=\"{&quot;layout&quot;:&quot;vertical&quot;,&quot;submenu_icon&quot;:{&quot;value&quot;:&quot;&lt;i class=\\&quot;fas e-plus-icon\\&quot; aria-hidden=\\&quot;true\\&quot;&gt;&lt;\\\/i&gt;&quot;,&quot;library&quot;:&quot;&quot;}}\" data-widget_type=\"nav-menu.default\">\n\t\t\t\t<div class=\"elementor-widget-container\">\n\t\t\t\t\t\t\t\t<nav aria-label=\"Menu\" class=\"elementor-nav-menu--main elementor-nav-menu__container elementor-nav-menu--layout-vertical e--pointer-none\">\n\t\t\t\t<ul id=\"menu-1-ca363f0\" class=\"elementor-nav-menu sm-vertical\"><li class=\"menu-item menu-item-type-post_type menu-item-object-page menu-item-4430\"><a href=\"https:\/\/mazzettirenato.it\/pt-pt\/produtos\/linhas-de-moldagem\/\" class=\"elementor-item\">Linhas de Moldagem<\/a><\/li>\n<li class=\"menu-item menu-item-type-post_type menu-item-object-page menu-item-4429\"><a href=\"https:\/\/mazzettirenato.it\/pt-pt\/produtos\/refinadoras-wa-fa\/\" class=\"elementor-item\">Refinadoras WA-FA<\/a><\/li>\n<li class=\"menu-item menu-item-type-post_type menu-item-object-page menu-item-4428\"><a href=\"https:\/\/mazzettirenato.it\/pt-pt\/produtos\/pepitas-de-chocolate-mg\/\" class=\"elementor-item\">Pepitas de Chocolate<\/a><\/li>\n<li class=\"menu-item menu-item-type-post_type menu-item-object-page menu-item-4431\"><a href=\"https:\/\/mazzettirenato.it\/pt-pt\/produtos\/centros-de-chocolate-ma\/\" class=\"elementor-item\">Centros de Chocolate<\/a><\/li>\n<li class=\"menu-item menu-item-type-post_type menu-item-object-page menu-item-4426\"><a href=\"https:\/\/mazzettirenato.it\/pt-pt\/produtos\/temperadoras-tao\/\" class=\"elementor-item\">Temperadoras TAO<\/a><\/li>\n<li class=\"menu-item menu-item-type-post_type menu-item-object-page menu-item-4425\"><a href=\"https:\/\/mazzettirenato.it\/pt-pt\/produtos\/pick_and_place\/\" class=\"elementor-item\">Pick&#038;Place<\/a><\/li>\n<li class=\"menu-item menu-item-type-post_type menu-item-object-page menu-item-4424\"><a href=\"https:\/\/mazzettirenato.it\/pt-pt\/produtos\/maquinas-auxiliares\/\" class=\"elementor-item\">M\u00e1quinas Auxiliares<\/a><\/li>\n<\/ul>\t\t\t<\/nav>\n\t\t\t\t\t\t<nav class=\"elementor-nav-menu--dropdown elementor-nav-menu__container\" aria-hidden=\"true\">\n\t\t\t\t<ul id=\"menu-2-ca363f0\" class=\"elementor-nav-menu sm-vertical\"><li class=\"menu-item menu-item-type-post_type menu-item-object-page menu-item-4430\"><a href=\"https:\/\/mazzettirenato.it\/pt-pt\/produtos\/linhas-de-moldagem\/\" class=\"elementor-item\" tabindex=\"-1\">Linhas de Moldagem<\/a><\/li>\n<li class=\"menu-item menu-item-type-post_type menu-item-object-page menu-item-4429\"><a href=\"https:\/\/mazzettirenato.it\/pt-pt\/produtos\/refinadoras-wa-fa\/\" class=\"elementor-item\" tabindex=\"-1\">Refinadoras WA-FA<\/a><\/li>\n<li class=\"menu-item menu-item-type-post_type menu-item-object-page menu-item-4428\"><a href=\"https:\/\/mazzettirenato.it\/pt-pt\/produtos\/pepitas-de-chocolate-mg\/\" class=\"elementor-item\" tabindex=\"-1\">Pepitas de Chocolate<\/a><\/li>\n<li class=\"menu-item menu-item-type-post_type menu-item-object-page menu-item-4431\"><a href=\"https:\/\/mazzettirenato.it\/pt-pt\/produtos\/centros-de-chocolate-ma\/\" class=\"elementor-item\" tabindex=\"-1\">Centros de Chocolate<\/a><\/li>\n<li class=\"menu-item menu-item-type-post_type menu-item-object-page menu-item-4426\"><a href=\"https:\/\/mazzettirenato.it\/pt-pt\/produtos\/temperadoras-tao\/\" class=\"elementor-item\" tabindex=\"-1\">Temperadoras TAO<\/a><\/li>\n<li class=\"menu-item menu-item-type-post_type menu-item-object-page menu-item-4425\"><a href=\"https:\/\/mazzettirenato.it\/pt-pt\/produtos\/pick_and_place\/\" class=\"elementor-item\" tabindex=\"-1\">Pick&#038;Place<\/a><\/li>\n<li class=\"menu-item menu-item-type-post_type menu-item-object-page menu-item-4424\"><a href=\"https:\/\/mazzettirenato.it\/pt-pt\/produtos\/maquinas-auxiliares\/\" class=\"elementor-item\" tabindex=\"-1\">M\u00e1quinas Auxiliares<\/a><\/li>\n<\/ul>\t\t\t<\/nav>\n\t\t\t\t\t\t<\/div>\n\t\t\t\t<\/div>\n\t\t\t\t<div class=\"elementor-element elementor-element-d7b6a77 elementor-widget elementor-widget-image-carousel\" data-id=\"d7b6a77\" data-element_type=\"widget\" data-e-type=\"widget\" data-settings=\"{&quot;slides_to_show&quot;:&quot;1&quot;,&quot;navigation&quot;:&quot;none&quot;,&quot;autoplay_speed&quot;:3000,&quot;effect&quot;:&quot;fade&quot;,&quot;autoplay&quot;:&quot;yes&quot;,&quot;pause_on_hover&quot;:&quot;yes&quot;,&quot;pause_on_interaction&quot;:&quot;yes&quot;,&quot;infinite&quot;:&quot;yes&quot;,&quot;speed&quot;:500}\" data-widget_type=\"image-carousel.default\">\n\t\t\t\t<div class=\"elementor-widget-container\">\n\t\t\t\t\t\t\t<div class=\"elementor-image-carousel-wrapper swiper\" role=\"region\" aria-roledescription=\"carousel\" aria-label=\"Carrossel de imagens\" dir=\"ltr\">\n\t\t\t<div class=\"elementor-image-carousel swiper-wrapper\" aria-live=\"off\">\n\t\t\t\t\t\t\t\t<div class=\"swiper-slide\" role=\"group\" aria-roledescription=\"slide\" aria-label=\"1 of 2\"><figure class=\"swiper-slide-inner\"><img decoding=\"async\" class=\"swiper-slide-image\" src=\"https:\/\/mazzettirenato.it\/wp-content\/uploads\/2023\/03\/mazzetti_renato_temperatrici_img2.jpg\" alt=\"mazzetti_renato_temperatrici_img2.jpg\" \/><\/figure><\/div><div class=\"swiper-slide\" role=\"group\" aria-roledescription=\"slide\" aria-label=\"2 of 2\"><figure class=\"swiper-slide-inner\"><img decoding=\"async\" class=\"swiper-slide-image\" src=\"https:\/\/mazzettirenato.it\/wp-content\/uploads\/2023\/03\/mazzetti_renato_temperatrici_img1.jpg\" alt=\"mazzetti_renato_temperatrici_img1.jpg\" \/><\/figure><\/div>\t\t\t<\/div>\n\t\t\t\t\t\t\t\n\t\t\t\t\t\t\t\t\t<\/div>\n\t\t\t\t\t\t<\/div>\n\t\t\t\t<\/div>\n\t\t\t\t\t<\/div>\n\t\t<\/div>\n\t\t\t\t\t<\/div>\n\t\t<\/section>\n\t\t\t\t<section class=\"elementor-section elementor-top-section elementor-element elementor-element-e7f5f1e elementor-section-height-min-height elementor-section-boxed elementor-section-height-default elementor-section-items-middle\" data-id=\"e7f5f1e\" data-element_type=\"section\" data-e-type=\"section\" data-settings=\"{&quot;background_background&quot;:&quot;classic&quot;}\">\n\t\t\t\t\t\t<div class=\"elementor-container elementor-column-gap-default\">\n\t\t\t\t\t<div class=\"elementor-column elementor-col-50 elementor-top-column elementor-element elementor-element-2ee0b7e\" data-id=\"2ee0b7e\" data-element_type=\"column\" data-e-type=\"column\">\n\t\t\t<div class=\"elementor-widget-wrap elementor-element-populated\">\n\t\t\t\t\t\t<div class=\"elementor-element elementor-element-3d3c6a4 elementor-widget elementor-widget-image\" data-id=\"3d3c6a4\" data-element_type=\"widget\" data-e-type=\"widget\" data-widget_type=\"image.default\">\n\t\t\t\t<div class=\"elementor-widget-container\">\n\t\t\t\t\t\t\t\t\t\t\t\t\t\t\t<img fetchpriority=\"high\" decoding=\"async\" width=\"572\" height=\"509\" src=\"https:\/\/mazzettirenato.it\/wp-content\/uploads\/2023\/03\/mazzetti_renato_temperatrici_img.png\" class=\"attachment-large size-large wp-image-3941\" alt=\"\" srcset=\"https:\/\/mazzettirenato.it\/wp-content\/uploads\/2023\/03\/mazzetti_renato_temperatrici_img.png 572w, https:\/\/mazzettirenato.it\/wp-content\/uploads\/2023\/03\/mazzetti_renato_temperatrici_img-300x267.png 300w\" sizes=\"(max-width: 572px) 100vw, 572px\" \/>\t\t\t\t\t\t\t\t\t\t\t\t\t\t\t<\/div>\n\t\t\t\t<\/div>\n\t\t\t\t\t<\/div>\n\t\t<\/div>\n\t\t\t\t<div class=\"elementor-column elementor-col-50 elementor-top-column elementor-element elementor-element-a29ae50\" data-id=\"a29ae50\" data-element_type=\"column\" data-e-type=\"column\">\n\t\t\t<div class=\"elementor-widget-wrap\">\n\t\t\t\t\t\t\t<\/div>\n\t\t<\/div>\n\t\t\t\t\t<\/div>\n\t\t<\/section>\n\t\t\t\t<section class=\"elementor-section elementor-top-section elementor-element elementor-element-512ec33 elementor-section-height-min-height elementor-section-boxed elementor-section-height-default elementor-section-items-middle\" data-id=\"512ec33\" data-element_type=\"section\" data-e-type=\"section\" data-settings=\"{&quot;background_background&quot;:&quot;classic&quot;}\">\n\t\t\t\t\t\t<div class=\"elementor-container elementor-column-gap-default\">\n\t\t\t\t\t<div class=\"elementor-column elementor-col-100 elementor-top-column elementor-element elementor-element-3917659\" data-id=\"3917659\" data-element_type=\"column\" data-e-type=\"column\">\n\t\t\t<div class=\"elementor-widget-wrap elementor-element-populated\">\n\t\t\t\t\t\t<div class=\"elementor-element elementor-element-ce3dc6f elementor-widget elementor-widget-heading\" data-id=\"ce3dc6f\" data-element_type=\"widget\" data-e-type=\"widget\" data-widget_type=\"heading.default\">\n\t\t\t\t<div class=\"elementor-widget-container\">\n\t\t\t\t\t<h2 class=\"elementor-heading-title elementor-size-default\">Mazzetti Renato, Temperadoras TAO<\/h2>\t\t\t\t<\/div>\n\t\t\t\t<\/div>\n\t\t\t\t<div class=\"elementor-element elementor-element-5ddd21e elementor-align-center elementor-widget elementor-widget-button\" data-id=\"5ddd21e\" data-element_type=\"widget\" data-e-type=\"widget\" data-widget_type=\"button.default\">\n\t\t\t\t<div class=\"elementor-widget-container\">\n\t\t\t\t\t\t\t\t\t<div class=\"elementor-button-wrapper\">\n\t\t\t\t\t<a class=\"elementor-button elementor-button-link elementor-size-sm\" href=\"https:\/\/mazzettirenato.it\/wp-content\/uploads\/2023\/04\/TAO-Tempering-Machine-MazzettiRenato-FR-PT.pdf\" target=\"_blank\">\n\t\t\t\t\t\t<span class=\"elementor-button-content-wrapper\">\n\t\t\t\t\t\t\t\t\t<span class=\"elementor-button-text\">Datasheet<\/span>\n\t\t\t\t\t<\/span>\n\t\t\t\t\t<\/a>\n\t\t\t\t<\/div>\n\t\t\t\t\t\t\t\t<\/div>\n\t\t\t\t<\/div>\n\t\t\t\t\t<\/div>\n\t\t<\/div>\n\t\t\t\t\t<\/div>\n\t\t<\/section>\n\t\t\t\t<\/div>\n\t\t","protected":false},"excerpt":{"rendered":"<p>Temperadoras TAO Constru\u00eddas em a\u00e7o inoxid\u00e1vel para serem simultaneamente robustas e flex\u00edveis s\u00e3o ideais para fornecer um fluxo constante de chocolate, ou cremes, perfeitamente temperados. Um estator especificamente concebido, constru\u00eddo em setores independentes, proporciona um fluxo uniforme de \u00e1gua temperada em torno de cada setor. Um sistema de controlo de temperatura de alta precis\u00e3o pode &#8230; <a title=\"Temperadoras TAO\" class=\"read-more\" href=\"https:\/\/mazzettirenato.it\/pt-pt\/produtos\/temperadoras-tao\/\" aria-label=\"Leia mais sobre Temperadoras TAO\">Ler mais<\/a><\/p>\n","protected":false},"author":6,"featured_media":0,"parent":2192,"menu_order":0,"comment_status":"closed","ping_status":"closed","template":"elementor_header_footer","meta":{"footnotes":""},"class_list":["post-2215","page","type-page","status-publish"],"yoast_head":"<!-- This site is optimized with the Yoast SEO plugin v27.4 - https:\/\/yoast.com\/product\/yoast-seo-wordpress\/ -->\n<title>Temperadoras TAO - Mazzetti Renato<\/title>\n<meta name=\"robots\" content=\"index, follow, max-snippet:-1, max-image-preview:large, max-video-preview:-1\" \/>\n<link rel=\"canonical\" href=\"https:\/\/mazzettirenato.it\/prodotti\/temperatrici_tao\/\" \/>\n<meta property=\"og:locale\" content=\"pt_PT\" \/>\n<meta property=\"og:type\" content=\"article\" \/>\n<meta property=\"og:title\" content=\"Temperadoras TAO - Mazzetti Renato\" \/>\n<meta property=\"og:description\" content=\"Temperadoras TAO Constru\u00eddas em a\u00e7o inoxid\u00e1vel para serem simultaneamente robustas e flex\u00edveis s\u00e3o ideais para fornecer um fluxo constante de chocolate, ou cremes, perfeitamente temperados. Um estator especificamente concebido, constru\u00eddo em setores independentes, proporciona um fluxo uniforme de \u00e1gua temperada em torno de cada setor. Um sistema de controlo de temperatura de alta precis\u00e3o pode ... Ler mais\" \/>\n<meta property=\"og:url\" content=\"https:\/\/mazzettirenato.it\/prodotti\/temperatrici_tao\/\" \/>\n<meta property=\"og:site_name\" content=\"Mazzetti Renato\" \/>\n<meta property=\"article:modified_time\" content=\"2023-10-10T11:12:32+00:00\" \/>\n<meta property=\"og:image\" content=\"https:\/\/mazzettirenato.it\/wp-content\/uploads\/2023\/03\/mazzetti_renato_temperatrici_img2.jpg\" \/>\n<meta name=\"twitter:card\" content=\"summary_large_image\" \/>\n<meta name=\"twitter:label1\" content=\"Tempo estimado de leitura\" \/>\n\t<meta name=\"twitter:data1\" content=\"2 minutos\" \/>\n<script type=\"application\/ld+json\" class=\"yoast-schema-graph\">{\"@context\":\"https:\\\/\\\/schema.org\",\"@graph\":[{\"@type\":\"WebPage\",\"@id\":\"https:\\\/\\\/mazzettirenato.it\\\/prodotti\\\/temperatrici_tao\\\/\",\"url\":\"https:\\\/\\\/mazzettirenato.it\\\/prodotti\\\/temperatrici_tao\\\/\",\"name\":\"Temperadoras TAO - Mazzetti Renato\",\"isPartOf\":{\"@id\":\"https:\\\/\\\/mazzettirenato.it\\\/#website\"},\"primaryImageOfPage\":{\"@id\":\"https:\\\/\\\/mazzettirenato.it\\\/prodotti\\\/temperatrici_tao\\\/#primaryimage\"},\"image\":{\"@id\":\"https:\\\/\\\/mazzettirenato.it\\\/prodotti\\\/temperatrici_tao\\\/#primaryimage\"},\"thumbnailUrl\":\"https:\\\/\\\/mazzettirenato.it\\\/wp-content\\\/uploads\\\/2023\\\/03\\\/mazzetti_renato_temperatrici_img2.jpg\",\"datePublished\":\"2020-02-26T12:20:38+00:00\",\"dateModified\":\"2023-10-10T11:12:32+00:00\",\"breadcrumb\":{\"@id\":\"https:\\\/\\\/mazzettirenato.it\\\/prodotti\\\/temperatrici_tao\\\/#breadcrumb\"},\"inLanguage\":\"pt-PT\",\"potentialAction\":[{\"@type\":\"ReadAction\",\"target\":[\"https:\\\/\\\/mazzettirenato.it\\\/prodotti\\\/temperatrici_tao\\\/\"]}]},{\"@type\":\"ImageObject\",\"inLanguage\":\"pt-PT\",\"@id\":\"https:\\\/\\\/mazzettirenato.it\\\/prodotti\\\/temperatrici_tao\\\/#primaryimage\",\"url\":\"https:\\\/\\\/mazzettirenato.it\\\/wp-content\\\/uploads\\\/2023\\\/03\\\/mazzetti_renato_temperatrici_img2.jpg\",\"contentUrl\":\"https:\\\/\\\/mazzettirenato.it\\\/wp-content\\\/uploads\\\/2023\\\/03\\\/mazzetti_renato_temperatrici_img2.jpg\"},{\"@type\":\"BreadcrumbList\",\"@id\":\"https:\\\/\\\/mazzettirenato.it\\\/prodotti\\\/temperatrici_tao\\\/#breadcrumb\",\"itemListElement\":[{\"@type\":\"ListItem\",\"position\":1,\"name\":\"Mazzetti Renato\",\"item\":\"https:\\\/\\\/mazzettirenato.it\\\/\"},{\"@type\":\"ListItem\",\"position\":2,\"name\":\"Produtos\",\"item\":\"https:\\\/\\\/mazzettirenato.it\\\/pt-pt\\\/produtos\\\/\"},{\"@type\":\"ListItem\",\"position\":3,\"name\":\"Temperadoras TAO\"}]},{\"@type\":\"WebSite\",\"@id\":\"https:\\\/\\\/mazzettirenato.it\\\/#website\",\"url\":\"https:\\\/\\\/mazzettirenato.it\\\/\",\"name\":\"Mazzetti Renato\",\"description\":\"Mazzetti Renato\",\"potentialAction\":[{\"@type\":\"SearchAction\",\"target\":{\"@type\":\"EntryPoint\",\"urlTemplate\":\"https:\\\/\\\/mazzettirenato.it\\\/?s={search_term_string}\"},\"query-input\":{\"@type\":\"PropertyValueSpecification\",\"valueRequired\":true,\"valueName\":\"search_term_string\"}}],\"inLanguage\":\"pt-PT\"}]}<\/script>\n<!-- \/ Yoast SEO plugin. -->","yoast_head_json":{"title":"Temperadoras TAO - Mazzetti Renato","robots":{"index":"index","follow":"follow","max-snippet":"max-snippet:-1","max-image-preview":"max-image-preview:large","max-video-preview":"max-video-preview:-1"},"canonical":"https:\/\/mazzettirenato.it\/prodotti\/temperatrici_tao\/","og_locale":"pt_PT","og_type":"article","og_title":"Temperadoras TAO - Mazzetti Renato","og_description":"Temperadoras TAO Constru\u00eddas em a\u00e7o inoxid\u00e1vel para serem simultaneamente robustas e flex\u00edveis s\u00e3o ideais para fornecer um fluxo constante de chocolate, ou cremes, perfeitamente temperados. Um estator especificamente concebido, constru\u00eddo em setores independentes, proporciona um fluxo uniforme de \u00e1gua temperada em torno de cada setor. Um sistema de controlo de temperatura de alta precis\u00e3o pode ... Ler mais","og_url":"https:\/\/mazzettirenato.it\/prodotti\/temperatrici_tao\/","og_site_name":"Mazzetti Renato","article_modified_time":"2023-10-10T11:12:32+00:00","og_image":[{"url":"https:\/\/mazzettirenato.it\/wp-content\/uploads\/2023\/03\/mazzetti_renato_temperatrici_img2.jpg","type":"","width":"","height":""}],"twitter_card":"summary_large_image","twitter_misc":{"Tempo estimado de leitura":"2 minutos"},"schema":{"@context":"https:\/\/schema.org","@graph":[{"@type":"WebPage","@id":"https:\/\/mazzettirenato.it\/prodotti\/temperatrici_tao\/","url":"https:\/\/mazzettirenato.it\/prodotti\/temperatrici_tao\/","name":"Temperadoras TAO - Mazzetti Renato","isPartOf":{"@id":"https:\/\/mazzettirenato.it\/#website"},"primaryImageOfPage":{"@id":"https:\/\/mazzettirenato.it\/prodotti\/temperatrici_tao\/#primaryimage"},"image":{"@id":"https:\/\/mazzettirenato.it\/prodotti\/temperatrici_tao\/#primaryimage"},"thumbnailUrl":"https:\/\/mazzettirenato.it\/wp-content\/uploads\/2023\/03\/mazzetti_renato_temperatrici_img2.jpg","datePublished":"2020-02-26T12:20:38+00:00","dateModified":"2023-10-10T11:12:32+00:00","breadcrumb":{"@id":"https:\/\/mazzettirenato.it\/prodotti\/temperatrici_tao\/#breadcrumb"},"inLanguage":"pt-PT","potentialAction":[{"@type":"ReadAction","target":["https:\/\/mazzettirenato.it\/prodotti\/temperatrici_tao\/"]}]},{"@type":"ImageObject","inLanguage":"pt-PT","@id":"https:\/\/mazzettirenato.it\/prodotti\/temperatrici_tao\/#primaryimage","url":"https:\/\/mazzettirenato.it\/wp-content\/uploads\/2023\/03\/mazzetti_renato_temperatrici_img2.jpg","contentUrl":"https:\/\/mazzettirenato.it\/wp-content\/uploads\/2023\/03\/mazzetti_renato_temperatrici_img2.jpg"},{"@type":"BreadcrumbList","@id":"https:\/\/mazzettirenato.it\/prodotti\/temperatrici_tao\/#breadcrumb","itemListElement":[{"@type":"ListItem","position":1,"name":"Mazzetti Renato","item":"https:\/\/mazzettirenato.it\/"},{"@type":"ListItem","position":2,"name":"Produtos","item":"https:\/\/mazzettirenato.it\/pt-pt\/produtos\/"},{"@type":"ListItem","position":3,"name":"Temperadoras TAO"}]},{"@type":"WebSite","@id":"https:\/\/mazzettirenato.it\/#website","url":"https:\/\/mazzettirenato.it\/","name":"Mazzetti Renato","description":"Mazzetti Renato","potentialAction":[{"@type":"SearchAction","target":{"@type":"EntryPoint","urlTemplate":"https:\/\/mazzettirenato.it\/?s={search_term_string}"},"query-input":{"@type":"PropertyValueSpecification","valueRequired":true,"valueName":"search_term_string"}}],"inLanguage":"pt-PT"}]}},"_links":{"self":[{"href":"https:\/\/mazzettirenato.it\/pt-pt\/wp-json\/wp\/v2\/pages\/2215","targetHints":{"allow":["GET"]}}],"collection":[{"href":"https:\/\/mazzettirenato.it\/pt-pt\/wp-json\/wp\/v2\/pages"}],"about":[{"href":"https:\/\/mazzettirenato.it\/pt-pt\/wp-json\/wp\/v2\/types\/page"}],"author":[{"embeddable":true,"href":"https:\/\/mazzettirenato.it\/pt-pt\/wp-json\/wp\/v2\/users\/6"}],"replies":[{"embeddable":true,"href":"https:\/\/mazzettirenato.it\/pt-pt\/wp-json\/wp\/v2\/comments?post=2215"}],"version-history":[{"count":23,"href":"https:\/\/mazzettirenato.it\/pt-pt\/wp-json\/wp\/v2\/pages\/2215\/revisions"}],"predecessor-version":[{"id":5542,"href":"https:\/\/mazzettirenato.it\/pt-pt\/wp-json\/wp\/v2\/pages\/2215\/revisions\/5542"}],"up":[{"embeddable":true,"href":"https:\/\/mazzettirenato.it\/pt-pt\/wp-json\/wp\/v2\/pages\/2192"}],"wp:attachment":[{"href":"https:\/\/mazzettirenato.it\/pt-pt\/wp-json\/wp\/v2\/media?parent=2215"}],"curies":[{"name":"wp","href":"https:\/\/api.w.org\/{rel}","templated":true}]}}