{"id":2206,"date":"2020-02-26T12:21:40","date_gmt":"2020-02-26T12:21:40","guid":{"rendered":"https:\/\/mazzettirenato.it\/prodotti\/pick_and_place\/"},"modified":"2023-10-10T11:15:16","modified_gmt":"2023-10-10T11:15:16","slug":"pick_and_place","status":"publish","type":"page","link":"https:\/\/mazzettirenato.it\/pt-pt\/produtos\/pick_and_place\/","title":{"rendered":"Pick&#038;Place"},"content":{"rendered":"\t\t<div data-elementor-type=\"wp-page\" data-elementor-id=\"2206\" class=\"elementor elementor-2206 elementor-254\" data-elementor-post-type=\"page\">\n\t\t\t\t\t\t<section class=\"elementor-section elementor-top-section elementor-element elementor-element-1e8213f elementor-section-full_width elementor-section-stretched elementor-section-height-min-height elementor-section-items-bottom elementor-section-height-default\" data-id=\"1e8213f\" data-element_type=\"section\" data-e-type=\"section\" data-settings=\"{&quot;stretch_section&quot;:&quot;section-stretched&quot;,&quot;background_background&quot;:&quot;classic&quot;}\">\n\t\t\t\t\t\t\t<div class=\"elementor-background-overlay\"><\/div>\n\t\t\t\t\t\t\t<div class=\"elementor-container elementor-column-gap-no\">\n\t\t\t\t\t<div class=\"elementor-column elementor-col-100 elementor-top-column elementor-element elementor-element-90b92b3\" data-id=\"90b92b3\" data-element_type=\"column\" data-e-type=\"column\">\n\t\t\t<div class=\"elementor-widget-wrap\">\n\t\t\t\t\t\t\t<\/div>\n\t\t<\/div>\n\t\t\t\t\t<\/div>\n\t\t<\/section>\n\t\t\t\t<section class=\"elementor-section elementor-top-section elementor-element elementor-element-4ba326a elementor-section-boxed elementor-section-height-default elementor-section-height-default\" data-id=\"4ba326a\" data-element_type=\"section\" data-e-type=\"section\" data-settings=\"{&quot;background_background&quot;:&quot;classic&quot;}\">\n\t\t\t\t\t\t<div class=\"elementor-container elementor-column-gap-default\">\n\t\t\t\t\t<div class=\"elementor-column elementor-col-100 elementor-top-column elementor-element elementor-element-e8efe31\" data-id=\"e8efe31\" data-element_type=\"column\" data-e-type=\"column\">\n\t\t\t<div class=\"elementor-widget-wrap elementor-element-populated\">\n\t\t\t\t\t\t<div class=\"elementor-element elementor-element-2e7cff9 elementor-widget elementor-widget-breadcrumbs\" data-id=\"2e7cff9\" data-element_type=\"widget\" data-e-type=\"widget\" data-widget_type=\"breadcrumbs.default\">\n\t\t\t\t<div class=\"elementor-widget-container\">\n\t\t\t\t\t<p id=\"breadcrumbs\"><span><span><a href=\"https:\/\/mazzettirenato.it\/\">Mazzetti Renato<\/a><\/span><\/span><\/p>\t\t\t\t<\/div>\n\t\t\t\t<\/div>\n\t\t\t\t<div class=\"elementor-element elementor-element-c27caf3 elementor-widget elementor-widget-heading\" data-id=\"c27caf3\" data-element_type=\"widget\" data-e-type=\"widget\" data-widget_type=\"heading.default\">\n\t\t\t\t<div class=\"elementor-widget-container\">\n\t\t\t\t\t<h2 class=\"elementor-heading-title elementor-size-default\">Pick&amp;Place<\/h2>\t\t\t\t<\/div>\n\t\t\t\t<\/div>\n\t\t\t\t<div class=\"elementor-element elementor-element-4d6ed46 elementor-widget elementor-widget-heading\" data-id=\"4d6ed46\" data-element_type=\"widget\" data-e-type=\"widget\" data-widget_type=\"heading.default\">\n\t\t\t\t<div class=\"elementor-widget-container\">\n\t\t\t\t\t<h2 class=\"elementor-heading-title elementor-size-default\">e misturadores de ingredientes s\u00f3lidos<\/h2>\t\t\t\t<\/div>\n\t\t\t\t<\/div>\n\t\t\t\t\t<\/div>\n\t\t<\/div>\n\t\t\t\t\t<\/div>\n\t\t<\/section>\n\t\t\t\t<section class=\"elementor-section elementor-top-section elementor-element elementor-element-54d2d9e elementor-section-boxed elementor-section-height-default elementor-section-height-default\" data-id=\"54d2d9e\" data-element_type=\"section\" data-e-type=\"section\" data-settings=\"{&quot;background_background&quot;:&quot;classic&quot;}\">\n\t\t\t\t\t\t<div class=\"elementor-container elementor-column-gap-default\">\n\t\t\t\t\t<div class=\"elementor-column elementor-col-50 elementor-top-column elementor-element elementor-element-b0f72a9\" data-id=\"b0f72a9\" data-element_type=\"column\" data-e-type=\"column\">\n\t\t\t<div class=\"elementor-widget-wrap elementor-element-populated\">\n\t\t\t\t\t\t<section class=\"elementor-section elementor-inner-section elementor-element elementor-element-447fbf0 elementor-section-boxed elementor-section-height-default elementor-section-height-default\" data-id=\"447fbf0\" data-element_type=\"section\" data-e-type=\"section\">\n\t\t\t\t\t\t<div class=\"elementor-container elementor-column-gap-default\">\n\t\t\t\t\t<div class=\"elementor-column elementor-col-50 elementor-inner-column elementor-element elementor-element-e0bb471\" data-id=\"e0bb471\" data-element_type=\"column\" data-e-type=\"column\" data-settings=\"{&quot;background_background&quot;:&quot;classic&quot;}\">\n\t\t\t<div class=\"elementor-widget-wrap elementor-element-populated\">\n\t\t\t\t\t\t<div class=\"elementor-element elementor-element-13c510e elementor-widget elementor-widget-heading\" data-id=\"13c510e\" data-element_type=\"widget\" data-e-type=\"widget\" data-widget_type=\"heading.default\">\n\t\t\t\t<div class=\"elementor-widget-container\">\n\t\t\t\t\t<h2 class=\"elementor-heading-title elementor-size-default\">Nossa empresa pode fornecer v\u00e1rios aplicativos rob\u00f3ticos<\/h2>\t\t\t\t<\/div>\n\t\t\t\t<\/div>\n\t\t\t\t\t<\/div>\n\t\t<\/div>\n\t\t\t\t<div class=\"elementor-column elementor-col-50 elementor-inner-column elementor-element elementor-element-addf135\" data-id=\"addf135\" data-element_type=\"column\" data-e-type=\"column\">\n\t\t\t<div class=\"elementor-widget-wrap elementor-element-populated\">\n\t\t\t\t\t\t<div class=\"elementor-element elementor-element-086593b elementor-widget elementor-widget-text-editor\" data-id=\"086593b\" data-element_type=\"widget\" data-e-type=\"widget\" data-widget_type=\"text-editor.default\">\n\t\t\t\t<div class=\"elementor-widget-container\">\n\t\t\t\t\t\t\t\t\t<p>para\u00a0automatizar totalmente a alimenta\u00e7\u00e3o de biscoitos, wafers, nozes ou cerejas com produtos espec\u00edficos, bem como sistemas de libera\u00e7\u00e3o e alimenta\u00e7\u00e3o para mover automaticamente os produtos acabados para as bandejas prontas para embalagem.<\/p>\t\t\t\t\t\t\t\t<\/div>\n\t\t\t\t<\/div>\n\t\t\t\t\t<\/div>\n\t\t<\/div>\n\t\t\t\t\t<\/div>\n\t\t<\/section>\n\t\t\t\t<div class=\"elementor-element elementor-element-0cb8d26 elementor-widget elementor-widget-text-editor\" data-id=\"0cb8d26\" data-element_type=\"widget\" data-e-type=\"widget\" data-widget_type=\"text-editor.default\">\n\t\t\t\t<div class=\"elementor-widget-container\">\n\t\t\t\t\t\t\t\t\t<p>Solu\u00e7\u00f5es vantajosas e sob medida podem ser oferecidas com nossas instala\u00e7\u00f5es ou integradas \u00e0s linhas de moldagem existentes para obter novas op\u00e7\u00f5es de produ\u00e7\u00e3o a um custo muito baixo e com economia significativa em termos de custos de m\u00e3o de obra. Os sistemas Pick &amp; Place tamb\u00e9m s\u00e3o desenvolvidos com nossos clientes para a cria\u00e7\u00e3o de produtos especiais como drageias com nozes individuais ou barras de chocolate com biscoitos ou wafers.<\/p>\t\t\t\t\t\t\t\t<\/div>\n\t\t\t\t<\/div>\n\t\t\t\t\t<\/div>\n\t\t<\/div>\n\t\t\t\t<div class=\"elementor-column elementor-col-50 elementor-top-column elementor-element elementor-element-ce86c32\" data-id=\"ce86c32\" data-element_type=\"column\" data-e-type=\"column\">\n\t\t\t<div class=\"elementor-widget-wrap elementor-element-populated\">\n\t\t\t\t\t\t<div class=\"elementor-element elementor-element-69fd735 elementor-hidden-phone elementor-widget elementor-widget-heading\" data-id=\"69fd735\" data-element_type=\"widget\" data-e-type=\"widget\" data-widget_type=\"heading.default\">\n\t\t\t\t<div class=\"elementor-widget-container\">\n\t\t\t\t\t<h2 class=\"elementor-heading-title elementor-size-default\">PRODUTOS<\/h2>\t\t\t\t<\/div>\n\t\t\t\t<\/div>\n\t\t\t\t<div class=\"elementor-element elementor-element-eca066c elementor-nav-menu__align-start elementor-nav-menu--dropdown-none elementor-hidden-phone elementor-widget elementor-widget-nav-menu\" data-id=\"eca066c\" data-element_type=\"widget\" data-e-type=\"widget\" data-settings=\"{&quot;layout&quot;:&quot;vertical&quot;,&quot;submenu_icon&quot;:{&quot;value&quot;:&quot;&lt;i class=\\&quot;fas e-plus-icon\\&quot; aria-hidden=\\&quot;true\\&quot;&gt;&lt;\\\/i&gt;&quot;,&quot;library&quot;:&quot;&quot;}}\" data-widget_type=\"nav-menu.default\">\n\t\t\t\t<div class=\"elementor-widget-container\">\n\t\t\t\t\t\t\t\t<nav aria-label=\"Menu\" class=\"elementor-nav-menu--main elementor-nav-menu__container elementor-nav-menu--layout-vertical e--pointer-none\">\n\t\t\t\t<ul id=\"menu-1-eca066c\" class=\"elementor-nav-menu sm-vertical\"><li class=\"menu-item menu-item-type-post_type menu-item-object-page menu-item-4430\"><a href=\"https:\/\/mazzettirenato.it\/pt-pt\/produtos\/linhas-de-moldagem\/\" class=\"elementor-item\">Linhas de Moldagem<\/a><\/li>\n<li class=\"menu-item menu-item-type-post_type menu-item-object-page menu-item-4429\"><a href=\"https:\/\/mazzettirenato.it\/pt-pt\/produtos\/refinadoras-wa-fa\/\" class=\"elementor-item\">Refinadoras WA-FA<\/a><\/li>\n<li class=\"menu-item menu-item-type-post_type menu-item-object-page menu-item-4428\"><a href=\"https:\/\/mazzettirenato.it\/pt-pt\/produtos\/pepitas-de-chocolate-mg\/\" class=\"elementor-item\">Pepitas de Chocolate<\/a><\/li>\n<li class=\"menu-item menu-item-type-post_type menu-item-object-page menu-item-4431\"><a href=\"https:\/\/mazzettirenato.it\/pt-pt\/produtos\/centros-de-chocolate-ma\/\" class=\"elementor-item\">Centros de Chocolate<\/a><\/li>\n<li class=\"menu-item menu-item-type-post_type menu-item-object-page menu-item-4426\"><a href=\"https:\/\/mazzettirenato.it\/pt-pt\/produtos\/temperadoras-tao\/\" class=\"elementor-item\">Temperadoras TAO<\/a><\/li>\n<li class=\"menu-item menu-item-type-post_type menu-item-object-page menu-item-4425\"><a href=\"https:\/\/mazzettirenato.it\/pt-pt\/produtos\/pick_and_place\/\" class=\"elementor-item\">Pick&#038;Place<\/a><\/li>\n<li class=\"menu-item menu-item-type-post_type menu-item-object-page menu-item-4424\"><a href=\"https:\/\/mazzettirenato.it\/pt-pt\/produtos\/maquinas-auxiliares\/\" class=\"elementor-item\">M\u00e1quinas Auxiliares<\/a><\/li>\n<\/ul>\t\t\t<\/nav>\n\t\t\t\t\t\t<nav class=\"elementor-nav-menu--dropdown elementor-nav-menu__container\" aria-hidden=\"true\">\n\t\t\t\t<ul id=\"menu-2-eca066c\" class=\"elementor-nav-menu sm-vertical\"><li class=\"menu-item menu-item-type-post_type menu-item-object-page menu-item-4430\"><a href=\"https:\/\/mazzettirenato.it\/pt-pt\/produtos\/linhas-de-moldagem\/\" class=\"elementor-item\" tabindex=\"-1\">Linhas de Moldagem<\/a><\/li>\n<li class=\"menu-item menu-item-type-post_type menu-item-object-page menu-item-4429\"><a href=\"https:\/\/mazzettirenato.it\/pt-pt\/produtos\/refinadoras-wa-fa\/\" class=\"elementor-item\" tabindex=\"-1\">Refinadoras WA-FA<\/a><\/li>\n<li class=\"menu-item menu-item-type-post_type menu-item-object-page menu-item-4428\"><a href=\"https:\/\/mazzettirenato.it\/pt-pt\/produtos\/pepitas-de-chocolate-mg\/\" class=\"elementor-item\" tabindex=\"-1\">Pepitas de Chocolate<\/a><\/li>\n<li class=\"menu-item menu-item-type-post_type menu-item-object-page menu-item-4431\"><a href=\"https:\/\/mazzettirenato.it\/pt-pt\/produtos\/centros-de-chocolate-ma\/\" class=\"elementor-item\" tabindex=\"-1\">Centros de Chocolate<\/a><\/li>\n<li class=\"menu-item menu-item-type-post_type menu-item-object-page menu-item-4426\"><a href=\"https:\/\/mazzettirenato.it\/pt-pt\/produtos\/temperadoras-tao\/\" class=\"elementor-item\" tabindex=\"-1\">Temperadoras TAO<\/a><\/li>\n<li class=\"menu-item menu-item-type-post_type menu-item-object-page menu-item-4425\"><a href=\"https:\/\/mazzettirenato.it\/pt-pt\/produtos\/pick_and_place\/\" class=\"elementor-item\" tabindex=\"-1\">Pick&#038;Place<\/a><\/li>\n<li class=\"menu-item menu-item-type-post_type menu-item-object-page menu-item-4424\"><a href=\"https:\/\/mazzettirenato.it\/pt-pt\/produtos\/maquinas-auxiliares\/\" class=\"elementor-item\" tabindex=\"-1\">M\u00e1quinas Auxiliares<\/a><\/li>\n<\/ul>\t\t\t<\/nav>\n\t\t\t\t\t\t<\/div>\n\t\t\t\t<\/div>\n\t\t\t\t<div class=\"elementor-element elementor-element-b29e09b elementor-widget elementor-widget-image-carousel\" data-id=\"b29e09b\" data-element_type=\"widget\" data-e-type=\"widget\" data-settings=\"{&quot;slides_to_show&quot;:&quot;1&quot;,&quot;navigation&quot;:&quot;none&quot;,&quot;autoplay_speed&quot;:3000,&quot;effect&quot;:&quot;fade&quot;,&quot;autoplay&quot;:&quot;yes&quot;,&quot;pause_on_hover&quot;:&quot;yes&quot;,&quot;pause_on_interaction&quot;:&quot;yes&quot;,&quot;infinite&quot;:&quot;yes&quot;,&quot;speed&quot;:500}\" data-widget_type=\"image-carousel.default\">\n\t\t\t\t<div class=\"elementor-widget-container\">\n\t\t\t\t\t\t\t<div class=\"elementor-image-carousel-wrapper swiper\" role=\"region\" aria-roledescription=\"carousel\" aria-label=\"Carrossel de imagens\" dir=\"ltr\">\n\t\t\t<div class=\"elementor-image-carousel swiper-wrapper\" aria-live=\"off\">\n\t\t\t\t\t\t\t\t<div class=\"swiper-slide\" role=\"group\" aria-roledescription=\"slide\" aria-label=\"1 of 4\"><figure class=\"swiper-slide-inner\"><img decoding=\"async\" class=\"swiper-slide-image\" src=\"https:\/\/mazzettirenato.it\/wp-content\/uploads\/2023\/03\/mazzetti_renato_pickplace_img10.jpg\" alt=\"mazzetti_renato_pickplace_img10.jpg\" \/><\/figure><\/div><div class=\"swiper-slide\" role=\"group\" aria-roledescription=\"slide\" aria-label=\"2 of 4\"><figure class=\"swiper-slide-inner\"><img decoding=\"async\" class=\"swiper-slide-image\" src=\"https:\/\/mazzettirenato.it\/wp-content\/uploads\/2023\/03\/mazzetti_renato_pickplace_img11.jpg\" alt=\"mazzetti_renato_pickplace_img11.jpg\" \/><\/figure><\/div><div class=\"swiper-slide\" role=\"group\" aria-roledescription=\"slide\" aria-label=\"3 of 4\"><figure class=\"swiper-slide-inner\"><img decoding=\"async\" class=\"swiper-slide-image\" src=\"https:\/\/mazzettirenato.it\/wp-content\/uploads\/2023\/03\/mazzetti_renato_pickplace_img12.jpg\" alt=\"mazzetti_renato_pickplace_img12.jpg\" \/><\/figure><\/div><div class=\"swiper-slide\" role=\"group\" aria-roledescription=\"slide\" aria-label=\"4 of 4\"><figure class=\"swiper-slide-inner\"><img decoding=\"async\" class=\"swiper-slide-image\" src=\"https:\/\/mazzettirenato.it\/wp-content\/uploads\/2023\/03\/mazzetti_renato_pickplace_img13.jpg\" alt=\"mazzetti_renato_pickplace_img13.jpg\" \/><\/figure><\/div>\t\t\t<\/div>\n\t\t\t\t\t\t\t\n\t\t\t\t\t\t\t\t\t<\/div>\n\t\t\t\t\t\t<\/div>\n\t\t\t\t<\/div>\n\t\t\t\t\t<\/div>\n\t\t<\/div>\n\t\t\t\t\t<\/div>\n\t\t<\/section>\n\t\t\t\t<section class=\"elementor-section elementor-top-section elementor-element elementor-element-92239d6 elementor-section-height-min-height elementor-section-boxed elementor-section-height-default elementor-section-items-middle\" data-id=\"92239d6\" data-element_type=\"section\" data-e-type=\"section\" data-settings=\"{&quot;background_background&quot;:&quot;classic&quot;}\">\n\t\t\t\t\t\t<div class=\"elementor-container elementor-column-gap-default\">\n\t\t\t\t\t<div class=\"elementor-column elementor-col-100 elementor-top-column elementor-element elementor-element-9644bcd\" data-id=\"9644bcd\" data-element_type=\"column\" data-e-type=\"column\">\n\t\t\t<div class=\"elementor-widget-wrap elementor-element-populated\">\n\t\t\t\t\t\t<div class=\"elementor-element elementor-element-dc6f748 elementor-widget elementor-widget-image\" data-id=\"dc6f748\" data-element_type=\"widget\" data-e-type=\"widget\" data-widget_type=\"image.default\">\n\t\t\t\t<div class=\"elementor-widget-container\">\n\t\t\t\t\t\t\t\t\t\t\t\t\t\t\t<img fetchpriority=\"high\" decoding=\"async\" width=\"1024\" height=\"345\" src=\"https:\/\/mazzettirenato.it\/wp-content\/uploads\/2023\/03\/mazzetti_renato_pickplace_render-1024x345.png\" class=\"attachment-large size-large wp-image-4068\" alt=\"\" srcset=\"https:\/\/mazzettirenato.it\/wp-content\/uploads\/2023\/03\/mazzetti_renato_pickplace_render-1024x345.png 1024w, https:\/\/mazzettirenato.it\/wp-content\/uploads\/2023\/03\/mazzetti_renato_pickplace_render-300x101.png 300w, https:\/\/mazzettirenato.it\/wp-content\/uploads\/2023\/03\/mazzetti_renato_pickplace_render-768x259.png 768w, https:\/\/mazzettirenato.it\/wp-content\/uploads\/2023\/03\/mazzetti_renato_pickplace_render.png 1100w\" sizes=\"(max-width: 1024px) 100vw, 1024px\" \/>\t\t\t\t\t\t\t\t\t\t\t\t\t\t\t<\/div>\n\t\t\t\t<\/div>\n\t\t\t\t\t<\/div>\n\t\t<\/div>\n\t\t\t\t\t<\/div>\n\t\t<\/section>\n\t\t\t\t<section class=\"elementor-section elementor-top-section elementor-element elementor-element-fe46c79 elementor-section-height-min-height elementor-section-boxed elementor-section-height-default elementor-section-items-middle\" data-id=\"fe46c79\" data-element_type=\"section\" data-e-type=\"section\" data-settings=\"{&quot;background_background&quot;:&quot;classic&quot;}\">\n\t\t\t\t\t\t<div class=\"elementor-container elementor-column-gap-default\">\n\t\t\t\t\t<div class=\"elementor-column elementor-col-100 elementor-top-column elementor-element elementor-element-526cdb9\" data-id=\"526cdb9\" data-element_type=\"column\" data-e-type=\"column\">\n\t\t\t<div class=\"elementor-widget-wrap elementor-element-populated\">\n\t\t\t\t\t\t<div class=\"elementor-element elementor-element-a9ed3cc elementor-widget elementor-widget-heading\" data-id=\"a9ed3cc\" data-element_type=\"widget\" data-e-type=\"widget\" data-widget_type=\"heading.default\">\n\t\t\t\t<div class=\"elementor-widget-container\">\n\t\t\t\t\t<h2 class=\"elementor-heading-title elementor-size-default\">Mazzetti Renato, Pick&amp;Place<\/h2>\t\t\t\t<\/div>\n\t\t\t\t<\/div>\n\t\t\t\t\t<\/div>\n\t\t<\/div>\n\t\t\t\t\t<\/div>\n\t\t<\/section>\n\t\t\t\t<\/div>\n\t\t","protected":false},"excerpt":{"rendered":"<p>Pick&#038;Place e misturadores de ingredientes s\u00f3lidos Nossa empresa pode fornecer v\u00e1rios aplicativos rob\u00f3ticos para\u00a0automatizar totalmente a alimenta\u00e7\u00e3o de biscoitos, wafers, nozes ou cerejas com produtos espec\u00edficos, bem como sistemas de libera\u00e7\u00e3o e alimenta\u00e7\u00e3o para mover automaticamente os produtos acabados para as bandejas prontas para embalagem. Solu\u00e7\u00f5es vantajosas e sob medida podem ser oferecidas com nossas &#8230; <a title=\"Pick&#038;Place\" class=\"read-more\" href=\"https:\/\/mazzettirenato.it\/pt-pt\/produtos\/pick_and_place\/\" aria-label=\"Leia mais sobre Pick&#038;Place\">Ler mais<\/a><\/p>\n","protected":false},"author":6,"featured_media":0,"parent":2192,"menu_order":0,"comment_status":"closed","ping_status":"closed","template":"elementor_header_footer","meta":{"footnotes":""},"class_list":["post-2206","page","type-page","status-publish"],"yoast_head":"<!-- This site is optimized with the Yoast SEO plugin v27.4 - https:\/\/yoast.com\/product\/yoast-seo-wordpress\/ -->\n<title>Pick&amp;Place - Mazzetti Renato<\/title>\n<meta name=\"robots\" content=\"index, follow, max-snippet:-1, max-image-preview:large, max-video-preview:-1\" \/>\n<link rel=\"canonical\" href=\"https:\/\/mazzettirenato.it\/prodotti\/pick_and_place\/\" \/>\n<meta property=\"og:locale\" content=\"pt_PT\" \/>\n<meta property=\"og:type\" content=\"article\" \/>\n<meta property=\"og:title\" content=\"Pick&amp;Place - Mazzetti Renato\" \/>\n<meta property=\"og:description\" content=\"Pick&#038;Place e misturadores de ingredientes s\u00f3lidos Nossa empresa pode fornecer v\u00e1rios aplicativos rob\u00f3ticos para\u00a0automatizar totalmente a alimenta\u00e7\u00e3o de biscoitos, wafers, nozes ou cerejas com produtos espec\u00edficos, bem como sistemas de libera\u00e7\u00e3o e alimenta\u00e7\u00e3o para mover automaticamente os produtos acabados para as bandejas prontas para embalagem. Solu\u00e7\u00f5es vantajosas e sob medida podem ser oferecidas com nossas ... Ler mais\" \/>\n<meta property=\"og:url\" content=\"https:\/\/mazzettirenato.it\/prodotti\/pick_and_place\/\" \/>\n<meta property=\"og:site_name\" content=\"Mazzetti Renato\" \/>\n<meta property=\"article:modified_time\" content=\"2023-10-10T11:15:16+00:00\" \/>\n<meta property=\"og:image\" content=\"https:\/\/mazzettirenato.it\/wp-content\/uploads\/2023\/03\/mazzetti_renato_pickplace_img10.jpg\" \/>\n<meta name=\"twitter:card\" content=\"summary_large_image\" \/>\n<meta name=\"twitter:label1\" content=\"Tempo estimado de leitura\" \/>\n\t<meta name=\"twitter:data1\" content=\"3 minutos\" \/>\n<script type=\"application\/ld+json\" class=\"yoast-schema-graph\">{\"@context\":\"https:\\\/\\\/schema.org\",\"@graph\":[{\"@type\":\"WebPage\",\"@id\":\"https:\\\/\\\/mazzettirenato.it\\\/prodotti\\\/pick_and_place\\\/\",\"url\":\"https:\\\/\\\/mazzettirenato.it\\\/prodotti\\\/pick_and_place\\\/\",\"name\":\"Pick&Place - Mazzetti Renato\",\"isPartOf\":{\"@id\":\"https:\\\/\\\/mazzettirenato.it\\\/#website\"},\"primaryImageOfPage\":{\"@id\":\"https:\\\/\\\/mazzettirenato.it\\\/prodotti\\\/pick_and_place\\\/#primaryimage\"},\"image\":{\"@id\":\"https:\\\/\\\/mazzettirenato.it\\\/prodotti\\\/pick_and_place\\\/#primaryimage\"},\"thumbnailUrl\":\"https:\\\/\\\/mazzettirenato.it\\\/wp-content\\\/uploads\\\/2023\\\/03\\\/mazzetti_renato_pickplace_img10.jpg\",\"datePublished\":\"2020-02-26T12:21:40+00:00\",\"dateModified\":\"2023-10-10T11:15:16+00:00\",\"breadcrumb\":{\"@id\":\"https:\\\/\\\/mazzettirenato.it\\\/prodotti\\\/pick_and_place\\\/#breadcrumb\"},\"inLanguage\":\"pt-PT\",\"potentialAction\":[{\"@type\":\"ReadAction\",\"target\":[\"https:\\\/\\\/mazzettirenato.it\\\/prodotti\\\/pick_and_place\\\/\"]}]},{\"@type\":\"ImageObject\",\"inLanguage\":\"pt-PT\",\"@id\":\"https:\\\/\\\/mazzettirenato.it\\\/prodotti\\\/pick_and_place\\\/#primaryimage\",\"url\":\"https:\\\/\\\/mazzettirenato.it\\\/wp-content\\\/uploads\\\/2023\\\/03\\\/mazzetti_renato_pickplace_img10.jpg\",\"contentUrl\":\"https:\\\/\\\/mazzettirenato.it\\\/wp-content\\\/uploads\\\/2023\\\/03\\\/mazzetti_renato_pickplace_img10.jpg\"},{\"@type\":\"BreadcrumbList\",\"@id\":\"https:\\\/\\\/mazzettirenato.it\\\/prodotti\\\/pick_and_place\\\/#breadcrumb\",\"itemListElement\":[{\"@type\":\"ListItem\",\"position\":1,\"name\":\"Mazzetti Renato\",\"item\":\"https:\\\/\\\/mazzettirenato.it\\\/\"},{\"@type\":\"ListItem\",\"position\":2,\"name\":\"Produtos\",\"item\":\"https:\\\/\\\/mazzettirenato.it\\\/pt-pt\\\/produtos\\\/\"},{\"@type\":\"ListItem\",\"position\":3,\"name\":\"Pick&#038;Place\"}]},{\"@type\":\"WebSite\",\"@id\":\"https:\\\/\\\/mazzettirenato.it\\\/#website\",\"url\":\"https:\\\/\\\/mazzettirenato.it\\\/\",\"name\":\"Mazzetti Renato\",\"description\":\"Mazzetti Renato\",\"potentialAction\":[{\"@type\":\"SearchAction\",\"target\":{\"@type\":\"EntryPoint\",\"urlTemplate\":\"https:\\\/\\\/mazzettirenato.it\\\/?s={search_term_string}\"},\"query-input\":{\"@type\":\"PropertyValueSpecification\",\"valueRequired\":true,\"valueName\":\"search_term_string\"}}],\"inLanguage\":\"pt-PT\"}]}<\/script>\n<!-- \/ Yoast SEO plugin. -->","yoast_head_json":{"title":"Pick&Place - Mazzetti Renato","robots":{"index":"index","follow":"follow","max-snippet":"max-snippet:-1","max-image-preview":"max-image-preview:large","max-video-preview":"max-video-preview:-1"},"canonical":"https:\/\/mazzettirenato.it\/prodotti\/pick_and_place\/","og_locale":"pt_PT","og_type":"article","og_title":"Pick&Place - Mazzetti Renato","og_description":"Pick&#038;Place e misturadores de ingredientes s\u00f3lidos Nossa empresa pode fornecer v\u00e1rios aplicativos rob\u00f3ticos para\u00a0automatizar totalmente a alimenta\u00e7\u00e3o de biscoitos, wafers, nozes ou cerejas com produtos espec\u00edficos, bem como sistemas de libera\u00e7\u00e3o e alimenta\u00e7\u00e3o para mover automaticamente os produtos acabados para as bandejas prontas para embalagem. Solu\u00e7\u00f5es vantajosas e sob medida podem ser oferecidas com nossas ... Ler mais","og_url":"https:\/\/mazzettirenato.it\/prodotti\/pick_and_place\/","og_site_name":"Mazzetti Renato","article_modified_time":"2023-10-10T11:15:16+00:00","og_image":[{"url":"https:\/\/mazzettirenato.it\/wp-content\/uploads\/2023\/03\/mazzetti_renato_pickplace_img10.jpg","type":"","width":"","height":""}],"twitter_card":"summary_large_image","twitter_misc":{"Tempo estimado de leitura":"3 minutos"},"schema":{"@context":"https:\/\/schema.org","@graph":[{"@type":"WebPage","@id":"https:\/\/mazzettirenato.it\/prodotti\/pick_and_place\/","url":"https:\/\/mazzettirenato.it\/prodotti\/pick_and_place\/","name":"Pick&Place - Mazzetti Renato","isPartOf":{"@id":"https:\/\/mazzettirenato.it\/#website"},"primaryImageOfPage":{"@id":"https:\/\/mazzettirenato.it\/prodotti\/pick_and_place\/#primaryimage"},"image":{"@id":"https:\/\/mazzettirenato.it\/prodotti\/pick_and_place\/#primaryimage"},"thumbnailUrl":"https:\/\/mazzettirenato.it\/wp-content\/uploads\/2023\/03\/mazzetti_renato_pickplace_img10.jpg","datePublished":"2020-02-26T12:21:40+00:00","dateModified":"2023-10-10T11:15:16+00:00","breadcrumb":{"@id":"https:\/\/mazzettirenato.it\/prodotti\/pick_and_place\/#breadcrumb"},"inLanguage":"pt-PT","potentialAction":[{"@type":"ReadAction","target":["https:\/\/mazzettirenato.it\/prodotti\/pick_and_place\/"]}]},{"@type":"ImageObject","inLanguage":"pt-PT","@id":"https:\/\/mazzettirenato.it\/prodotti\/pick_and_place\/#primaryimage","url":"https:\/\/mazzettirenato.it\/wp-content\/uploads\/2023\/03\/mazzetti_renato_pickplace_img10.jpg","contentUrl":"https:\/\/mazzettirenato.it\/wp-content\/uploads\/2023\/03\/mazzetti_renato_pickplace_img10.jpg"},{"@type":"BreadcrumbList","@id":"https:\/\/mazzettirenato.it\/prodotti\/pick_and_place\/#breadcrumb","itemListElement":[{"@type":"ListItem","position":1,"name":"Mazzetti Renato","item":"https:\/\/mazzettirenato.it\/"},{"@type":"ListItem","position":2,"name":"Produtos","item":"https:\/\/mazzettirenato.it\/pt-pt\/produtos\/"},{"@type":"ListItem","position":3,"name":"Pick&#038;Place"}]},{"@type":"WebSite","@id":"https:\/\/mazzettirenato.it\/#website","url":"https:\/\/mazzettirenato.it\/","name":"Mazzetti Renato","description":"Mazzetti Renato","potentialAction":[{"@type":"SearchAction","target":{"@type":"EntryPoint","urlTemplate":"https:\/\/mazzettirenato.it\/?s={search_term_string}"},"query-input":{"@type":"PropertyValueSpecification","valueRequired":true,"valueName":"search_term_string"}}],"inLanguage":"pt-PT"}]}},"_links":{"self":[{"href":"https:\/\/mazzettirenato.it\/pt-pt\/wp-json\/wp\/v2\/pages\/2206","targetHints":{"allow":["GET"]}}],"collection":[{"href":"https:\/\/mazzettirenato.it\/pt-pt\/wp-json\/wp\/v2\/pages"}],"about":[{"href":"https:\/\/mazzettirenato.it\/pt-pt\/wp-json\/wp\/v2\/types\/page"}],"author":[{"embeddable":true,"href":"https:\/\/mazzettirenato.it\/pt-pt\/wp-json\/wp\/v2\/users\/6"}],"replies":[{"embeddable":true,"href":"https:\/\/mazzettirenato.it\/pt-pt\/wp-json\/wp\/v2\/comments?post=2206"}],"version-history":[{"count":8,"href":"https:\/\/mazzettirenato.it\/pt-pt\/wp-json\/wp\/v2\/pages\/2206\/revisions"}],"predecessor-version":[{"id":5545,"href":"https:\/\/mazzettirenato.it\/pt-pt\/wp-json\/wp\/v2\/pages\/2206\/revisions\/5545"}],"up":[{"embeddable":true,"href":"https:\/\/mazzettirenato.it\/pt-pt\/wp-json\/wp\/v2\/pages\/2192"}],"wp:attachment":[{"href":"https:\/\/mazzettirenato.it\/pt-pt\/wp-json\/wp\/v2\/media?parent=2206"}],"curies":[{"name":"wp","href":"https:\/\/api.w.org\/{rel}","templated":true}]}}