{"id":2187,"date":"2020-02-19T09:39:41","date_gmt":"2020-02-19T09:39:41","guid":{"rendered":"https:\/\/mazzettirenato.it\/mazzetti-renato\/"},"modified":"2023-10-10T10:58:17","modified_gmt":"2023-10-10T10:58:17","slug":"mazzetti-renato","status":"publish","type":"page","link":"https:\/\/mazzettirenato.it\/pt-pt\/mazzetti-renato\/","title":{"rendered":"Mazzetti Renato"},"content":{"rendered":"\t\t<div data-elementor-type=\"wp-page\" data-elementor-id=\"2187\" class=\"elementor elementor-2187 elementor-43\" data-elementor-post-type=\"page\">\n\t\t\t\t\t\t<section class=\"elementor-section elementor-top-section elementor-element elementor-element-ec895f2 elementor-section-full_width elementor-section-stretched elementor-section-height-min-height elementor-section-items-bottom elementor-section-height-default\" data-id=\"ec895f2\" data-element_type=\"section\" data-e-type=\"section\" data-settings=\"{&quot;stretch_section&quot;:&quot;section-stretched&quot;,&quot;background_background&quot;:&quot;classic&quot;}\">\n\t\t\t\t\t\t\t<div class=\"elementor-background-overlay\"><\/div>\n\t\t\t\t\t\t\t<div class=\"elementor-container elementor-column-gap-no\">\n\t\t\t\t\t<div class=\"elementor-column elementor-col-100 elementor-top-column elementor-element elementor-element-bf4cf93\" data-id=\"bf4cf93\" data-element_type=\"column\" data-e-type=\"column\">\n\t\t\t<div class=\"elementor-widget-wrap\">\n\t\t\t\t\t\t\t<\/div>\n\t\t<\/div>\n\t\t\t\t\t<\/div>\n\t\t<\/section>\n\t\t\t\t<section class=\"elementor-section elementor-top-section elementor-element elementor-element-643b9ee elementor-section-boxed elementor-section-height-default elementor-section-height-default\" data-id=\"643b9ee\" data-element_type=\"section\" data-e-type=\"section\" data-settings=\"{&quot;background_background&quot;:&quot;classic&quot;}\">\n\t\t\t\t\t\t<div class=\"elementor-container elementor-column-gap-default\">\n\t\t\t\t\t<div class=\"elementor-column elementor-col-100 elementor-top-column elementor-element elementor-element-388d9f7\" data-id=\"388d9f7\" data-element_type=\"column\" data-e-type=\"column\">\n\t\t\t<div class=\"elementor-widget-wrap elementor-element-populated\">\n\t\t\t\t\t\t<div class=\"elementor-element elementor-element-5276a0d elementor-widget elementor-widget-breadcrumbs\" data-id=\"5276a0d\" data-element_type=\"widget\" data-e-type=\"widget\" data-widget_type=\"breadcrumbs.default\">\n\t\t\t\t<div class=\"elementor-widget-container\">\n\t\t\t\t\t<p id=\"breadcrumbs\"><span><span><a href=\"https:\/\/mazzettirenato.it\/\">Mazzetti Renato<\/a><\/span><\/span><\/p>\t\t\t\t<\/div>\n\t\t\t\t<\/div>\n\t\t\t\t<div class=\"elementor-element elementor-element-e31dc47 elementor-widget elementor-widget-heading\" data-id=\"e31dc47\" data-element_type=\"widget\" data-e-type=\"widget\" data-widget_type=\"heading.default\">\n\t\t\t\t<div class=\"elementor-widget-container\">\n\t\t\t\t\t<h2 class=\"elementor-heading-title elementor-size-default\">Mazzetti Renato<\/h2>\t\t\t\t<\/div>\n\t\t\t\t<\/div>\n\t\t\t\t\t<\/div>\n\t\t<\/div>\n\t\t\t\t\t<\/div>\n\t\t<\/section>\n\t\t\t\t<section class=\"elementor-section elementor-top-section elementor-element elementor-element-81ab7e7 elementor-section-boxed elementor-section-height-default elementor-section-height-default\" data-id=\"81ab7e7\" data-element_type=\"section\" data-e-type=\"section\" data-settings=\"{&quot;background_background&quot;:&quot;classic&quot;}\">\n\t\t\t\t\t\t<div class=\"elementor-container elementor-column-gap-default\">\n\t\t\t\t\t<div class=\"elementor-column elementor-col-50 elementor-top-column elementor-element elementor-element-0380485\" data-id=\"0380485\" data-element_type=\"column\" data-e-type=\"column\">\n\t\t\t<div class=\"elementor-widget-wrap elementor-element-populated\">\n\t\t\t\t\t\t<div class=\"elementor-element elementor-element-42d8576 elementor-widget elementor-widget-heading\" data-id=\"42d8576\" data-element_type=\"widget\" data-e-type=\"widget\" data-widget_type=\"heading.default\">\n\t\t\t\t<div class=\"elementor-widget-container\">\n\t\t\t\t\t<h2 class=\"elementor-heading-title elementor-size-default\">O primeiro a patentear o moinho de bolas para refina\u00e7\u00e3o e conchagem de chocolate.<\/h2>\t\t\t\t<\/div>\n\t\t\t\t<\/div>\n\t\t\t\t<div class=\"elementor-element elementor-element-8e58f64 elementor-widget elementor-widget-text-editor\" data-id=\"8e58f64\" data-element_type=\"widget\" data-e-type=\"widget\" data-widget_type=\"text-editor.default\">\n\t\t\t\t<div class=\"elementor-widget-container\">\n\t\t\t\t\t\t\t\t\t<p>A hist\u00f3ria da empresa nasceu com a ideia revolucion\u00e1ria do nosso fundador <strong>Renato Mazzetti<\/strong> que, depois de uma longa experi\u00eancia de trabalho numa empresa l\u00edder na produ\u00e7\u00e3o de maquinarias para a ind\u00fastria do chocolate, decidiu criar a sua pr\u00f3pria empresa, sendo o <strong>primeiro no mundo do setor a utilizar um m\u00e9todo r\u00e1pido<\/strong>, eficiente e econ\u00f3mico para produzir chocolate: <strong>o refinador de bolas<\/strong>.<\/p>\t\t\t\t\t\t\t\t<\/div>\n\t\t\t\t<\/div>\n\t\t\t\t<div class=\"elementor-element elementor-element-7e3b7ea elementor-widget elementor-widget-text-editor\" data-id=\"7e3b7ea\" data-element_type=\"widget\" data-e-type=\"widget\" data-widget_type=\"text-editor.default\">\n\t\t\t\t<div class=\"elementor-widget-container\">\n\t\t\t\t\t\t\t\t\t<p>Esta tecnologia foi patenteada pela primeira vez em 1972, ano de funda\u00e7\u00e3o da empresa<\/p>\t\t\t\t\t\t\t\t<\/div>\n\t\t\t\t<\/div>\n\t\t\t\t<div class=\"elementor-element elementor-element-d2a2afc elementor-widget elementor-widget-text-editor\" data-id=\"d2a2afc\" data-element_type=\"widget\" data-e-type=\"widget\" data-widget_type=\"text-editor.default\">\n\t\t\t\t<div class=\"elementor-widget-container\">\n\t\t\t\t\t\t\t\t\t<p>Desde este primeiro passo <strong>revolucion\u00e1rio<\/strong>, a Mazzetti Renato Srl cresceu passando da produ\u00e7\u00e3o de m\u00e1quinas individuais para a de <strong>linhas completas de produ\u00e7\u00e3o<\/strong>. Entre os nossos produtos, incluem-se: instala\u00e7\u00f5es para a produ\u00e7\u00e3o de cremes para barrar, barras de chocolate e bombons com a mais ampla variedade de recheios e inclus\u00f5es, centros de chocolate que podem ser usados como base para confeitos, pepitas de chocolate para produtos de pastelaria, coberturas para gelados, etc.<\/p><p>A empresa est\u00e1 situada perto de <strong>Mil\u00e3o<\/strong> e disp\u00f5e de pessoal altamente especializado e uma filosofia orientada para a satisfa\u00e7\u00e3o do cliente.<br \/><strong>Em quase 50 anos de atividade<\/strong>, s\u00e3o muitos os clientes de todo o mundo que beneficiaram da utiliza\u00e7\u00e3o das nossas maquinarias e assist\u00eancia, desde famosas multinacionais a empresas de pequena e m\u00e9dia dimens\u00e3o. Cada um deles teve, e ter\u00e1, o nosso total apoio dentro do lucrativo e doce mundo do chocolate.<\/p>\t\t\t\t\t\t\t\t<\/div>\n\t\t\t\t<\/div>\n\t\t\t\t<section class=\"elementor-section elementor-inner-section elementor-element elementor-element-e62f911 elementor-section-boxed elementor-section-height-default elementor-section-height-default\" data-id=\"e62f911\" data-element_type=\"section\" data-e-type=\"section\">\n\t\t\t\t\t\t<div class=\"elementor-container elementor-column-gap-default\">\n\t\t\t\t\t<div class=\"elementor-column elementor-col-50 elementor-inner-column elementor-element elementor-element-f52457e\" data-id=\"f52457e\" data-element_type=\"column\" data-e-type=\"column\" data-settings=\"{&quot;background_background&quot;:&quot;classic&quot;}\">\n\t\t\t<div class=\"elementor-widget-wrap elementor-element-populated\">\n\t\t\t\t\t\t<div class=\"elementor-element elementor-element-9c8bc76 elementor-widget elementor-widget-heading\" data-id=\"9c8bc76\" data-element_type=\"widget\" data-e-type=\"widget\" data-widget_type=\"heading.default\">\n\t\t\t\t<div class=\"elementor-widget-container\">\n\t\t\t\t\t<h2 class=\"elementor-heading-title elementor-size-default\">Componentes de alta qualidade\nA estrutura de a\u00e7o inoxid\u00e1vel, a liga de alum\u00ednio para uso alimentar e os componentes pl\u00e1sticos tamb\u00e9m para uso alimentar garantem a m\u00e1xima tranquilidade em mat\u00e9ria de higiene e seguran\u00e7a alimentar.<\/h2>\t\t\t\t<\/div>\n\t\t\t\t<\/div>\n\t\t\t\t\t<\/div>\n\t\t<\/div>\n\t\t\t\t<div class=\"elementor-column elementor-col-50 elementor-inner-column elementor-element elementor-element-af639aa\" data-id=\"af639aa\" data-element_type=\"column\" data-e-type=\"column\">\n\t\t\t<div class=\"elementor-widget-wrap elementor-element-populated\">\n\t\t\t\t\t\t<div class=\"elementor-element elementor-element-dbd3d31 elementor-widget elementor-widget-text-editor\" data-id=\"dbd3d31\" data-element_type=\"widget\" data-e-type=\"widget\" data-widget_type=\"text-editor.default\">\n\t\t\t\t<div class=\"elementor-widget-container\">\n\t\t\t\t\t\t\t\t\t<p>Os fornecedores prim\u00e1rios de componentes eletr\u00f3nicos, mec\u00e2nicos e pneum\u00e1ticos s\u00e3o a garantia de uma linha de qualidade constru\u00edda para durar. O desenvolvimento do software interno com m\u00faltiplas op\u00e7\u00f5es, a atualiza\u00e7\u00e3o e a assist\u00eancia remota s\u00e3o um pilar valioso da nossa assist\u00eancia e servi\u00e7o.<\/p>\t\t\t\t\t\t\t\t<\/div>\n\t\t\t\t<\/div>\n\t\t\t\t\t<\/div>\n\t\t<\/div>\n\t\t\t\t\t<\/div>\n\t\t<\/section>\n\t\t\t\t\t<\/div>\n\t\t<\/div>\n\t\t\t\t<div class=\"elementor-column elementor-col-50 elementor-top-column elementor-element elementor-element-7bbf25b\" data-id=\"7bbf25b\" data-element_type=\"column\" data-e-type=\"column\">\n\t\t\t<div class=\"elementor-widget-wrap elementor-element-populated\">\n\t\t\t\t\t\t<div class=\"elementor-element elementor-element-262aba3 elementor-hidden-phone elementor-widget elementor-widget-heading\" data-id=\"262aba3\" data-element_type=\"widget\" data-e-type=\"widget\" data-widget_type=\"heading.default\">\n\t\t\t\t<div class=\"elementor-widget-container\">\n\t\t\t\t\t<h2 class=\"elementor-heading-title elementor-size-default\">MAZZETTI RENATO<\/h2>\t\t\t\t<\/div>\n\t\t\t\t<\/div>\n\t\t\t\t<div class=\"elementor-element elementor-element-0eee245 elementor-nav-menu__align-start elementor-nav-menu--dropdown-none elementor-hidden-mobile elementor-widget elementor-widget-nav-menu\" data-id=\"0eee245\" data-element_type=\"widget\" data-e-type=\"widget\" data-settings=\"{&quot;layout&quot;:&quot;vertical&quot;,&quot;submenu_icon&quot;:{&quot;value&quot;:&quot;&lt;i class=\\&quot;fas e-plus-icon\\&quot; aria-hidden=\\&quot;true\\&quot;&gt;&lt;\\\/i&gt;&quot;,&quot;library&quot;:&quot;&quot;}}\" data-widget_type=\"nav-menu.default\">\n\t\t\t\t<div class=\"elementor-widget-container\">\n\t\t\t\t\t\t\t\t<nav aria-label=\"Menu\" class=\"elementor-nav-menu--main elementor-nav-menu__container elementor-nav-menu--layout-vertical e--pointer-none\">\n\t\t\t\t<ul id=\"menu-1-0eee245\" class=\"elementor-nav-menu sm-vertical\"><li class=\"menu-item menu-item-type-post_type menu-item-object-page menu-item-2256\"><a href=\"https:\/\/mazzettirenato.it\/pt-pt\/agentes\/\" class=\"elementor-item\">Agentes<\/a><\/li>\n<li class=\"menu-item menu-item-type-post_type menu-item-object-page menu-item-2259\"><a href=\"https:\/\/mazzettirenato.it\/pt-pt\/mazzetti-renato\/\" class=\"elementor-item\">Mazzetti Renato<\/a><\/li>\n<li class=\"menu-item menu-item-type-post_type menu-item-object-page menu-item-2257\"><a href=\"https:\/\/mazzettirenato.it\/pt-pt\/contatos\/\" class=\"elementor-item\">Contatos<\/a><\/li>\n<\/ul>\t\t\t<\/nav>\n\t\t\t\t\t\t<nav class=\"elementor-nav-menu--dropdown elementor-nav-menu__container\" aria-hidden=\"true\">\n\t\t\t\t<ul id=\"menu-2-0eee245\" class=\"elementor-nav-menu sm-vertical\"><li class=\"menu-item menu-item-type-post_type menu-item-object-page menu-item-2256\"><a href=\"https:\/\/mazzettirenato.it\/pt-pt\/agentes\/\" class=\"elementor-item\" tabindex=\"-1\">Agentes<\/a><\/li>\n<li class=\"menu-item menu-item-type-post_type menu-item-object-page menu-item-2259\"><a href=\"https:\/\/mazzettirenato.it\/pt-pt\/mazzetti-renato\/\" class=\"elementor-item\" tabindex=\"-1\">Mazzetti Renato<\/a><\/li>\n<li class=\"menu-item menu-item-type-post_type menu-item-object-page menu-item-2257\"><a href=\"https:\/\/mazzettirenato.it\/pt-pt\/contatos\/\" class=\"elementor-item\" tabindex=\"-1\">Contatos<\/a><\/li>\n<\/ul>\t\t\t<\/nav>\n\t\t\t\t\t\t<\/div>\n\t\t\t\t<\/div>\n\t\t\t\t<div class=\"elementor-element elementor-element-06d0bd1 elementor-widget elementor-widget-text-editor\" data-id=\"06d0bd1\" data-element_type=\"widget\" data-e-type=\"widget\" data-widget_type=\"text-editor.default\">\n\t\t\t\t<div class=\"elementor-widget-container\">\n\t\t\t\t\t\t\t\t\t<p>A nossa empresa possui uma experi\u00eancia incompar\u00e1vel na assist\u00eancia aos clientes, tornando poss\u00edvel satisfazer as suas exig\u00eancias, desenvolvendo ideias ou trabalhos propostos em conjunto com o objetivo \u00fanico de oferecer a melhor solu\u00e7\u00e3o poss\u00edvel. Tabletes de chocolate e\/ou bombons com as mais variadas inclus\u00f5es: biscoitos e wafers, avel\u00e3s inteiras ou trituradas, cerejas ou outros frutos, produtos alco\u00f3licos, fondant e diferentes tipos de cremes. As nossas WA-FA s\u00e3o facilmente utilizadas pelos nossos clientes para produzir cremes para barrar, bem como recheios e produtos de pastelaria, ou coberturas para a ind\u00fastria dos gelados.<\/p>\t\t\t\t\t\t\t\t<\/div>\n\t\t\t\t<\/div>\n\t\t\t\t<section class=\"elementor-section elementor-inner-section elementor-element elementor-element-a7cd84f elementor-section-boxed elementor-section-height-default elementor-section-height-default\" data-id=\"a7cd84f\" data-element_type=\"section\" data-e-type=\"section\">\n\t\t\t\t\t\t<div class=\"elementor-container elementor-column-gap-default\">\n\t\t\t\t\t<div class=\"elementor-column elementor-col-100 elementor-inner-column elementor-element elementor-element-7390169\" data-id=\"7390169\" data-element_type=\"column\" data-e-type=\"column\">\n\t\t\t<div class=\"elementor-widget-wrap elementor-element-populated\">\n\t\t\t\t\t\t<div class=\"elementor-element elementor-element-4b71854 elementor-widget elementor-widget-accordion\" data-id=\"4b71854\" data-element_type=\"widget\" data-e-type=\"widget\" data-widget_type=\"accordion.default\">\n\t\t\t\t<div class=\"elementor-widget-container\">\n\t\t\t\t\t\t\t<div class=\"elementor-accordion\">\n\t\t\t\t\t\t\t<div class=\"elementor-accordion-item\">\n\t\t\t\t\t<div id=\"elementor-tab-title-7911\" class=\"elementor-tab-title\" data-tab=\"1\" role=\"button\" aria-controls=\"elementor-tab-content-7911\" aria-expanded=\"false\">\n\t\t\t\t\t\t\t\t\t\t\t\t\t<span class=\"elementor-accordion-icon elementor-accordion-icon-right\" aria-hidden=\"true\">\n\t\t\t\t\t\t\t\t\t\t\t\t\t\t\t<span class=\"elementor-accordion-icon-closed\"><i class=\"fas fa-plus\"><\/i><\/span>\n\t\t\t\t\t\t\t\t<span class=\"elementor-accordion-icon-opened\"><i class=\"fas fa-minus\"><\/i><\/span>\n\t\t\t\t\t\t\t\t\t\t\t\t\t\t<\/span>\n\t\t\t\t\t\t\t\t\t\t\t\t<a class=\"elementor-accordion-title\" tabindex=\"0\">Design<\/a>\n\t\t\t\t\t<\/div>\n\t\t\t\t\t<div id=\"elementor-tab-content-7911\" class=\"elementor-tab-content elementor-clearfix\" data-tab=\"1\" role=\"region\" aria-labelledby=\"elementor-tab-title-7911\"><p>O nosso conhecimento t\u00e9cnico e tecnol\u00f3gico permite-nos oferecer as melhores solu\u00e7\u00f5es a pre\u00e7os vantajosos, tanto para a produ\u00e7\u00e3o de novas instala\u00e7\u00f5es como para o desenvolvimento de antigas linhas ou instala\u00e7\u00f5es de produ\u00e7\u00e3o.<\/p><p>Uma equipa de t\u00e9cnicos especializados, dotada dos mais modernos sistemas 3D CAD CAM, colabora com a nossa equipa Tecnol\u00f3gica para oferecer a melhor solu\u00e7\u00e3o econ\u00f3mica.<\/p><\/div>\n\t\t\t\t<\/div>\n\t\t\t\t\t\t\t<div class=\"elementor-accordion-item\">\n\t\t\t\t\t<div id=\"elementor-tab-title-7912\" class=\"elementor-tab-title\" data-tab=\"2\" role=\"button\" aria-controls=\"elementor-tab-content-7912\" aria-expanded=\"false\">\n\t\t\t\t\t\t\t\t\t\t\t\t\t<span class=\"elementor-accordion-icon elementor-accordion-icon-right\" aria-hidden=\"true\">\n\t\t\t\t\t\t\t\t\t\t\t\t\t\t\t<span class=\"elementor-accordion-icon-closed\"><i class=\"fas fa-plus\"><\/i><\/span>\n\t\t\t\t\t\t\t\t<span class=\"elementor-accordion-icon-opened\"><i class=\"fas fa-minus\"><\/i><\/span>\n\t\t\t\t\t\t\t\t\t\t\t\t\t\t<\/span>\n\t\t\t\t\t\t\t\t\t\t\t\t<a class=\"elementor-accordion-title\" tabindex=\"0\">Servi\u00e7o p\u00f3s-venda<\/a>\n\t\t\t\t\t<\/div>\n\t\t\t\t\t<div id=\"elementor-tab-content-7912\" class=\"elementor-tab-content elementor-clearfix\" data-tab=\"2\" role=\"region\" aria-labelledby=\"elementor-tab-title-7912\"><p>Desde 1972, caminhamos ao lado dos nossos clientes rumo a um objetivo comum, promovendo uma colabora\u00e7\u00e3o que permita o crescimento e enriquecimento m\u00fatuo da experi\u00eancia e das compet\u00eancias profissionais.<\/p><p>Engenheiros mec\u00e2nicos e eletr\u00f3nicos altamente eficientes e especializados est\u00e3o \u00e0 disposi\u00e7\u00e3o para oferecer a melhor assist\u00eancia e forma\u00e7\u00e3o ao pessoal do cliente, assegurando a r\u00e1pida instala\u00e7\u00e3o e in\u00edcio da produ\u00e7\u00e3o e a f\u00e1cil montagem e longevidade das linhas.<\/p><\/div>\n\t\t\t\t<\/div>\n\t\t\t\t\t\t\t\t<\/div>\n\t\t\t\t\t\t<\/div>\n\t\t\t\t<\/div>\n\t\t\t\t\t<\/div>\n\t\t<\/div>\n\t\t\t\t\t<\/div>\n\t\t<\/section>\n\t\t\t\t\t<\/div>\n\t\t<\/div>\n\t\t\t\t\t<\/div>\n\t\t<\/section>\n\t\t\t\t<section class=\"elementor-section elementor-top-section elementor-element elementor-element-6aede96 elementor-section-height-min-height elementor-section-boxed elementor-section-height-default elementor-section-items-middle\" data-id=\"6aede96\" data-element_type=\"section\" data-e-type=\"section\" data-settings=\"{&quot;background_background&quot;:&quot;classic&quot;}\">\n\t\t\t\t\t\t<div class=\"elementor-container elementor-column-gap-default\">\n\t\t\t\t\t<div class=\"elementor-column elementor-col-100 elementor-top-column elementor-element elementor-element-14e2a80\" data-id=\"14e2a80\" data-element_type=\"column\" data-e-type=\"column\">\n\t\t\t<div class=\"elementor-widget-wrap elementor-element-populated\">\n\t\t\t\t\t\t<div class=\"elementor-element elementor-element-676374b elementor-widget elementor-widget-heading\" data-id=\"676374b\" data-element_type=\"widget\" data-e-type=\"widget\" data-widget_type=\"heading.default\">\n\t\t\t\t<div class=\"elementor-widget-container\">\n\t\t\t\t\t<h2 class=\"elementor-heading-title elementor-size-default\">Mazzetti Renato, todas as formas do chocolate<\/h2>\t\t\t\t<\/div>\n\t\t\t\t<\/div>\n\t\t\t\t<div class=\"elementor-element elementor-element-5ceeda3 elementor-align-center elementor-widget elementor-widget-button\" data-id=\"5ceeda3\" data-element_type=\"widget\" data-e-type=\"widget\" data-widget_type=\"button.default\">\n\t\t\t\t<div class=\"elementor-widget-container\">\n\t\t\t\t\t\t\t\t\t<div class=\"elementor-button-wrapper\">\n\t\t\t\t\t<a class=\"elementor-button elementor-button-link elementor-size-sm\" href=\"https:\/\/mazzettirenato.it\/prodotti\/\">\n\t\t\t\t\t\t<span class=\"elementor-button-content-wrapper\">\n\t\t\t\t\t\t\t\t\t<span class=\"elementor-button-text\">Veja nossos produtos<\/span>\n\t\t\t\t\t<\/span>\n\t\t\t\t\t<\/a>\n\t\t\t\t<\/div>\n\t\t\t\t\t\t\t\t<\/div>\n\t\t\t\t<\/div>\n\t\t\t\t\t<\/div>\n\t\t<\/div>\n\t\t\t\t\t<\/div>\n\t\t<\/section>\n\t\t\t\t<\/div>\n\t\t","protected":false},"excerpt":{"rendered":"<p>Mazzetti Renato O primeiro a patentear o moinho de bolas para refina\u00e7\u00e3o e conchagem de chocolate. A hist\u00f3ria da empresa nasceu com a ideia revolucion\u00e1ria do nosso fundador Renato Mazzetti que, depois de uma longa experi\u00eancia de trabalho numa empresa l\u00edder na produ\u00e7\u00e3o de maquinarias para a ind\u00fastria do chocolate, decidiu criar a sua pr\u00f3pria &#8230; <a title=\"Mazzetti Renato\" class=\"read-more\" href=\"https:\/\/mazzettirenato.it\/pt-pt\/mazzetti-renato\/\" aria-label=\"Leia mais sobre Mazzetti Renato\">Ler mais<\/a><\/p>\n","protected":false},"author":6,"featured_media":0,"parent":0,"menu_order":0,"comment_status":"closed","ping_status":"closed","template":"elementor_header_footer","meta":{"footnotes":""},"class_list":["post-2187","page","type-page","status-publish"],"yoast_head":"<!-- This site is optimized with the Yoast SEO plugin v27.4 - https:\/\/yoast.com\/product\/yoast-seo-wordpress\/ -->\n<title>Mazzetti Renato - Mazzetti Renato<\/title>\n<meta name=\"robots\" content=\"index, follow, max-snippet:-1, max-image-preview:large, max-video-preview:-1\" \/>\n<link rel=\"canonical\" href=\"https:\/\/mazzettirenato.it\/mazzetti-renato\/\" \/>\n<meta property=\"og:locale\" content=\"pt_PT\" \/>\n<meta property=\"og:type\" content=\"article\" \/>\n<meta property=\"og:title\" content=\"Mazzetti Renato - Mazzetti Renato\" \/>\n<meta property=\"og:description\" content=\"Mazzetti Renato O primeiro a patentear o moinho de bolas para refina\u00e7\u00e3o e conchagem de chocolate. A hist\u00f3ria da empresa nasceu com a ideia revolucion\u00e1ria do nosso fundador Renato Mazzetti que, depois de uma longa experi\u00eancia de trabalho numa empresa l\u00edder na produ\u00e7\u00e3o de maquinarias para a ind\u00fastria do chocolate, decidiu criar a sua pr\u00f3pria ... Ler mais\" \/>\n<meta property=\"og:url\" content=\"https:\/\/mazzettirenato.it\/mazzetti-renato\/\" \/>\n<meta property=\"og:site_name\" content=\"Mazzetti Renato\" \/>\n<meta property=\"article:modified_time\" content=\"2023-10-10T10:58:17+00:00\" \/>\n<meta name=\"twitter:card\" content=\"summary_large_image\" \/>\n<meta name=\"twitter:label1\" content=\"Tempo estimado de leitura\" \/>\n\t<meta name=\"twitter:data1\" content=\"4 minutos\" \/>\n<script type=\"application\/ld+json\" class=\"yoast-schema-graph\">{\"@context\":\"https:\\\/\\\/schema.org\",\"@graph\":[{\"@type\":\"WebPage\",\"@id\":\"https:\\\/\\\/mazzettirenato.it\\\/mazzetti-renato\\\/\",\"url\":\"https:\\\/\\\/mazzettirenato.it\\\/mazzetti-renato\\\/\",\"name\":\"Mazzetti Renato - Mazzetti Renato\",\"isPartOf\":{\"@id\":\"https:\\\/\\\/mazzettirenato.it\\\/#website\"},\"datePublished\":\"2020-02-19T09:39:41+00:00\",\"dateModified\":\"2023-10-10T10:58:17+00:00\",\"breadcrumb\":{\"@id\":\"https:\\\/\\\/mazzettirenato.it\\\/mazzetti-renato\\\/#breadcrumb\"},\"inLanguage\":\"pt-PT\",\"potentialAction\":[{\"@type\":\"ReadAction\",\"target\":[\"https:\\\/\\\/mazzettirenato.it\\\/mazzetti-renato\\\/\"]}]},{\"@type\":\"BreadcrumbList\",\"@id\":\"https:\\\/\\\/mazzettirenato.it\\\/mazzetti-renato\\\/#breadcrumb\",\"itemListElement\":[{\"@type\":\"ListItem\",\"position\":1,\"name\":\"Mazzetti Renato\",\"item\":\"https:\\\/\\\/mazzettirenato.it\\\/\"},{\"@type\":\"ListItem\",\"position\":2,\"name\":\"Mazzetti Renato\"}]},{\"@type\":\"WebSite\",\"@id\":\"https:\\\/\\\/mazzettirenato.it\\\/#website\",\"url\":\"https:\\\/\\\/mazzettirenato.it\\\/\",\"name\":\"Mazzetti Renato\",\"description\":\"Mazzetti Renato\",\"potentialAction\":[{\"@type\":\"SearchAction\",\"target\":{\"@type\":\"EntryPoint\",\"urlTemplate\":\"https:\\\/\\\/mazzettirenato.it\\\/?s={search_term_string}\"},\"query-input\":{\"@type\":\"PropertyValueSpecification\",\"valueRequired\":true,\"valueName\":\"search_term_string\"}}],\"inLanguage\":\"pt-PT\"}]}<\/script>\n<!-- \/ Yoast SEO plugin. -->","yoast_head_json":{"title":"Mazzetti Renato - Mazzetti Renato","robots":{"index":"index","follow":"follow","max-snippet":"max-snippet:-1","max-image-preview":"max-image-preview:large","max-video-preview":"max-video-preview:-1"},"canonical":"https:\/\/mazzettirenato.it\/mazzetti-renato\/","og_locale":"pt_PT","og_type":"article","og_title":"Mazzetti Renato - Mazzetti Renato","og_description":"Mazzetti Renato O primeiro a patentear o moinho de bolas para refina\u00e7\u00e3o e conchagem de chocolate. A hist\u00f3ria da empresa nasceu com a ideia revolucion\u00e1ria do nosso fundador Renato Mazzetti que, depois de uma longa experi\u00eancia de trabalho numa empresa l\u00edder na produ\u00e7\u00e3o de maquinarias para a ind\u00fastria do chocolate, decidiu criar a sua pr\u00f3pria ... Ler mais","og_url":"https:\/\/mazzettirenato.it\/mazzetti-renato\/","og_site_name":"Mazzetti Renato","article_modified_time":"2023-10-10T10:58:17+00:00","twitter_card":"summary_large_image","twitter_misc":{"Tempo estimado de leitura":"4 minutos"},"schema":{"@context":"https:\/\/schema.org","@graph":[{"@type":"WebPage","@id":"https:\/\/mazzettirenato.it\/mazzetti-renato\/","url":"https:\/\/mazzettirenato.it\/mazzetti-renato\/","name":"Mazzetti Renato - Mazzetti Renato","isPartOf":{"@id":"https:\/\/mazzettirenato.it\/#website"},"datePublished":"2020-02-19T09:39:41+00:00","dateModified":"2023-10-10T10:58:17+00:00","breadcrumb":{"@id":"https:\/\/mazzettirenato.it\/mazzetti-renato\/#breadcrumb"},"inLanguage":"pt-PT","potentialAction":[{"@type":"ReadAction","target":["https:\/\/mazzettirenato.it\/mazzetti-renato\/"]}]},{"@type":"BreadcrumbList","@id":"https:\/\/mazzettirenato.it\/mazzetti-renato\/#breadcrumb","itemListElement":[{"@type":"ListItem","position":1,"name":"Mazzetti Renato","item":"https:\/\/mazzettirenato.it\/"},{"@type":"ListItem","position":2,"name":"Mazzetti Renato"}]},{"@type":"WebSite","@id":"https:\/\/mazzettirenato.it\/#website","url":"https:\/\/mazzettirenato.it\/","name":"Mazzetti Renato","description":"Mazzetti Renato","potentialAction":[{"@type":"SearchAction","target":{"@type":"EntryPoint","urlTemplate":"https:\/\/mazzettirenato.it\/?s={search_term_string}"},"query-input":{"@type":"PropertyValueSpecification","valueRequired":true,"valueName":"search_term_string"}}],"inLanguage":"pt-PT"}]}},"_links":{"self":[{"href":"https:\/\/mazzettirenato.it\/pt-pt\/wp-json\/wp\/v2\/pages\/2187","targetHints":{"allow":["GET"]}}],"collection":[{"href":"https:\/\/mazzettirenato.it\/pt-pt\/wp-json\/wp\/v2\/pages"}],"about":[{"href":"https:\/\/mazzettirenato.it\/pt-pt\/wp-json\/wp\/v2\/types\/page"}],"author":[{"embeddable":true,"href":"https:\/\/mazzettirenato.it\/pt-pt\/wp-json\/wp\/v2\/users\/6"}],"replies":[{"embeddable":true,"href":"https:\/\/mazzettirenato.it\/pt-pt\/wp-json\/wp\/v2\/comments?post=2187"}],"version-history":[{"count":16,"href":"https:\/\/mazzettirenato.it\/pt-pt\/wp-json\/wp\/v2\/pages\/2187\/revisions"}],"predecessor-version":[{"id":5515,"href":"https:\/\/mazzettirenato.it\/pt-pt\/wp-json\/wp\/v2\/pages\/2187\/revisions\/5515"}],"wp:attachment":[{"href":"https:\/\/mazzettirenato.it\/pt-pt\/wp-json\/wp\/v2\/media?parent=2187"}],"curies":[{"name":"wp","href":"https:\/\/api.w.org\/{rel}","templated":true}]}}