{"id":1419,"date":"2020-02-26T12:20:33","date_gmt":"2020-02-26T12:20:33","guid":{"rendered":"https:\/\/mazzettirenato.it\/prodotti\/ricopritrici_rco\/"},"modified":"2021-08-06T08:01:08","modified_gmt":"2021-08-06T08:01:08","slug":"enrobeuses_rco","status":"publish","type":"page","link":"https:\/\/mazzettirenato.it\/fr\/produits\/enrobeuses_rco\/","title":{"rendered":"Enrobeuses RCO"},"content":{"rendered":"\t\t<div data-elementor-type=\"wp-page\" data-elementor-id=\"1419\" class=\"elementor elementor-1419\" data-elementor-post-type=\"page\">\n\t\t\t\t\t\t<section class=\"elementor-section elementor-top-section elementor-element elementor-element-625f159 elementor-section-full_width elementor-section-stretched elementor-section-height-min-height elementor-section-items-bottom elementor-section-height-default\" data-id=\"625f159\" data-element_type=\"section\" data-e-type=\"section\" data-settings=\"{&quot;stretch_section&quot;:&quot;section-stretched&quot;,&quot;background_background&quot;:&quot;classic&quot;}\">\n\t\t\t\t\t\t\t<div class=\"elementor-background-overlay\"><\/div>\n\t\t\t\t\t\t\t<div class=\"elementor-container elementor-column-gap-no\">\n\t\t\t\t\t<div class=\"elementor-column elementor-col-100 elementor-top-column elementor-element elementor-element-171a1fc\" data-id=\"171a1fc\" data-element_type=\"column\" data-e-type=\"column\">\n\t\t\t<div class=\"elementor-widget-wrap\">\n\t\t\t\t\t\t\t<\/div>\n\t\t<\/div>\n\t\t\t\t\t<\/div>\n\t\t<\/section>\n\t\t\t\t<section class=\"elementor-section elementor-top-section elementor-element elementor-element-b86d134 elementor-section-boxed elementor-section-height-default elementor-section-height-default\" data-id=\"b86d134\" data-element_type=\"section\" data-e-type=\"section\" data-settings=\"{&quot;background_background&quot;:&quot;classic&quot;}\">\n\t\t\t\t\t\t<div class=\"elementor-container elementor-column-gap-default\">\n\t\t\t\t\t<div class=\"elementor-column elementor-col-100 elementor-top-column elementor-element elementor-element-827ce20\" data-id=\"827ce20\" data-element_type=\"column\" data-e-type=\"column\">\n\t\t\t<div class=\"elementor-widget-wrap elementor-element-populated\">\n\t\t\t\t\t\t<div class=\"elementor-element elementor-element-1887369 elementor-widget elementor-widget-breadcrumbs\" data-id=\"1887369\" data-element_type=\"widget\" data-e-type=\"widget\" data-widget_type=\"breadcrumbs.default\">\n\t\t\t\t<div class=\"elementor-widget-container\">\n\t\t\t\t\t<p id=\"breadcrumbs\"><span><span><a href=\"https:\/\/mazzettirenato.it\/\">Mazzetti Renato<\/a><\/span><\/span><\/p>\t\t\t\t<\/div>\n\t\t\t\t<\/div>\n\t\t\t\t<div class=\"elementor-element elementor-element-2609fa3 elementor-widget elementor-widget-heading\" data-id=\"2609fa3\" data-element_type=\"widget\" data-e-type=\"widget\" data-widget_type=\"heading.default\">\n\t\t\t\t<div class=\"elementor-widget-container\">\n\t\t\t\t\t<h2 class=\"elementor-heading-title elementor-size-default\">ENROBEUSES RCO<\/h2>\t\t\t\t<\/div>\n\t\t\t\t<\/div>\n\t\t\t\t\t<\/div>\n\t\t<\/div>\n\t\t\t\t\t<\/div>\n\t\t<\/section>\n\t\t\t\t<section class=\"elementor-section elementor-top-section elementor-element elementor-element-4847f7b elementor-section-boxed elementor-section-height-default elementor-section-height-default\" data-id=\"4847f7b\" data-element_type=\"section\" data-e-type=\"section\" data-settings=\"{&quot;background_background&quot;:&quot;classic&quot;}\">\n\t\t\t\t\t\t<div class=\"elementor-container elementor-column-gap-default\">\n\t\t\t\t\t<div class=\"elementor-column elementor-col-50 elementor-top-column elementor-element elementor-element-7259ac8\" data-id=\"7259ac8\" data-element_type=\"column\" data-e-type=\"column\">\n\t\t\t<div class=\"elementor-widget-wrap elementor-element-populated\">\n\t\t\t\t\t\t<section class=\"elementor-section elementor-inner-section elementor-element elementor-element-537d730 elementor-section-boxed elementor-section-height-default elementor-section-height-default\" data-id=\"537d730\" data-element_type=\"section\" data-e-type=\"section\">\n\t\t\t\t\t\t<div class=\"elementor-container elementor-column-gap-default\">\n\t\t\t\t\t<div class=\"elementor-column elementor-col-50 elementor-inner-column elementor-element elementor-element-1290a44\" data-id=\"1290a44\" data-element_type=\"column\" data-e-type=\"column\" data-settings=\"{&quot;background_background&quot;:&quot;classic&quot;}\">\n\t\t\t<div class=\"elementor-widget-wrap elementor-element-populated\">\n\t\t\t\t\t\t<div class=\"elementor-element elementor-element-0969703 elementor-widget elementor-widget-heading\" data-id=\"0969703\" data-element_type=\"widget\" data-e-type=\"widget\" data-widget_type=\"heading.default\">\n\t\t\t\t<div class=\"elementor-widget-container\">\n\t\t\t\t\t<h2 class=\"elementor-heading-title elementor-size-default\">Nos enrobeuses sont con\u00e7ues pour l\u2019ex\u00e9cution de diff\u00e9rents types de produits:<\/h2>\t\t\t\t<\/div>\n\t\t\t\t<\/div>\n\t\t\t\t\t<\/div>\n\t\t<\/div>\n\t\t\t\t<div class=\"elementor-column elementor-col-50 elementor-inner-column elementor-element elementor-element-e0cfae3\" data-id=\"e0cfae3\" data-element_type=\"column\" data-e-type=\"column\">\n\t\t\t<div class=\"elementor-widget-wrap elementor-element-populated\">\n\t\t\t\t\t\t<div class=\"elementor-element elementor-element-7a04754 elementor-widget elementor-widget-text-editor\" data-id=\"7a04754\" data-element_type=\"widget\" data-e-type=\"widget\" data-widget_type=\"text-editor.default\">\n\t\t\t\t<div class=\"elementor-widget-container\">\n\t\t\t\t\t\t\t\t\t<p>petits g\u00e2teaux, biscuits, gaufrettes et barres de c\u00e9r\u00e9ales. Les produits peuvent \u00eatre enti\u00e8rement enrob\u00e9s de chocolat ou seulement sur la partie inf\u00e9rieure. Les d\u00e9corations sont disponibles \u00e9galement dans d\u2019autres couleurs et les machines peuvent \u00eatre r\u00e9gl\u00e9es pour fonctionner avec du chocolat pur ou avec des m\u00e9langes.<\/p>\t\t\t\t\t\t\t\t<\/div>\n\t\t\t\t<\/div>\n\t\t\t\t\t<\/div>\n\t\t<\/div>\n\t\t\t\t\t<\/div>\n\t\t<\/section>\n\t\t\t\t<div class=\"elementor-element elementor-element-5f0a1a1 elementor-widget elementor-widget-text-editor\" data-id=\"5f0a1a1\" data-element_type=\"widget\" data-e-type=\"widget\" data-widget_type=\"text-editor.default\">\n\t\t\t\t<div class=\"elementor-widget-container\">\n\t\t\t\t\t\t\t\t\t<p>Sa table robuste en acier inoxydable et son design offrent des proc\u00e9dures d\u2019entretien et de nettoyage simples, et son logiciel intuitif dispose de nombreuses options et fonctions de commande.<br \/>Nos enrobeuses peuvent \u00eatre construites pour des r\u00e9seaux de 400 mm \u00e0 1300 mm.<\/p>\t\t\t\t\t\t\t\t<\/div>\n\t\t\t\t<\/div>\n\t\t\t\t\t<\/div>\n\t\t<\/div>\n\t\t\t\t<div class=\"elementor-column elementor-col-50 elementor-top-column elementor-element elementor-element-beb29fc\" data-id=\"beb29fc\" data-element_type=\"column\" data-e-type=\"column\">\n\t\t\t<div class=\"elementor-widget-wrap elementor-element-populated\">\n\t\t\t\t\t\t<div class=\"elementor-element elementor-element-e9a2873 elementor-hidden-phone elementor-widget elementor-widget-heading\" data-id=\"e9a2873\" data-element_type=\"widget\" data-e-type=\"widget\" data-widget_type=\"heading.default\">\n\t\t\t\t<div class=\"elementor-widget-container\">\n\t\t\t\t\t<h2 class=\"elementor-heading-title elementor-size-default\">PRODUITS<\/h2>\t\t\t\t<\/div>\n\t\t\t\t<\/div>\n\t\t\t\t<div class=\"elementor-element elementor-element-b28d5dc elementor-nav-menu__align-start elementor-nav-menu--dropdown-none elementor-hidden-phone elementor-widget elementor-widget-nav-menu\" data-id=\"b28d5dc\" data-element_type=\"widget\" data-e-type=\"widget\" data-settings=\"{&quot;layout&quot;:&quot;vertical&quot;,&quot;submenu_icon&quot;:{&quot;value&quot;:&quot;&lt;i class=\\&quot;fas e-plus-icon\\&quot; aria-hidden=\\&quot;true\\&quot;&gt;&lt;\\\/i&gt;&quot;,&quot;library&quot;:&quot;&quot;}}\" data-widget_type=\"nav-menu.default\">\n\t\t\t\t<div class=\"elementor-widget-container\">\n\t\t\t\t\t\t\t\t<nav aria-label=\"Menu\" class=\"elementor-nav-menu--main elementor-nav-menu__container elementor-nav-menu--layout-vertical e--pointer-none\">\n\t\t\t\t<ul id=\"menu-1-b28d5dc\" class=\"elementor-nav-menu sm-vertical\"><li class=\"menu-item menu-item-type-post_type menu-item-object-page menu-item-4296\"><a href=\"https:\/\/mazzettirenato.it\/fr\/produits\/lignes_de_moulage\/\" class=\"elementor-item\">Lignes de Moulage<\/a><\/li>\n<li class=\"menu-item menu-item-type-post_type menu-item-object-page menu-item-1450\"><a href=\"https:\/\/mazzettirenato.it\/fr\/produits\/raffineuses-wa-fa\/\" class=\"elementor-item\">Raffineuses WA-FA<\/a><\/li>\n<li class=\"menu-item menu-item-type-post_type menu-item-object-page menu-item-1446\"><a href=\"https:\/\/mazzettirenato.it\/fr\/produits\/pepites_de_chocolat_gc\/\" class=\"elementor-item\">P\u00e9pites de Chocolat<\/a><\/li>\n<li class=\"menu-item menu-item-type-post_type menu-item-object-page menu-item-1445\"><a href=\"https:\/\/mazzettirenato.it\/fr\/produits\/fourrages_de_chocolat_ma\/\" class=\"elementor-item\">Fourrages de Chocolat<\/a><\/li>\n<li class=\"menu-item menu-item-type-post_type menu-item-object-page menu-item-1452\"><a href=\"https:\/\/mazzettirenato.it\/fr\/produits\/tempereuses_tao\/\" class=\"elementor-item\">Temp\u00e9reuses TAO<\/a><\/li>\n<li class=\"menu-item menu-item-type-post_type menu-item-object-page menu-item-1449\"><a href=\"https:\/\/mazzettirenato.it\/fr\/produits\/pick_and_place\/\" class=\"elementor-item\">Pick&#038;Place<\/a><\/li>\n<li class=\"menu-item menu-item-type-post_type menu-item-object-page menu-item-1448\"><a href=\"https:\/\/mazzettirenato.it\/fr\/produits\/equipements_auxiliaires\/\" class=\"elementor-item\">\u00c9quipements Auxiliaires<\/a><\/li>\n<\/ul>\t\t\t<\/nav>\n\t\t\t\t\t\t<nav class=\"elementor-nav-menu--dropdown elementor-nav-menu__container\" aria-hidden=\"true\">\n\t\t\t\t<ul id=\"menu-2-b28d5dc\" class=\"elementor-nav-menu sm-vertical\"><li class=\"menu-item menu-item-type-post_type menu-item-object-page menu-item-4296\"><a href=\"https:\/\/mazzettirenato.it\/fr\/produits\/lignes_de_moulage\/\" class=\"elementor-item\" tabindex=\"-1\">Lignes de Moulage<\/a><\/li>\n<li class=\"menu-item menu-item-type-post_type menu-item-object-page menu-item-1450\"><a href=\"https:\/\/mazzettirenato.it\/fr\/produits\/raffineuses-wa-fa\/\" class=\"elementor-item\" tabindex=\"-1\">Raffineuses WA-FA<\/a><\/li>\n<li class=\"menu-item menu-item-type-post_type menu-item-object-page menu-item-1446\"><a href=\"https:\/\/mazzettirenato.it\/fr\/produits\/pepites_de_chocolat_gc\/\" class=\"elementor-item\" tabindex=\"-1\">P\u00e9pites de Chocolat<\/a><\/li>\n<li class=\"menu-item menu-item-type-post_type menu-item-object-page menu-item-1445\"><a href=\"https:\/\/mazzettirenato.it\/fr\/produits\/fourrages_de_chocolat_ma\/\" class=\"elementor-item\" tabindex=\"-1\">Fourrages de Chocolat<\/a><\/li>\n<li class=\"menu-item menu-item-type-post_type menu-item-object-page menu-item-1452\"><a href=\"https:\/\/mazzettirenato.it\/fr\/produits\/tempereuses_tao\/\" class=\"elementor-item\" tabindex=\"-1\">Temp\u00e9reuses TAO<\/a><\/li>\n<li class=\"menu-item menu-item-type-post_type menu-item-object-page menu-item-1449\"><a href=\"https:\/\/mazzettirenato.it\/fr\/produits\/pick_and_place\/\" class=\"elementor-item\" tabindex=\"-1\">Pick&#038;Place<\/a><\/li>\n<li class=\"menu-item menu-item-type-post_type menu-item-object-page menu-item-1448\"><a href=\"https:\/\/mazzettirenato.it\/fr\/produits\/equipements_auxiliaires\/\" class=\"elementor-item\" tabindex=\"-1\">\u00c9quipements Auxiliaires<\/a><\/li>\n<\/ul>\t\t\t<\/nav>\n\t\t\t\t\t\t<\/div>\n\t\t\t\t<\/div>\n\t\t\t\t<div class=\"elementor-element elementor-element-def31b3 elementor-widget elementor-widget-image-carousel\" data-id=\"def31b3\" data-element_type=\"widget\" data-e-type=\"widget\" data-settings=\"{&quot;slides_to_show&quot;:&quot;1&quot;,&quot;navigation&quot;:&quot;none&quot;,&quot;autoplay_speed&quot;:3000,&quot;effect&quot;:&quot;fade&quot;,&quot;autoplay&quot;:&quot;yes&quot;,&quot;pause_on_hover&quot;:&quot;yes&quot;,&quot;pause_on_interaction&quot;:&quot;yes&quot;,&quot;infinite&quot;:&quot;yes&quot;,&quot;speed&quot;:500}\" data-widget_type=\"image-carousel.default\">\n\t\t\t\t<div class=\"elementor-widget-container\">\n\t\t\t\t\t\t\t<div class=\"elementor-image-carousel-wrapper swiper\" role=\"region\" aria-roledescription=\"carousel\" aria-label=\"Carrousel d\u2019images\" dir=\"ltr\">\n\t\t\t<div class=\"elementor-image-carousel swiper-wrapper\" aria-live=\"off\">\n\t\t\t\t\t\t\t\t<div class=\"swiper-slide\" role=\"group\" aria-roledescription=\"slide\" aria-label=\"1 sur 1\"><figure class=\"swiper-slide-inner\"><img decoding=\"async\" class=\"swiper-slide-image\" src=\"https:\/\/mazzettirenato.it\/wp-content\/uploads\/2020\/02\/mazzetti_renato_ricopritrici_img.jpg\" alt=\"mazzetti_renato_ricopritrici_img\" \/><\/figure><\/div>\t\t\t<\/div>\n\t\t\t\t\t<\/div>\n\t\t\t\t\t\t<\/div>\n\t\t\t\t<\/div>\n\t\t\t\t\t<\/div>\n\t\t<\/div>\n\t\t\t\t\t<\/div>\n\t\t<\/section>\n\t\t\t\t<section class=\"elementor-section elementor-top-section elementor-element elementor-element-889d1f5 elementor-section-height-min-height elementor-section-boxed elementor-section-height-default elementor-section-items-middle\" data-id=\"889d1f5\" data-element_type=\"section\" data-e-type=\"section\" data-settings=\"{&quot;background_background&quot;:&quot;classic&quot;}\">\n\t\t\t\t\t\t<div class=\"elementor-container elementor-column-gap-default\">\n\t\t\t\t\t<div class=\"elementor-column elementor-col-50 elementor-top-column elementor-element elementor-element-07826fb\" data-id=\"07826fb\" data-element_type=\"column\" data-e-type=\"column\">\n\t\t\t<div class=\"elementor-widget-wrap elementor-element-populated\">\n\t\t\t\t\t\t<div class=\"elementor-element elementor-element-87f7d81 elementor-widget elementor-widget-image\" data-id=\"87f7d81\" data-element_type=\"widget\" data-e-type=\"widget\" data-widget_type=\"image.default\">\n\t\t\t\t<div class=\"elementor-widget-container\">\n\t\t\t\t\t\t\t\t\t\t\t\t\t\t\t<img fetchpriority=\"high\" decoding=\"async\" width=\"420\" height=\"521\" src=\"https:\/\/mazzettirenato.it\/wp-content\/uploads\/2020\/02\/mazzetti_renato_ricopritrici_img1.png\" class=\"attachment-large size-large wp-image-1420\" alt=\"\" srcset=\"https:\/\/mazzettirenato.it\/wp-content\/uploads\/2020\/02\/mazzetti_renato_ricopritrici_img1.png 420w, https:\/\/mazzettirenato.it\/wp-content\/uploads\/2020\/02\/mazzetti_renato_ricopritrici_img1-242x300.png 242w\" sizes=\"(max-width: 420px) 100vw, 420px\" \/>\t\t\t\t\t\t\t\t\t\t\t\t\t\t\t<\/div>\n\t\t\t\t<\/div>\n\t\t\t\t\t<\/div>\n\t\t<\/div>\n\t\t\t\t<div class=\"elementor-column elementor-col-50 elementor-top-column elementor-element elementor-element-976baf5 elementor-hidden-phone\" data-id=\"976baf5\" data-element_type=\"column\" data-e-type=\"column\">\n\t\t\t<div class=\"elementor-widget-wrap\">\n\t\t\t\t\t\t\t<\/div>\n\t\t<\/div>\n\t\t\t\t\t<\/div>\n\t\t<\/section>\n\t\t\t\t<section class=\"elementor-section elementor-top-section elementor-element elementor-element-861bb40 elementor-section-height-min-height elementor-section-boxed elementor-section-height-default elementor-section-items-middle\" data-id=\"861bb40\" data-element_type=\"section\" data-e-type=\"section\" data-settings=\"{&quot;background_background&quot;:&quot;classic&quot;}\">\n\t\t\t\t\t\t<div class=\"elementor-container elementor-column-gap-default\">\n\t\t\t\t\t<div class=\"elementor-column elementor-col-100 elementor-top-column elementor-element elementor-element-d8e8938\" data-id=\"d8e8938\" data-element_type=\"column\" data-e-type=\"column\">\n\t\t\t<div class=\"elementor-widget-wrap elementor-element-populated\">\n\t\t\t\t\t\t<div class=\"elementor-element elementor-element-366e69f elementor-widget elementor-widget-heading\" data-id=\"366e69f\" data-element_type=\"widget\" data-e-type=\"widget\" data-widget_type=\"heading.default\">\n\t\t\t\t<div class=\"elementor-widget-container\">\n\t\t\t\t\t<h2 class=\"elementor-heading-title elementor-size-default\">Mazzetti Renato, Enrobeuses RCO<\/h2>\t\t\t\t<\/div>\n\t\t\t\t<\/div>\n\t\t\t\t<div class=\"elementor-element elementor-element-91e7891 elementor-align-center elementor-widget elementor-widget-button\" data-id=\"91e7891\" data-element_type=\"widget\" data-e-type=\"widget\" data-widget_type=\"button.default\">\n\t\t\t\t<div class=\"elementor-widget-container\">\n\t\t\t\t\t\t\t\t\t<div class=\"elementor-button-wrapper\">\n\t\t\t\t\t<a class=\"elementor-button elementor-button-link elementor-size-sm\" href=\"https:\/\/mazzettirenato.it\/wp-content\/uploads\/2021\/08\/RCO-FR-PT.pdf\" target=\"_blank\">\n\t\t\t\t\t\t<span class=\"elementor-button-content-wrapper\">\n\t\t\t\t\t\t\t\t\t<span class=\"elementor-button-text\">Datasheet<\/span>\n\t\t\t\t\t<\/span>\n\t\t\t\t\t<\/a>\n\t\t\t\t<\/div>\n\t\t\t\t\t\t\t\t<\/div>\n\t\t\t\t<\/div>\n\t\t\t\t\t<\/div>\n\t\t<\/div>\n\t\t\t\t\t<\/div>\n\t\t<\/section>\n\t\t\t\t<\/div>\n\t\t","protected":false},"excerpt":{"rendered":"<p>ENROBEUSES RCO Nos enrobeuses sont con\u00e7ues pour l\u2019ex\u00e9cution de diff\u00e9rents types de produits: petits g\u00e2teaux, biscuits, gaufrettes et barres de c\u00e9r\u00e9ales. Les produits peuvent \u00eatre enti\u00e8rement enrob\u00e9s de chocolat ou seulement sur la partie inf\u00e9rieure. Les d\u00e9corations sont disponibles \u00e9galement dans d\u2019autres couleurs et les machines peuvent \u00eatre r\u00e9gl\u00e9es pour fonctionner avec du chocolat pur &#8230; <a title=\"Enrobeuses RCO\" class=\"read-more\" href=\"https:\/\/mazzettirenato.it\/fr\/produits\/enrobeuses_rco\/\" aria-label=\"En savoir plus sur Enrobeuses RCO\">Lire la suite<\/a><\/p>\n","protected":false},"author":6,"featured_media":0,"parent":1400,"menu_order":0,"comment_status":"closed","ping_status":"closed","template":"elementor_header_footer","meta":{"footnotes":""},"class_list":["post-1419","page","type-page","status-publish"],"yoast_head":"<!-- This site is optimized with the Yoast SEO plugin v27.4 - https:\/\/yoast.com\/product\/yoast-seo-wordpress\/ -->\n<title>Enrobeuses RCO - Mazzetti Renato<\/title>\n<meta name=\"robots\" content=\"index, follow, max-snippet:-1, max-image-preview:large, max-video-preview:-1\" \/>\n<link rel=\"canonical\" href=\"https:\/\/mazzettirenato.it\/fr\/produits\/enrobeuses_rco\/\" \/>\n<meta property=\"og:locale\" content=\"fr_FR\" \/>\n<meta property=\"og:type\" content=\"article\" \/>\n<meta property=\"og:title\" content=\"Enrobeuses RCO - Mazzetti Renato\" \/>\n<meta property=\"og:description\" content=\"ENROBEUSES RCO Nos enrobeuses sont con\u00e7ues pour l\u2019ex\u00e9cution de diff\u00e9rents types de produits: petits g\u00e2teaux, biscuits, gaufrettes et barres de c\u00e9r\u00e9ales. Les produits peuvent \u00eatre enti\u00e8rement enrob\u00e9s de chocolat ou seulement sur la partie inf\u00e9rieure. Les d\u00e9corations sont disponibles \u00e9galement dans d\u2019autres couleurs et les machines peuvent \u00eatre r\u00e9gl\u00e9es pour fonctionner avec du chocolat pur ... Lire la suite\" \/>\n<meta property=\"og:url\" content=\"https:\/\/mazzettirenato.it\/fr\/produits\/enrobeuses_rco\/\" \/>\n<meta property=\"og:site_name\" content=\"Mazzetti Renato\" \/>\n<meta property=\"article:modified_time\" content=\"2021-08-06T08:01:08+00:00\" \/>\n<meta property=\"og:image\" content=\"https:\/\/mazzettirenato.it\/wp-content\/uploads\/2020\/02\/mazzetti_renato_ricopritrici_img.jpg\" \/>\n<meta name=\"twitter:card\" content=\"summary_large_image\" \/>\n<meta name=\"twitter:label1\" content=\"Dur\u00e9e de lecture estim\u00e9e\" \/>\n\t<meta name=\"twitter:data1\" content=\"2 minutes\" \/>\n<script type=\"application\/ld+json\" class=\"yoast-schema-graph\">{\"@context\":\"https:\\\/\\\/schema.org\",\"@graph\":[{\"@type\":\"WebPage\",\"@id\":\"https:\\\/\\\/mazzettirenato.it\\\/fr\\\/produits\\\/enrobeuses_rco\\\/\",\"url\":\"https:\\\/\\\/mazzettirenato.it\\\/fr\\\/produits\\\/enrobeuses_rco\\\/\",\"name\":\"Enrobeuses RCO - Mazzetti Renato\",\"isPartOf\":{\"@id\":\"https:\\\/\\\/mazzettirenato.it\\\/#website\"},\"primaryImageOfPage\":{\"@id\":\"https:\\\/\\\/mazzettirenato.it\\\/fr\\\/produits\\\/enrobeuses_rco\\\/#primaryimage\"},\"image\":{\"@id\":\"https:\\\/\\\/mazzettirenato.it\\\/fr\\\/produits\\\/enrobeuses_rco\\\/#primaryimage\"},\"thumbnailUrl\":\"https:\\\/\\\/mazzettirenato.it\\\/wp-content\\\/uploads\\\/2020\\\/02\\\/mazzetti_renato_ricopritrici_img.jpg\",\"datePublished\":\"2020-02-26T12:20:33+00:00\",\"dateModified\":\"2021-08-06T08:01:08+00:00\",\"breadcrumb\":{\"@id\":\"https:\\\/\\\/mazzettirenato.it\\\/fr\\\/produits\\\/enrobeuses_rco\\\/#breadcrumb\"},\"inLanguage\":\"fr-FR\",\"potentialAction\":[{\"@type\":\"ReadAction\",\"target\":[\"https:\\\/\\\/mazzettirenato.it\\\/fr\\\/produits\\\/enrobeuses_rco\\\/\"]}]},{\"@type\":\"ImageObject\",\"inLanguage\":\"fr-FR\",\"@id\":\"https:\\\/\\\/mazzettirenato.it\\\/fr\\\/produits\\\/enrobeuses_rco\\\/#primaryimage\",\"url\":\"https:\\\/\\\/mazzettirenato.it\\\/wp-content\\\/uploads\\\/2020\\\/02\\\/mazzetti_renato_ricopritrici_img.jpg\",\"contentUrl\":\"https:\\\/\\\/mazzettirenato.it\\\/wp-content\\\/uploads\\\/2020\\\/02\\\/mazzetti_renato_ricopritrici_img.jpg\"},{\"@type\":\"BreadcrumbList\",\"@id\":\"https:\\\/\\\/mazzettirenato.it\\\/fr\\\/produits\\\/enrobeuses_rco\\\/#breadcrumb\",\"itemListElement\":[{\"@type\":\"ListItem\",\"position\":1,\"name\":\"Mazzetti Renato\",\"item\":\"https:\\\/\\\/mazzettirenato.it\\\/\"},{\"@type\":\"ListItem\",\"position\":2,\"name\":\"Produits\",\"item\":\"https:\\\/\\\/mazzettirenato.it\\\/fr\\\/produits\\\/\"},{\"@type\":\"ListItem\",\"position\":3,\"name\":\"Enrobeuses RCO\"}]},{\"@type\":\"WebSite\",\"@id\":\"https:\\\/\\\/mazzettirenato.it\\\/#website\",\"url\":\"https:\\\/\\\/mazzettirenato.it\\\/\",\"name\":\"Mazzetti Renato\",\"description\":\"Mazzetti Renato\",\"potentialAction\":[{\"@type\":\"SearchAction\",\"target\":{\"@type\":\"EntryPoint\",\"urlTemplate\":\"https:\\\/\\\/mazzettirenato.it\\\/?s={search_term_string}\"},\"query-input\":{\"@type\":\"PropertyValueSpecification\",\"valueRequired\":true,\"valueName\":\"search_term_string\"}}],\"inLanguage\":\"fr-FR\"}]}<\/script>\n<!-- \/ Yoast SEO plugin. -->","yoast_head_json":{"title":"Enrobeuses RCO - Mazzetti Renato","robots":{"index":"index","follow":"follow","max-snippet":"max-snippet:-1","max-image-preview":"max-image-preview:large","max-video-preview":"max-video-preview:-1"},"canonical":"https:\/\/mazzettirenato.it\/fr\/produits\/enrobeuses_rco\/","og_locale":"fr_FR","og_type":"article","og_title":"Enrobeuses RCO - Mazzetti Renato","og_description":"ENROBEUSES RCO Nos enrobeuses sont con\u00e7ues pour l\u2019ex\u00e9cution de diff\u00e9rents types de produits: petits g\u00e2teaux, biscuits, gaufrettes et barres de c\u00e9r\u00e9ales. Les produits peuvent \u00eatre enti\u00e8rement enrob\u00e9s de chocolat ou seulement sur la partie inf\u00e9rieure. Les d\u00e9corations sont disponibles \u00e9galement dans d\u2019autres couleurs et les machines peuvent \u00eatre r\u00e9gl\u00e9es pour fonctionner avec du chocolat pur ... Lire la suite","og_url":"https:\/\/mazzettirenato.it\/fr\/produits\/enrobeuses_rco\/","og_site_name":"Mazzetti Renato","article_modified_time":"2021-08-06T08:01:08+00:00","og_image":[{"url":"https:\/\/mazzettirenato.it\/wp-content\/uploads\/2020\/02\/mazzetti_renato_ricopritrici_img.jpg","type":"","width":"","height":""}],"twitter_card":"summary_large_image","twitter_misc":{"Dur\u00e9e de lecture estim\u00e9e":"2 minutes"},"schema":{"@context":"https:\/\/schema.org","@graph":[{"@type":"WebPage","@id":"https:\/\/mazzettirenato.it\/fr\/produits\/enrobeuses_rco\/","url":"https:\/\/mazzettirenato.it\/fr\/produits\/enrobeuses_rco\/","name":"Enrobeuses RCO - Mazzetti Renato","isPartOf":{"@id":"https:\/\/mazzettirenato.it\/#website"},"primaryImageOfPage":{"@id":"https:\/\/mazzettirenato.it\/fr\/produits\/enrobeuses_rco\/#primaryimage"},"image":{"@id":"https:\/\/mazzettirenato.it\/fr\/produits\/enrobeuses_rco\/#primaryimage"},"thumbnailUrl":"https:\/\/mazzettirenato.it\/wp-content\/uploads\/2020\/02\/mazzetti_renato_ricopritrici_img.jpg","datePublished":"2020-02-26T12:20:33+00:00","dateModified":"2021-08-06T08:01:08+00:00","breadcrumb":{"@id":"https:\/\/mazzettirenato.it\/fr\/produits\/enrobeuses_rco\/#breadcrumb"},"inLanguage":"fr-FR","potentialAction":[{"@type":"ReadAction","target":["https:\/\/mazzettirenato.it\/fr\/produits\/enrobeuses_rco\/"]}]},{"@type":"ImageObject","inLanguage":"fr-FR","@id":"https:\/\/mazzettirenato.it\/fr\/produits\/enrobeuses_rco\/#primaryimage","url":"https:\/\/mazzettirenato.it\/wp-content\/uploads\/2020\/02\/mazzetti_renato_ricopritrici_img.jpg","contentUrl":"https:\/\/mazzettirenato.it\/wp-content\/uploads\/2020\/02\/mazzetti_renato_ricopritrici_img.jpg"},{"@type":"BreadcrumbList","@id":"https:\/\/mazzettirenato.it\/fr\/produits\/enrobeuses_rco\/#breadcrumb","itemListElement":[{"@type":"ListItem","position":1,"name":"Mazzetti Renato","item":"https:\/\/mazzettirenato.it\/"},{"@type":"ListItem","position":2,"name":"Produits","item":"https:\/\/mazzettirenato.it\/fr\/produits\/"},{"@type":"ListItem","position":3,"name":"Enrobeuses RCO"}]},{"@type":"WebSite","@id":"https:\/\/mazzettirenato.it\/#website","url":"https:\/\/mazzettirenato.it\/","name":"Mazzetti Renato","description":"Mazzetti Renato","potentialAction":[{"@type":"SearchAction","target":{"@type":"EntryPoint","urlTemplate":"https:\/\/mazzettirenato.it\/?s={search_term_string}"},"query-input":{"@type":"PropertyValueSpecification","valueRequired":true,"valueName":"search_term_string"}}],"inLanguage":"fr-FR"}]}},"_links":{"self":[{"href":"https:\/\/mazzettirenato.it\/fr\/wp-json\/wp\/v2\/pages\/1419","targetHints":{"allow":["GET"]}}],"collection":[{"href":"https:\/\/mazzettirenato.it\/fr\/wp-json\/wp\/v2\/pages"}],"about":[{"href":"https:\/\/mazzettirenato.it\/fr\/wp-json\/wp\/v2\/types\/page"}],"author":[{"embeddable":true,"href":"https:\/\/mazzettirenato.it\/fr\/wp-json\/wp\/v2\/users\/6"}],"replies":[{"embeddable":true,"href":"https:\/\/mazzettirenato.it\/fr\/wp-json\/wp\/v2\/comments?post=1419"}],"version-history":[{"count":7,"href":"https:\/\/mazzettirenato.it\/fr\/wp-json\/wp\/v2\/pages\/1419\/revisions"}],"predecessor-version":[{"id":2778,"href":"https:\/\/mazzettirenato.it\/fr\/wp-json\/wp\/v2\/pages\/1419\/revisions\/2778"}],"up":[{"embeddable":true,"href":"https:\/\/mazzettirenato.it\/fr\/wp-json\/wp\/v2\/pages\/1400"}],"wp:attachment":[{"href":"https:\/\/mazzettirenato.it\/fr\/wp-json\/wp\/v2\/media?parent=1419"}],"curies":[{"name":"wp","href":"https:\/\/api.w.org\/{rel}","templated":true}]}}