{"id":1110,"date":"2020-02-26T12:20:06","date_gmt":"2020-02-26T12:20:06","guid":{"rendered":"https:\/\/mazzettirenato.it\/productos\/anime_di_cioccolato\/"},"modified":"2023-10-10T10:24:55","modified_gmt":"2023-10-10T10:24:55","slug":"centros-de-chocolate","status":"publish","type":"page","link":"https:\/\/mazzettirenato.it\/es\/productos\/centros-de-chocolate\/","title":{"rendered":"Centros de chocolate"},"content":{"rendered":"\t\t<div data-elementor-type=\"wp-page\" data-elementor-id=\"1110\" class=\"elementor elementor-1110 elementor-248\" data-elementor-post-type=\"page\">\n\t\t\t\t\t\t<section class=\"elementor-section elementor-top-section elementor-element elementor-element-d97bec5 elementor-section-full_width elementor-section-stretched elementor-section-height-min-height elementor-section-items-bottom elementor-section-height-default\" data-id=\"d97bec5\" data-element_type=\"section\" data-e-type=\"section\" data-settings=\"{&quot;stretch_section&quot;:&quot;section-stretched&quot;,&quot;background_background&quot;:&quot;classic&quot;}\">\n\t\t\t\t\t\t\t<div class=\"elementor-background-overlay\"><\/div>\n\t\t\t\t\t\t\t<div class=\"elementor-container elementor-column-gap-no\">\n\t\t\t\t\t<div class=\"elementor-column elementor-col-100 elementor-top-column elementor-element elementor-element-5a2951e\" data-id=\"5a2951e\" data-element_type=\"column\" data-e-type=\"column\">\n\t\t\t<div class=\"elementor-widget-wrap\">\n\t\t\t\t\t\t\t<\/div>\n\t\t<\/div>\n\t\t\t\t\t<\/div>\n\t\t<\/section>\n\t\t\t\t<section class=\"elementor-section elementor-top-section elementor-element elementor-element-2254d5b elementor-section-boxed elementor-section-height-default elementor-section-height-default\" data-id=\"2254d5b\" data-element_type=\"section\" data-e-type=\"section\" data-settings=\"{&quot;background_background&quot;:&quot;classic&quot;}\">\n\t\t\t\t\t\t<div class=\"elementor-container elementor-column-gap-default\">\n\t\t\t\t\t<div class=\"elementor-column elementor-col-100 elementor-top-column elementor-element elementor-element-df4b45a\" data-id=\"df4b45a\" data-element_type=\"column\" data-e-type=\"column\">\n\t\t\t<div class=\"elementor-widget-wrap elementor-element-populated\">\n\t\t\t\t\t\t<div class=\"elementor-element elementor-element-e087c62 elementor-widget elementor-widget-breadcrumbs\" data-id=\"e087c62\" data-element_type=\"widget\" data-e-type=\"widget\" data-widget_type=\"breadcrumbs.default\">\n\t\t\t\t<div class=\"elementor-widget-container\">\n\t\t\t\t\t<p id=\"breadcrumbs\"><span><span><a href=\"https:\/\/mazzettirenato.it\/\">Mazzetti Renato<\/a><\/span><\/span><\/p>\t\t\t\t<\/div>\n\t\t\t\t<\/div>\n\t\t\t\t<div class=\"elementor-element elementor-element-2aec18a elementor-widget elementor-widget-heading\" data-id=\"2aec18a\" data-element_type=\"widget\" data-e-type=\"widget\" data-widget_type=\"heading.default\">\n\t\t\t\t<div class=\"elementor-widget-container\">\n\t\t\t\t\t<h2 class=\"elementor-heading-title elementor-size-default\">Centros de Chocolate<\/h2>\t\t\t\t<\/div>\n\t\t\t\t<\/div>\n\t\t\t\t\t<\/div>\n\t\t<\/div>\n\t\t\t\t\t<\/div>\n\t\t<\/section>\n\t\t\t\t<section class=\"elementor-section elementor-top-section elementor-element elementor-element-bfb6ba2 elementor-section-boxed elementor-section-height-default elementor-section-height-default\" data-id=\"bfb6ba2\" data-element_type=\"section\" data-e-type=\"section\" data-settings=\"{&quot;background_background&quot;:&quot;classic&quot;}\">\n\t\t\t\t\t\t<div class=\"elementor-container elementor-column-gap-default\">\n\t\t\t\t\t<div class=\"elementor-column elementor-col-50 elementor-top-column elementor-element elementor-element-9b16172\" data-id=\"9b16172\" data-element_type=\"column\" data-e-type=\"column\">\n\t\t\t<div class=\"elementor-widget-wrap elementor-element-populated\">\n\t\t\t\t\t\t<section class=\"elementor-section elementor-inner-section elementor-element elementor-element-f6dcef9 elementor-section-boxed elementor-section-height-default elementor-section-height-default\" data-id=\"f6dcef9\" data-element_type=\"section\" data-e-type=\"section\">\n\t\t\t\t\t\t<div class=\"elementor-container elementor-column-gap-default\">\n\t\t\t\t\t<div class=\"elementor-column elementor-col-50 elementor-inner-column elementor-element elementor-element-a9e22f9\" data-id=\"a9e22f9\" data-element_type=\"column\" data-e-type=\"column\" data-settings=\"{&quot;background_background&quot;:&quot;classic&quot;}\">\n\t\t\t<div class=\"elementor-widget-wrap elementor-element-populated\">\n\t\t\t\t\t\t<div class=\"elementor-element elementor-element-49e34f6 elementor-widget elementor-widget-heading\" data-id=\"49e34f6\" data-element_type=\"widget\" data-e-type=\"widget\" data-widget_type=\"heading.default\">\n\t\t\t\t<div class=\"elementor-widget-container\">\n\t\t\t\t\t<h2 class=\"elementor-heading-title elementor-size-default\">L\u00edneas completamente autom\u00e1ticas para la producci\u00f3n de centros de chocolate<\/h2>\t\t\t\t<\/div>\n\t\t\t\t<\/div>\n\t\t\t\t\t<\/div>\n\t\t<\/div>\n\t\t\t\t<div class=\"elementor-column elementor-col-50 elementor-inner-column elementor-element elementor-element-f41b112\" data-id=\"f41b112\" data-element_type=\"column\" data-e-type=\"column\">\n\t\t\t<div class=\"elementor-widget-wrap elementor-element-populated\">\n\t\t\t\t\t\t<div class=\"elementor-element elementor-element-d2b584b elementor-widget elementor-widget-text-editor\" data-id=\"d2b584b\" data-element_type=\"widget\" data-e-type=\"widget\" data-widget_type=\"text-editor.default\">\n\t\t\t\t<div class=\"elementor-widget-container\">\n\t\t\t\t\t\t\t\t\t<p>o de compuestos de chocolate para ser recubiertos con az\u00facar. La l\u00ednea est\u00e1 equipada con un chiller para la producci\u00f3n autom\u00e1tica de soluci\u00f3n de agua enfriada \/ glicol y una unidad de control de temperatura precisa para el enfriamiento de los rodillos. Los rodillos se pueden producir para procesar las formas m\u00e1s variadas, desde lentejas est\u00e1ndar hasta corazones o almendras, y est\u00e1n disponibles tanto en aleaci\u00f3n de bronce de grado alimenticio como en acero inoxidable.<\/p>\t\t\t\t\t\t\t\t<\/div>\n\t\t\t\t<\/div>\n\t\t\t\t\t<\/div>\n\t\t<\/div>\n\t\t\t\t\t<\/div>\n\t\t<\/section>\n\t\t\t\t<div class=\"elementor-element elementor-element-7331a20 elementor-widget elementor-widget-text-editor\" data-id=\"7331a20\" data-element_type=\"widget\" data-e-type=\"widget\" data-widget_type=\"text-editor.default\">\n\t\t\t\t<div class=\"elementor-widget-container\">\n\t\t\t\t\t\t\t\t\t<p>La capacidad para cada par de rodillos puede variar de 50 a 300 kg \/ h, seg\u00fan las especificaciones del producto. Se pueden agrupar dos o tres par de rodillos en un solo marco y conectarlos a un t\u00fanel multiestrato producido espec\u00edficamente para aumentar la capacidad.<\/p>\t\t\t\t\t\t\t\t<\/div>\n\t\t\t\t<\/div>\n\t\t\t\t\t<\/div>\n\t\t<\/div>\n\t\t\t\t<div class=\"elementor-column elementor-col-50 elementor-top-column elementor-element elementor-element-4814f1e\" data-id=\"4814f1e\" data-element_type=\"column\" data-e-type=\"column\">\n\t\t\t<div class=\"elementor-widget-wrap elementor-element-populated\">\n\t\t\t\t\t\t<div class=\"elementor-element elementor-element-d6106b6 elementor-hidden-phone elementor-widget elementor-widget-heading\" data-id=\"d6106b6\" data-element_type=\"widget\" data-e-type=\"widget\" data-widget_type=\"heading.default\">\n\t\t\t\t<div class=\"elementor-widget-container\">\n\t\t\t\t\t<h2 class=\"elementor-heading-title elementor-size-default\">PRODUCTOS<\/h2>\t\t\t\t<\/div>\n\t\t\t\t<\/div>\n\t\t\t\t<div class=\"elementor-element elementor-element-814ca79 elementor-nav-menu__align-start elementor-nav-menu--dropdown-none elementor-hidden-phone elementor-widget elementor-widget-nav-menu\" data-id=\"814ca79\" data-element_type=\"widget\" data-e-type=\"widget\" data-settings=\"{&quot;layout&quot;:&quot;vertical&quot;,&quot;submenu_icon&quot;:{&quot;value&quot;:&quot;&lt;i class=\\&quot;fas e-plus-icon\\&quot; aria-hidden=\\&quot;true\\&quot;&gt;&lt;\\\/i&gt;&quot;,&quot;library&quot;:&quot;&quot;}}\" data-widget_type=\"nav-menu.default\">\n\t\t\t\t<div class=\"elementor-widget-container\">\n\t\t\t\t\t\t\t\t<nav aria-label=\"Men\u00fa\" class=\"elementor-nav-menu--main elementor-nav-menu__container elementor-nav-menu--layout-vertical e--pointer-none\">\n\t\t\t\t<ul id=\"menu-1-814ca79\" class=\"elementor-nav-menu sm-vertical\"><li class=\"menu-item menu-item-type-post_type menu-item-object-page menu-item-4125\"><a href=\"https:\/\/mazzettirenato.it\/es\/productos\/lineas-de-moldeo\/\" class=\"elementor-item\">Lineas de moldeo<\/a><\/li>\n<li class=\"menu-item menu-item-type-post_type menu-item-object-page menu-item-4124\"><a href=\"https:\/\/mazzettirenato.it\/es\/productos\/refinadoras-wa-fa\/\" class=\"elementor-item\">Refinadoras WA-FA<\/a><\/li>\n<li class=\"menu-item menu-item-type-post_type menu-item-object-page menu-item-4123\"><a href=\"https:\/\/mazzettirenato.it\/es\/productos\/gotas-de-chocolate\/\" class=\"elementor-item\">Gotas de chocolate<\/a><\/li>\n<li class=\"menu-item menu-item-type-post_type menu-item-object-page menu-item-4122\"><a href=\"https:\/\/mazzettirenato.it\/es\/productos\/centros-de-chocolate\/\" class=\"elementor-item\">Centros de chocolate<\/a><\/li>\n<li class=\"menu-item menu-item-type-post_type menu-item-object-page menu-item-4120\"><a href=\"https:\/\/mazzettirenato.it\/es\/productos\/templadoras-tao\/\" class=\"elementor-item\">Templadoras TAO<\/a><\/li>\n<li class=\"menu-item menu-item-type-post_type menu-item-object-page menu-item-4119\"><a href=\"https:\/\/mazzettirenato.it\/es\/productos\/pick_and_place\/\" class=\"elementor-item\">Pick&#038;Place<\/a><\/li>\n<li class=\"menu-item menu-item-type-post_type menu-item-object-page menu-item-4118\"><a href=\"https:\/\/mazzettirenato.it\/es\/productos\/equipos-auxiliares\/\" class=\"elementor-item\">Equipos auxiliares<\/a><\/li>\n<\/ul>\t\t\t<\/nav>\n\t\t\t\t\t\t<nav class=\"elementor-nav-menu--dropdown elementor-nav-menu__container\" aria-hidden=\"true\">\n\t\t\t\t<ul id=\"menu-2-814ca79\" class=\"elementor-nav-menu sm-vertical\"><li class=\"menu-item menu-item-type-post_type menu-item-object-page menu-item-4125\"><a href=\"https:\/\/mazzettirenato.it\/es\/productos\/lineas-de-moldeo\/\" class=\"elementor-item\" tabindex=\"-1\">Lineas de moldeo<\/a><\/li>\n<li class=\"menu-item menu-item-type-post_type menu-item-object-page menu-item-4124\"><a href=\"https:\/\/mazzettirenato.it\/es\/productos\/refinadoras-wa-fa\/\" class=\"elementor-item\" tabindex=\"-1\">Refinadoras WA-FA<\/a><\/li>\n<li class=\"menu-item menu-item-type-post_type menu-item-object-page menu-item-4123\"><a href=\"https:\/\/mazzettirenato.it\/es\/productos\/gotas-de-chocolate\/\" class=\"elementor-item\" tabindex=\"-1\">Gotas de chocolate<\/a><\/li>\n<li class=\"menu-item menu-item-type-post_type menu-item-object-page menu-item-4122\"><a href=\"https:\/\/mazzettirenato.it\/es\/productos\/centros-de-chocolate\/\" class=\"elementor-item\" tabindex=\"-1\">Centros de chocolate<\/a><\/li>\n<li class=\"menu-item menu-item-type-post_type menu-item-object-page menu-item-4120\"><a href=\"https:\/\/mazzettirenato.it\/es\/productos\/templadoras-tao\/\" class=\"elementor-item\" tabindex=\"-1\">Templadoras TAO<\/a><\/li>\n<li class=\"menu-item menu-item-type-post_type menu-item-object-page menu-item-4119\"><a href=\"https:\/\/mazzettirenato.it\/es\/productos\/pick_and_place\/\" class=\"elementor-item\" tabindex=\"-1\">Pick&#038;Place<\/a><\/li>\n<li class=\"menu-item menu-item-type-post_type menu-item-object-page menu-item-4118\"><a href=\"https:\/\/mazzettirenato.it\/es\/productos\/equipos-auxiliares\/\" class=\"elementor-item\" tabindex=\"-1\">Equipos auxiliares<\/a><\/li>\n<\/ul>\t\t\t<\/nav>\n\t\t\t\t\t\t<\/div>\n\t\t\t\t<\/div>\n\t\t\t\t<div class=\"elementor-element elementor-element-fb8f25c elementor-widget elementor-widget-image-carousel\" data-id=\"fb8f25c\" data-element_type=\"widget\" data-e-type=\"widget\" data-settings=\"{&quot;slides_to_show&quot;:&quot;1&quot;,&quot;navigation&quot;:&quot;none&quot;,&quot;autoplay_speed&quot;:3000,&quot;effect&quot;:&quot;fade&quot;,&quot;autoplay&quot;:&quot;yes&quot;,&quot;pause_on_hover&quot;:&quot;yes&quot;,&quot;pause_on_interaction&quot;:&quot;yes&quot;,&quot;infinite&quot;:&quot;yes&quot;,&quot;speed&quot;:500}\" data-widget_type=\"image-carousel.default\">\n\t\t\t\t<div class=\"elementor-widget-container\">\n\t\t\t\t\t\t\t<div class=\"elementor-image-carousel-wrapper swiper\" role=\"region\" aria-roledescription=\"carousel\" aria-label=\"Carrusel de im\u00e1genes\" dir=\"ltr\">\n\t\t\t<div class=\"elementor-image-carousel swiper-wrapper\" aria-live=\"off\">\n\t\t\t\t\t\t\t\t<div class=\"swiper-slide\" role=\"group\" aria-roledescription=\"slide\" aria-label=\"1 de 2\"><figure class=\"swiper-slide-inner\"><img decoding=\"async\" class=\"swiper-slide-image\" src=\"https:\/\/mazzettirenato.it\/wp-content\/uploads\/2023\/03\/mazzetti_renato_anime_cioccolato_img1.jpg\" alt=\"mazzetti_renato_anime_cioccolato_img1.jpg\" \/><\/figure><\/div><div class=\"swiper-slide\" role=\"group\" aria-roledescription=\"slide\" aria-label=\"2 de 2\"><figure class=\"swiper-slide-inner\"><img decoding=\"async\" class=\"swiper-slide-image\" src=\"https:\/\/mazzettirenato.it\/wp-content\/uploads\/2023\/03\/mazzetti_renato_anime_cioccolato_img2.jpg\" alt=\"mazzetti_renato_anime_cioccolato_img2.jpg\" \/><\/figure><\/div>\t\t\t<\/div>\n\t\t\t\t\t\t\t\n\t\t\t\t\t\t\t\t\t<\/div>\n\t\t\t\t\t\t<\/div>\n\t\t\t\t<\/div>\n\t\t\t\t\t<\/div>\n\t\t<\/div>\n\t\t\t\t\t<\/div>\n\t\t<\/section>\n\t\t\t\t<section class=\"elementor-section elementor-top-section elementor-element elementor-element-9b3d187 elementor-section-height-min-height elementor-section-boxed elementor-section-height-default elementor-section-items-middle\" data-id=\"9b3d187\" data-element_type=\"section\" data-e-type=\"section\" data-settings=\"{&quot;background_background&quot;:&quot;classic&quot;}\">\n\t\t\t\t\t\t<div class=\"elementor-container elementor-column-gap-default\">\n\t\t\t\t\t<div class=\"elementor-column elementor-col-50 elementor-top-column elementor-element elementor-element-cebb9fb\" data-id=\"cebb9fb\" data-element_type=\"column\" data-e-type=\"column\">\n\t\t\t<div class=\"elementor-widget-wrap elementor-element-populated\">\n\t\t\t\t\t\t<div class=\"elementor-element elementor-element-dafb9e0 elementor-widget elementor-widget-image\" data-id=\"dafb9e0\" data-element_type=\"widget\" data-e-type=\"widget\" data-widget_type=\"image.default\">\n\t\t\t\t<div class=\"elementor-widget-container\">\n\t\t\t\t\t\t\t\t\t\t\t\t\t\t\t<img fetchpriority=\"high\" decoding=\"async\" width=\"385\" height=\"576\" src=\"https:\/\/mazzettirenato.it\/wp-content\/uploads\/2023\/03\/mazzetti_renato_anime_cioccolato_img.png\" class=\"attachment-large size-large wp-image-3962\" alt=\"\" srcset=\"https:\/\/mazzettirenato.it\/wp-content\/uploads\/2023\/03\/mazzetti_renato_anime_cioccolato_img.png 385w, https:\/\/mazzettirenato.it\/wp-content\/uploads\/2023\/03\/mazzetti_renato_anime_cioccolato_img-201x300.png 201w\" sizes=\"(max-width: 385px) 100vw, 385px\" \/>\t\t\t\t\t\t\t\t\t\t\t\t\t\t\t<\/div>\n\t\t\t\t<\/div>\n\t\t\t\t\t<\/div>\n\t\t<\/div>\n\t\t\t\t<div class=\"elementor-column elementor-col-50 elementor-top-column elementor-element elementor-element-eaee158 elementor-hidden-phone\" data-id=\"eaee158\" data-element_type=\"column\" data-e-type=\"column\">\n\t\t\t<div class=\"elementor-widget-wrap\">\n\t\t\t\t\t\t\t<\/div>\n\t\t<\/div>\n\t\t\t\t\t<\/div>\n\t\t<\/section>\n\t\t\t\t<section class=\"elementor-section elementor-top-section elementor-element elementor-element-a0a8c7b elementor-section-height-min-height elementor-section-boxed elementor-section-height-default elementor-section-items-middle\" data-id=\"a0a8c7b\" data-element_type=\"section\" data-e-type=\"section\" data-settings=\"{&quot;background_background&quot;:&quot;classic&quot;}\">\n\t\t\t\t\t\t<div class=\"elementor-container elementor-column-gap-default\">\n\t\t\t\t\t<div class=\"elementor-column elementor-col-100 elementor-top-column elementor-element elementor-element-8cb7374\" data-id=\"8cb7374\" data-element_type=\"column\" data-e-type=\"column\">\n\t\t\t<div class=\"elementor-widget-wrap elementor-element-populated\">\n\t\t\t\t\t\t<div class=\"elementor-element elementor-element-092461a elementor-widget elementor-widget-heading\" data-id=\"092461a\" data-element_type=\"widget\" data-e-type=\"widget\" data-widget_type=\"heading.default\">\n\t\t\t\t<div class=\"elementor-widget-container\">\n\t\t\t\t\t<h2 class=\"elementor-heading-title elementor-size-default\">Mazzetti Renato, Centros de Chocolate<\/h2>\t\t\t\t<\/div>\n\t\t\t\t<\/div>\n\t\t\t\t<div class=\"elementor-element elementor-element-ead355e elementor-align-center elementor-widget elementor-widget-button\" data-id=\"ead355e\" data-element_type=\"widget\" data-e-type=\"widget\" data-widget_type=\"button.default\">\n\t\t\t\t<div class=\"elementor-widget-container\">\n\t\t\t\t\t\t\t\t\t<div class=\"elementor-button-wrapper\">\n\t\t\t\t\t<a class=\"elementor-button elementor-button-link elementor-size-sm\" href=\"https:\/\/mazzettirenato.it\/wp-content\/uploads\/2023\/04\/Chocolate-Centres-MazzettiRenato-EN-ES.pdf\" target=\"_blank\">\n\t\t\t\t\t\t<span class=\"elementor-button-content-wrapper\">\n\t\t\t\t\t\t\t\t\t<span class=\"elementor-button-text\">Datasheet<\/span>\n\t\t\t\t\t<\/span>\n\t\t\t\t\t<\/a>\n\t\t\t\t<\/div>\n\t\t\t\t\t\t\t\t<\/div>\n\t\t\t\t<\/div>\n\t\t\t\t\t<\/div>\n\t\t<\/div>\n\t\t\t\t\t<\/div>\n\t\t<\/section>\n\t\t\t\t<\/div>\n\t\t","protected":false},"excerpt":{"rendered":"<p>Centros de Chocolate L\u00edneas completamente autom\u00e1ticas para la producci\u00f3n de centros de chocolate o de compuestos de chocolate para ser recubiertos con az\u00facar. La l\u00ednea est\u00e1 equipada con un chiller para la producci\u00f3n autom\u00e1tica de soluci\u00f3n de agua enfriada \/ glicol y una unidad de control de temperatura precisa para el enfriamiento de los rodillos. &#8230; <a title=\"Centros de chocolate\" class=\"read-more\" href=\"https:\/\/mazzettirenato.it\/es\/productos\/centros-de-chocolate\/\" aria-label=\"Leer m\u00e1s sobre Centros de chocolate\">Leer m\u00e1s<\/a><\/p>\n","protected":false},"author":6,"featured_media":0,"parent":1100,"menu_order":0,"comment_status":"closed","ping_status":"closed","template":"elementor_header_footer","meta":{"footnotes":""},"class_list":["post-1110","page","type-page","status-publish"],"yoast_head":"<!-- This site is optimized with the Yoast SEO plugin v27.4 - https:\/\/yoast.com\/product\/yoast-seo-wordpress\/ -->\n<title>Centros de chocolate - Mazzetti Renato<\/title>\n<meta name=\"robots\" content=\"index, follow, max-snippet:-1, max-image-preview:large, max-video-preview:-1\" \/>\n<link rel=\"canonical\" href=\"https:\/\/mazzettirenato.it\/prodotti\/anime_di_cioccolato\/\" \/>\n<meta property=\"og:locale\" content=\"es_ES\" \/>\n<meta property=\"og:type\" content=\"article\" \/>\n<meta property=\"og:title\" content=\"Centros de chocolate - Mazzetti Renato\" \/>\n<meta property=\"og:description\" content=\"Centros de Chocolate L\u00edneas completamente autom\u00e1ticas para la producci\u00f3n de centros de chocolate o de compuestos de chocolate para ser recubiertos con az\u00facar. La l\u00ednea est\u00e1 equipada con un chiller para la producci\u00f3n autom\u00e1tica de soluci\u00f3n de agua enfriada \/ glicol y una unidad de control de temperatura precisa para el enfriamiento de los rodillos. ... Leer m\u00e1s\" \/>\n<meta property=\"og:url\" content=\"https:\/\/mazzettirenato.it\/prodotti\/anime_di_cioccolato\/\" \/>\n<meta property=\"og:site_name\" content=\"Mazzetti Renato\" \/>\n<meta property=\"article:modified_time\" content=\"2023-10-10T10:24:55+00:00\" \/>\n<meta property=\"og:image\" content=\"https:\/\/mazzettirenato.it\/wp-content\/uploads\/2023\/03\/mazzetti_renato_anime_cioccolato_img1.jpg\" \/>\n<meta name=\"twitter:card\" content=\"summary_large_image\" \/>\n<meta name=\"twitter:label1\" content=\"Tiempo de lectura\" \/>\n\t<meta name=\"twitter:data1\" content=\"2 minutos\" \/>\n<script type=\"application\/ld+json\" class=\"yoast-schema-graph\">{\"@context\":\"https:\\\/\\\/schema.org\",\"@graph\":[{\"@type\":\"WebPage\",\"@id\":\"https:\\\/\\\/mazzettirenato.it\\\/prodotti\\\/anime_di_cioccolato\\\/\",\"url\":\"https:\\\/\\\/mazzettirenato.it\\\/prodotti\\\/anime_di_cioccolato\\\/\",\"name\":\"Centros de chocolate - Mazzetti Renato\",\"isPartOf\":{\"@id\":\"https:\\\/\\\/mazzettirenato.it\\\/#website\"},\"primaryImageOfPage\":{\"@id\":\"https:\\\/\\\/mazzettirenato.it\\\/prodotti\\\/anime_di_cioccolato\\\/#primaryimage\"},\"image\":{\"@id\":\"https:\\\/\\\/mazzettirenato.it\\\/prodotti\\\/anime_di_cioccolato\\\/#primaryimage\"},\"thumbnailUrl\":\"https:\\\/\\\/mazzettirenato.it\\\/wp-content\\\/uploads\\\/2023\\\/03\\\/mazzetti_renato_anime_cioccolato_img1.jpg\",\"datePublished\":\"2020-02-26T12:20:06+00:00\",\"dateModified\":\"2023-10-10T10:24:55+00:00\",\"breadcrumb\":{\"@id\":\"https:\\\/\\\/mazzettirenato.it\\\/prodotti\\\/anime_di_cioccolato\\\/#breadcrumb\"},\"inLanguage\":\"es\",\"potentialAction\":[{\"@type\":\"ReadAction\",\"target\":[\"https:\\\/\\\/mazzettirenato.it\\\/prodotti\\\/anime_di_cioccolato\\\/\"]}]},{\"@type\":\"ImageObject\",\"inLanguage\":\"es\",\"@id\":\"https:\\\/\\\/mazzettirenato.it\\\/prodotti\\\/anime_di_cioccolato\\\/#primaryimage\",\"url\":\"https:\\\/\\\/mazzettirenato.it\\\/wp-content\\\/uploads\\\/2023\\\/03\\\/mazzetti_renato_anime_cioccolato_img1.jpg\",\"contentUrl\":\"https:\\\/\\\/mazzettirenato.it\\\/wp-content\\\/uploads\\\/2023\\\/03\\\/mazzetti_renato_anime_cioccolato_img1.jpg\"},{\"@type\":\"BreadcrumbList\",\"@id\":\"https:\\\/\\\/mazzettirenato.it\\\/prodotti\\\/anime_di_cioccolato\\\/#breadcrumb\",\"itemListElement\":[{\"@type\":\"ListItem\",\"position\":1,\"name\":\"Mazzetti Renato\",\"item\":\"https:\\\/\\\/mazzettirenato.it\\\/\"},{\"@type\":\"ListItem\",\"position\":2,\"name\":\"Productos\",\"item\":\"https:\\\/\\\/mazzettirenato.it\\\/es\\\/productos\\\/\"},{\"@type\":\"ListItem\",\"position\":3,\"name\":\"Centros de chocolate\"}]},{\"@type\":\"WebSite\",\"@id\":\"https:\\\/\\\/mazzettirenato.it\\\/#website\",\"url\":\"https:\\\/\\\/mazzettirenato.it\\\/\",\"name\":\"Mazzetti Renato\",\"description\":\"Mazzetti Renato\",\"potentialAction\":[{\"@type\":\"SearchAction\",\"target\":{\"@type\":\"EntryPoint\",\"urlTemplate\":\"https:\\\/\\\/mazzettirenato.it\\\/?s={search_term_string}\"},\"query-input\":{\"@type\":\"PropertyValueSpecification\",\"valueRequired\":true,\"valueName\":\"search_term_string\"}}],\"inLanguage\":\"es\"}]}<\/script>\n<!-- \/ Yoast SEO plugin. -->","yoast_head_json":{"title":"Centros de chocolate - Mazzetti Renato","robots":{"index":"index","follow":"follow","max-snippet":"max-snippet:-1","max-image-preview":"max-image-preview:large","max-video-preview":"max-video-preview:-1"},"canonical":"https:\/\/mazzettirenato.it\/prodotti\/anime_di_cioccolato\/","og_locale":"es_ES","og_type":"article","og_title":"Centros de chocolate - Mazzetti Renato","og_description":"Centros de Chocolate L\u00edneas completamente autom\u00e1ticas para la producci\u00f3n de centros de chocolate o de compuestos de chocolate para ser recubiertos con az\u00facar. La l\u00ednea est\u00e1 equipada con un chiller para la producci\u00f3n autom\u00e1tica de soluci\u00f3n de agua enfriada \/ glicol y una unidad de control de temperatura precisa para el enfriamiento de los rodillos. ... Leer m\u00e1s","og_url":"https:\/\/mazzettirenato.it\/prodotti\/anime_di_cioccolato\/","og_site_name":"Mazzetti Renato","article_modified_time":"2023-10-10T10:24:55+00:00","og_image":[{"url":"https:\/\/mazzettirenato.it\/wp-content\/uploads\/2023\/03\/mazzetti_renato_anime_cioccolato_img1.jpg","type":"","width":"","height":""}],"twitter_card":"summary_large_image","twitter_misc":{"Tiempo de lectura":"2 minutos"},"schema":{"@context":"https:\/\/schema.org","@graph":[{"@type":"WebPage","@id":"https:\/\/mazzettirenato.it\/prodotti\/anime_di_cioccolato\/","url":"https:\/\/mazzettirenato.it\/prodotti\/anime_di_cioccolato\/","name":"Centros de chocolate - Mazzetti Renato","isPartOf":{"@id":"https:\/\/mazzettirenato.it\/#website"},"primaryImageOfPage":{"@id":"https:\/\/mazzettirenato.it\/prodotti\/anime_di_cioccolato\/#primaryimage"},"image":{"@id":"https:\/\/mazzettirenato.it\/prodotti\/anime_di_cioccolato\/#primaryimage"},"thumbnailUrl":"https:\/\/mazzettirenato.it\/wp-content\/uploads\/2023\/03\/mazzetti_renato_anime_cioccolato_img1.jpg","datePublished":"2020-02-26T12:20:06+00:00","dateModified":"2023-10-10T10:24:55+00:00","breadcrumb":{"@id":"https:\/\/mazzettirenato.it\/prodotti\/anime_di_cioccolato\/#breadcrumb"},"inLanguage":"es","potentialAction":[{"@type":"ReadAction","target":["https:\/\/mazzettirenato.it\/prodotti\/anime_di_cioccolato\/"]}]},{"@type":"ImageObject","inLanguage":"es","@id":"https:\/\/mazzettirenato.it\/prodotti\/anime_di_cioccolato\/#primaryimage","url":"https:\/\/mazzettirenato.it\/wp-content\/uploads\/2023\/03\/mazzetti_renato_anime_cioccolato_img1.jpg","contentUrl":"https:\/\/mazzettirenato.it\/wp-content\/uploads\/2023\/03\/mazzetti_renato_anime_cioccolato_img1.jpg"},{"@type":"BreadcrumbList","@id":"https:\/\/mazzettirenato.it\/prodotti\/anime_di_cioccolato\/#breadcrumb","itemListElement":[{"@type":"ListItem","position":1,"name":"Mazzetti Renato","item":"https:\/\/mazzettirenato.it\/"},{"@type":"ListItem","position":2,"name":"Productos","item":"https:\/\/mazzettirenato.it\/es\/productos\/"},{"@type":"ListItem","position":3,"name":"Centros de chocolate"}]},{"@type":"WebSite","@id":"https:\/\/mazzettirenato.it\/#website","url":"https:\/\/mazzettirenato.it\/","name":"Mazzetti Renato","description":"Mazzetti Renato","potentialAction":[{"@type":"SearchAction","target":{"@type":"EntryPoint","urlTemplate":"https:\/\/mazzettirenato.it\/?s={search_term_string}"},"query-input":{"@type":"PropertyValueSpecification","valueRequired":true,"valueName":"search_term_string"}}],"inLanguage":"es"}]}},"_links":{"self":[{"href":"https:\/\/mazzettirenato.it\/es\/wp-json\/wp\/v2\/pages\/1110","targetHints":{"allow":["GET"]}}],"collection":[{"href":"https:\/\/mazzettirenato.it\/es\/wp-json\/wp\/v2\/pages"}],"about":[{"href":"https:\/\/mazzettirenato.it\/es\/wp-json\/wp\/v2\/types\/page"}],"author":[{"embeddable":true,"href":"https:\/\/mazzettirenato.it\/es\/wp-json\/wp\/v2\/users\/6"}],"replies":[{"embeddable":true,"href":"https:\/\/mazzettirenato.it\/es\/wp-json\/wp\/v2\/comments?post=1110"}],"version-history":[{"count":17,"href":"https:\/\/mazzettirenato.it\/es\/wp-json\/wp\/v2\/pages\/1110\/revisions"}],"predecessor-version":[{"id":5431,"href":"https:\/\/mazzettirenato.it\/es\/wp-json\/wp\/v2\/pages\/1110\/revisions\/5431"}],"up":[{"embeddable":true,"href":"https:\/\/mazzettirenato.it\/es\/wp-json\/wp\/v2\/pages\/1100"}],"wp:attachment":[{"href":"https:\/\/mazzettirenato.it\/es\/wp-json\/wp\/v2\/media?parent=1110"}],"curies":[{"name":"wp","href":"https:\/\/api.w.org\/{rel}","templated":true}]}}