{"id":1106,"date":"2020-02-26T12:20:38","date_gmt":"2020-02-26T12:20:38","guid":{"rendered":"https:\/\/mazzettirenato.it\/productos\/temperatrici_tao\/"},"modified":"2023-10-10T10:25:25","modified_gmt":"2023-10-10T10:25:25","slug":"templadoras-tao","status":"publish","type":"page","link":"https:\/\/mazzettirenato.it\/es\/productos\/templadoras-tao\/","title":{"rendered":"Templadoras TAO"},"content":{"rendered":"\t\t<div data-elementor-type=\"wp-page\" data-elementor-id=\"1106\" class=\"elementor elementor-1106 elementor-251\" data-elementor-post-type=\"page\">\n\t\t\t\t\t\t<section class=\"elementor-section elementor-top-section elementor-element elementor-element-ab706b7 elementor-section-full_width elementor-section-stretched elementor-section-height-min-height elementor-section-items-bottom elementor-section-height-default\" data-id=\"ab706b7\" data-element_type=\"section\" data-e-type=\"section\" data-settings=\"{&quot;stretch_section&quot;:&quot;section-stretched&quot;,&quot;background_background&quot;:&quot;classic&quot;}\">\n\t\t\t\t\t\t\t<div class=\"elementor-background-overlay\"><\/div>\n\t\t\t\t\t\t\t<div class=\"elementor-container elementor-column-gap-no\">\n\t\t\t\t\t<div class=\"elementor-column elementor-col-100 elementor-top-column elementor-element elementor-element-5e982cd\" data-id=\"5e982cd\" data-element_type=\"column\" data-e-type=\"column\">\n\t\t\t<div class=\"elementor-widget-wrap\">\n\t\t\t\t\t\t\t<\/div>\n\t\t<\/div>\n\t\t\t\t\t<\/div>\n\t\t<\/section>\n\t\t\t\t<section class=\"elementor-section elementor-top-section elementor-element elementor-element-e7c9a44 elementor-section-boxed elementor-section-height-default elementor-section-height-default\" data-id=\"e7c9a44\" data-element_type=\"section\" data-e-type=\"section\" data-settings=\"{&quot;background_background&quot;:&quot;classic&quot;}\">\n\t\t\t\t\t\t<div class=\"elementor-container elementor-column-gap-default\">\n\t\t\t\t\t<div class=\"elementor-column elementor-col-100 elementor-top-column elementor-element elementor-element-4d232f4\" data-id=\"4d232f4\" data-element_type=\"column\" data-e-type=\"column\">\n\t\t\t<div class=\"elementor-widget-wrap elementor-element-populated\">\n\t\t\t\t\t\t<div class=\"elementor-element elementor-element-831080a elementor-widget elementor-widget-breadcrumbs\" data-id=\"831080a\" data-element_type=\"widget\" data-e-type=\"widget\" data-widget_type=\"breadcrumbs.default\">\n\t\t\t\t<div class=\"elementor-widget-container\">\n\t\t\t\t\t<p id=\"breadcrumbs\"><span><span><a href=\"https:\/\/mazzettirenato.it\/\">Mazzetti Renato<\/a><\/span><\/span><\/p>\t\t\t\t<\/div>\n\t\t\t\t<\/div>\n\t\t\t\t<div class=\"elementor-element elementor-element-9840085 elementor-widget elementor-widget-heading\" data-id=\"9840085\" data-element_type=\"widget\" data-e-type=\"widget\" data-widget_type=\"heading.default\">\n\t\t\t\t<div class=\"elementor-widget-container\">\n\t\t\t\t\t<h2 class=\"elementor-heading-title elementor-size-default\">Templadoras TAO<\/h2>\t\t\t\t<\/div>\n\t\t\t\t<\/div>\n\t\t\t\t\t<\/div>\n\t\t<\/div>\n\t\t\t\t\t<\/div>\n\t\t<\/section>\n\t\t\t\t<section class=\"elementor-section elementor-top-section elementor-element elementor-element-5957da9 elementor-section-boxed elementor-section-height-default elementor-section-height-default\" data-id=\"5957da9\" data-element_type=\"section\" data-e-type=\"section\" data-settings=\"{&quot;background_background&quot;:&quot;classic&quot;}\">\n\t\t\t\t\t\t<div class=\"elementor-container elementor-column-gap-default\">\n\t\t\t\t\t<div class=\"elementor-column elementor-col-50 elementor-top-column elementor-element elementor-element-da513e7\" data-id=\"da513e7\" data-element_type=\"column\" data-e-type=\"column\">\n\t\t\t<div class=\"elementor-widget-wrap elementor-element-populated\">\n\t\t\t\t\t\t<section class=\"elementor-section elementor-inner-section elementor-element elementor-element-3141649 elementor-section-boxed elementor-section-height-default elementor-section-height-default\" data-id=\"3141649\" data-element_type=\"section\" data-e-type=\"section\">\n\t\t\t\t\t\t<div class=\"elementor-container elementor-column-gap-default\">\n\t\t\t\t\t<div class=\"elementor-column elementor-col-50 elementor-inner-column elementor-element elementor-element-944d7d0\" data-id=\"944d7d0\" data-element_type=\"column\" data-e-type=\"column\" data-settings=\"{&quot;background_background&quot;:&quot;classic&quot;}\">\n\t\t\t<div class=\"elementor-widget-wrap elementor-element-populated\">\n\t\t\t\t\t\t<div class=\"elementor-element elementor-element-2ad4c85 elementor-widget elementor-widget-heading\" data-id=\"2ad4c85\" data-element_type=\"widget\" data-e-type=\"widget\" data-widget_type=\"heading.default\">\n\t\t\t\t<div class=\"elementor-widget-container\">\n\t\t\t\t\t<h2 class=\"elementor-heading-title elementor-size-default\">Construidos en acero inoxidable para ser robustos y flexibles al mismo tiempo<\/h2>\t\t\t\t<\/div>\n\t\t\t\t<\/div>\n\t\t\t\t\t<\/div>\n\t\t<\/div>\n\t\t\t\t<div class=\"elementor-column elementor-col-50 elementor-inner-column elementor-element elementor-element-1396b1f\" data-id=\"1396b1f\" data-element_type=\"column\" data-e-type=\"column\">\n\t\t\t<div class=\"elementor-widget-wrap elementor-element-populated\">\n\t\t\t\t\t\t<div class=\"elementor-element elementor-element-9c1f3cf elementor-widget elementor-widget-text-editor\" data-id=\"9c1f3cf\" data-element_type=\"widget\" data-e-type=\"widget\" data-widget_type=\"text-editor.default\">\n\t\t\t\t<div class=\"elementor-widget-container\">\n\t\t\t\t\t\t\t\t\t<p>est\u00e1n dise\u00f1ados para proporcionar un flujo constante de chocolate o cremas perfectamente templados. Un estator dise\u00f1ado espec\u00edficamente, construido en sectores independientes, proporciona un flujo uniforme de agua templada alrededor de cada sector. Un sistema de control de temperatura preciso puede establecer, en cada sector de la m\u00e1quina, la temperatura correcta del agua de acuerdo con el flujo de chocolate elegido.<\/p>\t\t\t\t\t\t\t\t<\/div>\n\t\t\t\t<\/div>\n\t\t\t\t\t<\/div>\n\t\t<\/div>\n\t\t\t\t\t<\/div>\n\t\t<\/section>\n\t\t\t\t<div class=\"elementor-element elementor-element-a442af6 elementor-widget elementor-widget-text-editor\" data-id=\"a442af6\" data-element_type=\"widget\" data-e-type=\"widget\" data-widget_type=\"text-editor.default\">\n\t\t\t\t<div class=\"elementor-widget-container\">\n\t\t\t\t\t\t\t\t\t<p>El rotor interno est\u00e1 construido para mover el producto a trav\u00e9s de los diferentes sectores del estator de templado, proporcionando un enfriamiento continuo en la superficie interna mientras se mezcla el chocolate para estabilizar la temperatura. Estas maquinas tambi\u00e9n pueden procesar eficazmente chocolate o cremas de alta viscosidad. Producido en varios tama\u00f1os, se puede adaptar a los requisitos espec\u00edficos de los clientes.\u00a0 Capacidad desde 250 hasta 3000 kg \/ h.<\/p>\t\t\t\t\t\t\t\t<\/div>\n\t\t\t\t<\/div>\n\t\t\t\t\t<\/div>\n\t\t<\/div>\n\t\t\t\t<div class=\"elementor-column elementor-col-50 elementor-top-column elementor-element elementor-element-8767afd\" data-id=\"8767afd\" data-element_type=\"column\" data-e-type=\"column\">\n\t\t\t<div class=\"elementor-widget-wrap elementor-element-populated\">\n\t\t\t\t\t\t<div class=\"elementor-element elementor-element-219f385 elementor-hidden-phone elementor-widget elementor-widget-heading\" data-id=\"219f385\" data-element_type=\"widget\" data-e-type=\"widget\" data-widget_type=\"heading.default\">\n\t\t\t\t<div class=\"elementor-widget-container\">\n\t\t\t\t\t<h2 class=\"elementor-heading-title elementor-size-default\">PRODUCTOS<\/h2>\t\t\t\t<\/div>\n\t\t\t\t<\/div>\n\t\t\t\t<div class=\"elementor-element elementor-element-a8a6225 elementor-nav-menu__align-start elementor-nav-menu--dropdown-none elementor-hidden-phone elementor-widget elementor-widget-nav-menu\" data-id=\"a8a6225\" data-element_type=\"widget\" data-e-type=\"widget\" data-settings=\"{&quot;layout&quot;:&quot;vertical&quot;,&quot;submenu_icon&quot;:{&quot;value&quot;:&quot;&lt;i class=\\&quot;fas e-plus-icon\\&quot; aria-hidden=\\&quot;true\\&quot;&gt;&lt;\\\/i&gt;&quot;,&quot;library&quot;:&quot;&quot;}}\" data-widget_type=\"nav-menu.default\">\n\t\t\t\t<div class=\"elementor-widget-container\">\n\t\t\t\t\t\t\t\t<nav aria-label=\"Men\u00fa\" class=\"elementor-nav-menu--main elementor-nav-menu__container elementor-nav-menu--layout-vertical e--pointer-none\">\n\t\t\t\t<ul id=\"menu-1-a8a6225\" class=\"elementor-nav-menu sm-vertical\"><li class=\"menu-item menu-item-type-post_type menu-item-object-page menu-item-4125\"><a href=\"https:\/\/mazzettirenato.it\/es\/productos\/lineas-de-moldeo\/\" class=\"elementor-item\">Lineas de moldeo<\/a><\/li>\n<li class=\"menu-item menu-item-type-post_type menu-item-object-page menu-item-4124\"><a href=\"https:\/\/mazzettirenato.it\/es\/productos\/refinadoras-wa-fa\/\" class=\"elementor-item\">Refinadoras WA-FA<\/a><\/li>\n<li class=\"menu-item menu-item-type-post_type menu-item-object-page menu-item-4123\"><a href=\"https:\/\/mazzettirenato.it\/es\/productos\/gotas-de-chocolate\/\" class=\"elementor-item\">Gotas de chocolate<\/a><\/li>\n<li class=\"menu-item menu-item-type-post_type menu-item-object-page menu-item-4122\"><a href=\"https:\/\/mazzettirenato.it\/es\/productos\/centros-de-chocolate\/\" class=\"elementor-item\">Centros de chocolate<\/a><\/li>\n<li class=\"menu-item menu-item-type-post_type menu-item-object-page menu-item-4120\"><a href=\"https:\/\/mazzettirenato.it\/es\/productos\/templadoras-tao\/\" class=\"elementor-item\">Templadoras TAO<\/a><\/li>\n<li class=\"menu-item menu-item-type-post_type menu-item-object-page menu-item-4119\"><a href=\"https:\/\/mazzettirenato.it\/es\/productos\/pick_and_place\/\" class=\"elementor-item\">Pick&#038;Place<\/a><\/li>\n<li class=\"menu-item menu-item-type-post_type menu-item-object-page menu-item-4118\"><a href=\"https:\/\/mazzettirenato.it\/es\/productos\/equipos-auxiliares\/\" class=\"elementor-item\">Equipos auxiliares<\/a><\/li>\n<\/ul>\t\t\t<\/nav>\n\t\t\t\t\t\t<nav class=\"elementor-nav-menu--dropdown elementor-nav-menu__container\" aria-hidden=\"true\">\n\t\t\t\t<ul id=\"menu-2-a8a6225\" class=\"elementor-nav-menu sm-vertical\"><li class=\"menu-item menu-item-type-post_type menu-item-object-page menu-item-4125\"><a href=\"https:\/\/mazzettirenato.it\/es\/productos\/lineas-de-moldeo\/\" class=\"elementor-item\" tabindex=\"-1\">Lineas de moldeo<\/a><\/li>\n<li class=\"menu-item menu-item-type-post_type menu-item-object-page menu-item-4124\"><a href=\"https:\/\/mazzettirenato.it\/es\/productos\/refinadoras-wa-fa\/\" class=\"elementor-item\" tabindex=\"-1\">Refinadoras WA-FA<\/a><\/li>\n<li class=\"menu-item menu-item-type-post_type menu-item-object-page menu-item-4123\"><a href=\"https:\/\/mazzettirenato.it\/es\/productos\/gotas-de-chocolate\/\" class=\"elementor-item\" tabindex=\"-1\">Gotas de chocolate<\/a><\/li>\n<li class=\"menu-item menu-item-type-post_type menu-item-object-page menu-item-4122\"><a href=\"https:\/\/mazzettirenato.it\/es\/productos\/centros-de-chocolate\/\" class=\"elementor-item\" tabindex=\"-1\">Centros de chocolate<\/a><\/li>\n<li class=\"menu-item menu-item-type-post_type menu-item-object-page menu-item-4120\"><a href=\"https:\/\/mazzettirenato.it\/es\/productos\/templadoras-tao\/\" class=\"elementor-item\" tabindex=\"-1\">Templadoras TAO<\/a><\/li>\n<li class=\"menu-item menu-item-type-post_type menu-item-object-page menu-item-4119\"><a href=\"https:\/\/mazzettirenato.it\/es\/productos\/pick_and_place\/\" class=\"elementor-item\" tabindex=\"-1\">Pick&#038;Place<\/a><\/li>\n<li class=\"menu-item menu-item-type-post_type menu-item-object-page menu-item-4118\"><a href=\"https:\/\/mazzettirenato.it\/es\/productos\/equipos-auxiliares\/\" class=\"elementor-item\" tabindex=\"-1\">Equipos auxiliares<\/a><\/li>\n<\/ul>\t\t\t<\/nav>\n\t\t\t\t\t\t<\/div>\n\t\t\t\t<\/div>\n\t\t\t\t<div class=\"elementor-element elementor-element-3850697 elementor-widget elementor-widget-image-carousel\" data-id=\"3850697\" data-element_type=\"widget\" data-e-type=\"widget\" data-settings=\"{&quot;slides_to_show&quot;:&quot;1&quot;,&quot;navigation&quot;:&quot;none&quot;,&quot;autoplay_speed&quot;:3000,&quot;effect&quot;:&quot;fade&quot;,&quot;autoplay&quot;:&quot;yes&quot;,&quot;pause_on_hover&quot;:&quot;yes&quot;,&quot;pause_on_interaction&quot;:&quot;yes&quot;,&quot;infinite&quot;:&quot;yes&quot;,&quot;speed&quot;:500}\" data-widget_type=\"image-carousel.default\">\n\t\t\t\t<div class=\"elementor-widget-container\">\n\t\t\t\t\t\t\t<div class=\"elementor-image-carousel-wrapper swiper\" role=\"region\" aria-roledescription=\"carousel\" aria-label=\"Carrusel de im\u00e1genes\" dir=\"ltr\">\n\t\t\t<div class=\"elementor-image-carousel swiper-wrapper\" aria-live=\"off\">\n\t\t\t\t\t\t\t\t<div class=\"swiper-slide\" role=\"group\" aria-roledescription=\"slide\" aria-label=\"1 de 2\"><figure class=\"swiper-slide-inner\"><img decoding=\"async\" class=\"swiper-slide-image\" src=\"https:\/\/mazzettirenato.it\/wp-content\/uploads\/2023\/03\/mazzetti_renato_temperatrici_img2.jpg\" alt=\"mazzetti_renato_temperatrici_img2.jpg\" \/><\/figure><\/div><div class=\"swiper-slide\" role=\"group\" aria-roledescription=\"slide\" aria-label=\"2 de 2\"><figure class=\"swiper-slide-inner\"><img decoding=\"async\" class=\"swiper-slide-image\" src=\"https:\/\/mazzettirenato.it\/wp-content\/uploads\/2023\/03\/mazzetti_renato_temperatrici_img1.jpg\" alt=\"mazzetti_renato_temperatrici_img1.jpg\" \/><\/figure><\/div>\t\t\t<\/div>\n\t\t\t\t\t\t\t\n\t\t\t\t\t\t\t\t\t<\/div>\n\t\t\t\t\t\t<\/div>\n\t\t\t\t<\/div>\n\t\t\t\t\t<\/div>\n\t\t<\/div>\n\t\t\t\t\t<\/div>\n\t\t<\/section>\n\t\t\t\t<section class=\"elementor-section elementor-top-section elementor-element elementor-element-889d1f5 elementor-section-height-min-height elementor-section-boxed elementor-section-height-default elementor-section-items-middle\" data-id=\"889d1f5\" data-element_type=\"section\" data-e-type=\"section\" data-settings=\"{&quot;background_background&quot;:&quot;classic&quot;}\">\n\t\t\t\t\t\t<div class=\"elementor-container elementor-column-gap-default\">\n\t\t\t\t\t<div class=\"elementor-column elementor-col-50 elementor-top-column elementor-element elementor-element-07826fb\" data-id=\"07826fb\" data-element_type=\"column\" data-e-type=\"column\">\n\t\t\t<div class=\"elementor-widget-wrap elementor-element-populated\">\n\t\t\t\t\t\t<div class=\"elementor-element elementor-element-7e7b597 elementor-widget elementor-widget-image\" data-id=\"7e7b597\" data-element_type=\"widget\" data-e-type=\"widget\" data-widget_type=\"image.default\">\n\t\t\t\t<div class=\"elementor-widget-container\">\n\t\t\t\t\t\t\t\t\t\t\t\t\t\t\t<img fetchpriority=\"high\" decoding=\"async\" width=\"572\" height=\"509\" src=\"https:\/\/mazzettirenato.it\/wp-content\/uploads\/2020\/02\/mazzetti_renato_temperatrici_img.png\" class=\"attachment-large size-large wp-image-377\" alt=\"\" srcset=\"https:\/\/mazzettirenato.it\/wp-content\/uploads\/2020\/02\/mazzetti_renato_temperatrici_img.png 572w, https:\/\/mazzettirenato.it\/wp-content\/uploads\/2020\/02\/mazzetti_renato_temperatrici_img-300x267.png 300w\" sizes=\"(max-width: 572px) 100vw, 572px\" \/>\t\t\t\t\t\t\t\t\t\t\t\t\t\t\t<\/div>\n\t\t\t\t<\/div>\n\t\t\t\t\t<\/div>\n\t\t<\/div>\n\t\t\t\t<div class=\"elementor-column elementor-col-50 elementor-top-column elementor-element elementor-element-976baf5\" data-id=\"976baf5\" data-element_type=\"column\" data-e-type=\"column\">\n\t\t\t<div class=\"elementor-widget-wrap\">\n\t\t\t\t\t\t\t<\/div>\n\t\t<\/div>\n\t\t\t\t\t<\/div>\n\t\t<\/section>\n\t\t\t\t<section class=\"elementor-section elementor-top-section elementor-element elementor-element-d3448cc elementor-section-height-min-height elementor-section-boxed elementor-section-height-default elementor-section-items-middle\" data-id=\"d3448cc\" data-element_type=\"section\" data-e-type=\"section\" data-settings=\"{&quot;background_background&quot;:&quot;classic&quot;}\">\n\t\t\t\t\t\t<div class=\"elementor-container elementor-column-gap-default\">\n\t\t\t\t\t<div class=\"elementor-column elementor-col-100 elementor-top-column elementor-element elementor-element-f43a765\" data-id=\"f43a765\" data-element_type=\"column\" data-e-type=\"column\">\n\t\t\t<div class=\"elementor-widget-wrap elementor-element-populated\">\n\t\t\t\t\t\t<div class=\"elementor-element elementor-element-bd16045 elementor-widget elementor-widget-heading\" data-id=\"bd16045\" data-element_type=\"widget\" data-e-type=\"widget\" data-widget_type=\"heading.default\">\n\t\t\t\t<div class=\"elementor-widget-container\">\n\t\t\t\t\t<h2 class=\"elementor-heading-title elementor-size-default\">Mazzetti Renato, Templadoras TAO<\/h2>\t\t\t\t<\/div>\n\t\t\t\t<\/div>\n\t\t\t\t<div class=\"elementor-element elementor-element-962dfdb elementor-align-center elementor-widget elementor-widget-button\" data-id=\"962dfdb\" data-element_type=\"widget\" data-e-type=\"widget\" data-widget_type=\"button.default\">\n\t\t\t\t<div class=\"elementor-widget-container\">\n\t\t\t\t\t\t\t\t\t<div class=\"elementor-button-wrapper\">\n\t\t\t\t\t<a class=\"elementor-button elementor-button-link elementor-size-sm\" href=\"https:\/\/mazzettirenato.it\/wp-content\/uploads\/2023\/04\/TAO-Tempering-Machine-MazzettiRenato-EN-ES.pdf\" target=\"_blank\">\n\t\t\t\t\t\t<span class=\"elementor-button-content-wrapper\">\n\t\t\t\t\t\t\t\t\t<span class=\"elementor-button-text\">Datasheet<\/span>\n\t\t\t\t\t<\/span>\n\t\t\t\t\t<\/a>\n\t\t\t\t<\/div>\n\t\t\t\t\t\t\t\t<\/div>\n\t\t\t\t<\/div>\n\t\t\t\t\t<\/div>\n\t\t<\/div>\n\t\t\t\t\t<\/div>\n\t\t<\/section>\n\t\t\t\t<\/div>\n\t\t","protected":false},"excerpt":{"rendered":"<p>Templadoras TAO Construidos en acero inoxidable para ser robustos y flexibles al mismo tiempo est\u00e1n dise\u00f1ados para proporcionar un flujo constante de chocolate o cremas perfectamente templados. Un estator dise\u00f1ado espec\u00edficamente, construido en sectores independientes, proporciona un flujo uniforme de agua templada alrededor de cada sector. Un sistema de control de temperatura preciso puede establecer, &#8230; <a title=\"Templadoras TAO\" class=\"read-more\" href=\"https:\/\/mazzettirenato.it\/es\/productos\/templadoras-tao\/\" aria-label=\"Leer m\u00e1s sobre Templadoras TAO\">Leer m\u00e1s<\/a><\/p>\n","protected":false},"author":6,"featured_media":0,"parent":1100,"menu_order":0,"comment_status":"closed","ping_status":"closed","template":"elementor_header_footer","meta":{"footnotes":""},"class_list":["post-1106","page","type-page","status-publish"],"yoast_head":"<!-- This site is optimized with the Yoast SEO plugin v27.4 - https:\/\/yoast.com\/product\/yoast-seo-wordpress\/ -->\n<title>Templadoras TAO - Mazzetti Renato<\/title>\n<meta name=\"robots\" content=\"index, follow, max-snippet:-1, max-image-preview:large, max-video-preview:-1\" \/>\n<link rel=\"canonical\" href=\"https:\/\/mazzettirenato.it\/prodotti\/temperatrici_tao\/\" \/>\n<meta property=\"og:locale\" content=\"es_ES\" \/>\n<meta property=\"og:type\" content=\"article\" \/>\n<meta property=\"og:title\" content=\"Templadoras TAO - Mazzetti Renato\" \/>\n<meta property=\"og:description\" content=\"Templadoras TAO Construidos en acero inoxidable para ser robustos y flexibles al mismo tiempo est\u00e1n dise\u00f1ados para proporcionar un flujo constante de chocolate o cremas perfectamente templados. Un estator dise\u00f1ado espec\u00edficamente, construido en sectores independientes, proporciona un flujo uniforme de agua templada alrededor de cada sector. Un sistema de control de temperatura preciso puede establecer, ... Leer m\u00e1s\" \/>\n<meta property=\"og:url\" content=\"https:\/\/mazzettirenato.it\/prodotti\/temperatrici_tao\/\" \/>\n<meta property=\"og:site_name\" content=\"Mazzetti Renato\" \/>\n<meta property=\"article:modified_time\" content=\"2023-10-10T10:25:25+00:00\" \/>\n<meta property=\"og:image\" content=\"https:\/\/mazzettirenato.it\/wp-content\/uploads\/2023\/03\/mazzetti_renato_temperatrici_img2.jpg\" \/>\n<meta name=\"twitter:card\" content=\"summary_large_image\" \/>\n<meta name=\"twitter:label1\" content=\"Tiempo de lectura\" \/>\n\t<meta name=\"twitter:data1\" content=\"2 minutos\" \/>\n<script type=\"application\/ld+json\" class=\"yoast-schema-graph\">{\"@context\":\"https:\\\/\\\/schema.org\",\"@graph\":[{\"@type\":\"WebPage\",\"@id\":\"https:\\\/\\\/mazzettirenato.it\\\/prodotti\\\/temperatrici_tao\\\/\",\"url\":\"https:\\\/\\\/mazzettirenato.it\\\/prodotti\\\/temperatrici_tao\\\/\",\"name\":\"Templadoras TAO - Mazzetti Renato\",\"isPartOf\":{\"@id\":\"https:\\\/\\\/mazzettirenato.it\\\/#website\"},\"primaryImageOfPage\":{\"@id\":\"https:\\\/\\\/mazzettirenato.it\\\/prodotti\\\/temperatrici_tao\\\/#primaryimage\"},\"image\":{\"@id\":\"https:\\\/\\\/mazzettirenato.it\\\/prodotti\\\/temperatrici_tao\\\/#primaryimage\"},\"thumbnailUrl\":\"https:\\\/\\\/mazzettirenato.it\\\/wp-content\\\/uploads\\\/2023\\\/03\\\/mazzetti_renato_temperatrici_img2.jpg\",\"datePublished\":\"2020-02-26T12:20:38+00:00\",\"dateModified\":\"2023-10-10T10:25:25+00:00\",\"breadcrumb\":{\"@id\":\"https:\\\/\\\/mazzettirenato.it\\\/prodotti\\\/temperatrici_tao\\\/#breadcrumb\"},\"inLanguage\":\"es\",\"potentialAction\":[{\"@type\":\"ReadAction\",\"target\":[\"https:\\\/\\\/mazzettirenato.it\\\/prodotti\\\/temperatrici_tao\\\/\"]}]},{\"@type\":\"ImageObject\",\"inLanguage\":\"es\",\"@id\":\"https:\\\/\\\/mazzettirenato.it\\\/prodotti\\\/temperatrici_tao\\\/#primaryimage\",\"url\":\"https:\\\/\\\/mazzettirenato.it\\\/wp-content\\\/uploads\\\/2023\\\/03\\\/mazzetti_renato_temperatrici_img2.jpg\",\"contentUrl\":\"https:\\\/\\\/mazzettirenato.it\\\/wp-content\\\/uploads\\\/2023\\\/03\\\/mazzetti_renato_temperatrici_img2.jpg\"},{\"@type\":\"BreadcrumbList\",\"@id\":\"https:\\\/\\\/mazzettirenato.it\\\/prodotti\\\/temperatrici_tao\\\/#breadcrumb\",\"itemListElement\":[{\"@type\":\"ListItem\",\"position\":1,\"name\":\"Mazzetti Renato\",\"item\":\"https:\\\/\\\/mazzettirenato.it\\\/\"},{\"@type\":\"ListItem\",\"position\":2,\"name\":\"Productos\",\"item\":\"https:\\\/\\\/mazzettirenato.it\\\/es\\\/productos\\\/\"},{\"@type\":\"ListItem\",\"position\":3,\"name\":\"Templadoras TAO\"}]},{\"@type\":\"WebSite\",\"@id\":\"https:\\\/\\\/mazzettirenato.it\\\/#website\",\"url\":\"https:\\\/\\\/mazzettirenato.it\\\/\",\"name\":\"Mazzetti Renato\",\"description\":\"Mazzetti Renato\",\"potentialAction\":[{\"@type\":\"SearchAction\",\"target\":{\"@type\":\"EntryPoint\",\"urlTemplate\":\"https:\\\/\\\/mazzettirenato.it\\\/?s={search_term_string}\"},\"query-input\":{\"@type\":\"PropertyValueSpecification\",\"valueRequired\":true,\"valueName\":\"search_term_string\"}}],\"inLanguage\":\"es\"}]}<\/script>\n<!-- \/ Yoast SEO plugin. -->","yoast_head_json":{"title":"Templadoras TAO - Mazzetti Renato","robots":{"index":"index","follow":"follow","max-snippet":"max-snippet:-1","max-image-preview":"max-image-preview:large","max-video-preview":"max-video-preview:-1"},"canonical":"https:\/\/mazzettirenato.it\/prodotti\/temperatrici_tao\/","og_locale":"es_ES","og_type":"article","og_title":"Templadoras TAO - Mazzetti Renato","og_description":"Templadoras TAO Construidos en acero inoxidable para ser robustos y flexibles al mismo tiempo est\u00e1n dise\u00f1ados para proporcionar un flujo constante de chocolate o cremas perfectamente templados. Un estator dise\u00f1ado espec\u00edficamente, construido en sectores independientes, proporciona un flujo uniforme de agua templada alrededor de cada sector. Un sistema de control de temperatura preciso puede establecer, ... Leer m\u00e1s","og_url":"https:\/\/mazzettirenato.it\/prodotti\/temperatrici_tao\/","og_site_name":"Mazzetti Renato","article_modified_time":"2023-10-10T10:25:25+00:00","og_image":[{"url":"https:\/\/mazzettirenato.it\/wp-content\/uploads\/2023\/03\/mazzetti_renato_temperatrici_img2.jpg","type":"","width":"","height":""}],"twitter_card":"summary_large_image","twitter_misc":{"Tiempo de lectura":"2 minutos"},"schema":{"@context":"https:\/\/schema.org","@graph":[{"@type":"WebPage","@id":"https:\/\/mazzettirenato.it\/prodotti\/temperatrici_tao\/","url":"https:\/\/mazzettirenato.it\/prodotti\/temperatrici_tao\/","name":"Templadoras TAO - Mazzetti Renato","isPartOf":{"@id":"https:\/\/mazzettirenato.it\/#website"},"primaryImageOfPage":{"@id":"https:\/\/mazzettirenato.it\/prodotti\/temperatrici_tao\/#primaryimage"},"image":{"@id":"https:\/\/mazzettirenato.it\/prodotti\/temperatrici_tao\/#primaryimage"},"thumbnailUrl":"https:\/\/mazzettirenato.it\/wp-content\/uploads\/2023\/03\/mazzetti_renato_temperatrici_img2.jpg","datePublished":"2020-02-26T12:20:38+00:00","dateModified":"2023-10-10T10:25:25+00:00","breadcrumb":{"@id":"https:\/\/mazzettirenato.it\/prodotti\/temperatrici_tao\/#breadcrumb"},"inLanguage":"es","potentialAction":[{"@type":"ReadAction","target":["https:\/\/mazzettirenato.it\/prodotti\/temperatrici_tao\/"]}]},{"@type":"ImageObject","inLanguage":"es","@id":"https:\/\/mazzettirenato.it\/prodotti\/temperatrici_tao\/#primaryimage","url":"https:\/\/mazzettirenato.it\/wp-content\/uploads\/2023\/03\/mazzetti_renato_temperatrici_img2.jpg","contentUrl":"https:\/\/mazzettirenato.it\/wp-content\/uploads\/2023\/03\/mazzetti_renato_temperatrici_img2.jpg"},{"@type":"BreadcrumbList","@id":"https:\/\/mazzettirenato.it\/prodotti\/temperatrici_tao\/#breadcrumb","itemListElement":[{"@type":"ListItem","position":1,"name":"Mazzetti Renato","item":"https:\/\/mazzettirenato.it\/"},{"@type":"ListItem","position":2,"name":"Productos","item":"https:\/\/mazzettirenato.it\/es\/productos\/"},{"@type":"ListItem","position":3,"name":"Templadoras TAO"}]},{"@type":"WebSite","@id":"https:\/\/mazzettirenato.it\/#website","url":"https:\/\/mazzettirenato.it\/","name":"Mazzetti Renato","description":"Mazzetti Renato","potentialAction":[{"@type":"SearchAction","target":{"@type":"EntryPoint","urlTemplate":"https:\/\/mazzettirenato.it\/?s={search_term_string}"},"query-input":{"@type":"PropertyValueSpecification","valueRequired":true,"valueName":"search_term_string"}}],"inLanguage":"es"}]}},"_links":{"self":[{"href":"https:\/\/mazzettirenato.it\/es\/wp-json\/wp\/v2\/pages\/1106","targetHints":{"allow":["GET"]}}],"collection":[{"href":"https:\/\/mazzettirenato.it\/es\/wp-json\/wp\/v2\/pages"}],"about":[{"href":"https:\/\/mazzettirenato.it\/es\/wp-json\/wp\/v2\/types\/page"}],"author":[{"embeddable":true,"href":"https:\/\/mazzettirenato.it\/es\/wp-json\/wp\/v2\/users\/6"}],"replies":[{"embeddable":true,"href":"https:\/\/mazzettirenato.it\/es\/wp-json\/wp\/v2\/comments?post=1106"}],"version-history":[{"count":13,"href":"https:\/\/mazzettirenato.it\/es\/wp-json\/wp\/v2\/pages\/1106\/revisions"}],"predecessor-version":[{"id":5434,"href":"https:\/\/mazzettirenato.it\/es\/wp-json\/wp\/v2\/pages\/1106\/revisions\/5434"}],"up":[{"embeddable":true,"href":"https:\/\/mazzettirenato.it\/es\/wp-json\/wp\/v2\/pages\/1100"}],"wp:attachment":[{"href":"https:\/\/mazzettirenato.it\/es\/wp-json\/wp\/v2\/media?parent=1106"}],"curies":[{"name":"wp","href":"https:\/\/api.w.org\/{rel}","templated":true}]}}