{"id":1104,"date":"2020-02-26T12:21:40","date_gmt":"2020-02-26T12:21:40","guid":{"rendered":"https:\/\/mazzettirenato.it\/productos\/pick_and_place\/"},"modified":"2023-10-10T10:25:53","modified_gmt":"2023-10-10T10:25:53","slug":"pick_and_place","status":"publish","type":"page","link":"https:\/\/mazzettirenato.it\/es\/productos\/pick_and_place\/","title":{"rendered":"Pick&#038;Place"},"content":{"rendered":"\t\t<div data-elementor-type=\"wp-page\" data-elementor-id=\"1104\" class=\"elementor elementor-1104 elementor-254\" data-elementor-post-type=\"page\">\n\t\t\t\t\t\t<section class=\"elementor-section elementor-top-section elementor-element elementor-element-d338ff1 elementor-section-full_width elementor-section-stretched elementor-section-height-min-height elementor-section-items-bottom elementor-section-height-default\" data-id=\"d338ff1\" data-element_type=\"section\" data-e-type=\"section\" data-settings=\"{&quot;stretch_section&quot;:&quot;section-stretched&quot;,&quot;background_background&quot;:&quot;classic&quot;}\">\n\t\t\t\t\t\t\t<div class=\"elementor-background-overlay\"><\/div>\n\t\t\t\t\t\t\t<div class=\"elementor-container elementor-column-gap-no\">\n\t\t\t\t\t<div class=\"elementor-column elementor-col-100 elementor-top-column elementor-element elementor-element-176a400\" data-id=\"176a400\" data-element_type=\"column\" data-e-type=\"column\">\n\t\t\t<div class=\"elementor-widget-wrap\">\n\t\t\t\t\t\t\t<\/div>\n\t\t<\/div>\n\t\t\t\t\t<\/div>\n\t\t<\/section>\n\t\t\t\t<section class=\"elementor-section elementor-top-section elementor-element elementor-element-5451f49 elementor-section-boxed elementor-section-height-default elementor-section-height-default\" data-id=\"5451f49\" data-element_type=\"section\" data-e-type=\"section\" data-settings=\"{&quot;background_background&quot;:&quot;classic&quot;}\">\n\t\t\t\t\t\t<div class=\"elementor-container elementor-column-gap-default\">\n\t\t\t\t\t<div class=\"elementor-column elementor-col-100 elementor-top-column elementor-element elementor-element-991f500\" data-id=\"991f500\" data-element_type=\"column\" data-e-type=\"column\">\n\t\t\t<div class=\"elementor-widget-wrap elementor-element-populated\">\n\t\t\t\t\t\t<div class=\"elementor-element elementor-element-b0810c3 elementor-widget elementor-widget-breadcrumbs\" data-id=\"b0810c3\" data-element_type=\"widget\" data-e-type=\"widget\" data-widget_type=\"breadcrumbs.default\">\n\t\t\t\t<div class=\"elementor-widget-container\">\n\t\t\t\t\t<p id=\"breadcrumbs\"><span><span><a href=\"https:\/\/mazzettirenato.it\/\">Mazzetti Renato<\/a><\/span><\/span><\/p>\t\t\t\t<\/div>\n\t\t\t\t<\/div>\n\t\t\t\t<div class=\"elementor-element elementor-element-10e5a46 elementor-widget elementor-widget-heading\" data-id=\"10e5a46\" data-element_type=\"widget\" data-e-type=\"widget\" data-widget_type=\"heading.default\">\n\t\t\t\t<div class=\"elementor-widget-container\">\n\t\t\t\t\t<h2 class=\"elementor-heading-title elementor-size-default\">Pick&amp;Place<\/h2>\t\t\t\t<\/div>\n\t\t\t\t<\/div>\n\t\t\t\t<div class=\"elementor-element elementor-element-672c1f2 elementor-widget elementor-widget-heading\" data-id=\"672c1f2\" data-element_type=\"widget\" data-e-type=\"widget\" data-widget_type=\"heading.default\">\n\t\t\t\t<div class=\"elementor-widget-container\">\n\t\t\t\t\t<h2 class=\"elementor-heading-title elementor-size-default\">y mezcladores de ingredientes solidos<\/h2>\t\t\t\t<\/div>\n\t\t\t\t<\/div>\n\t\t\t\t\t<\/div>\n\t\t<\/div>\n\t\t\t\t\t<\/div>\n\t\t<\/section>\n\t\t\t\t<section class=\"elementor-section elementor-top-section elementor-element elementor-element-b258b57 elementor-section-boxed elementor-section-height-default elementor-section-height-default\" data-id=\"b258b57\" data-element_type=\"section\" data-e-type=\"section\" data-settings=\"{&quot;background_background&quot;:&quot;classic&quot;}\">\n\t\t\t\t\t\t<div class=\"elementor-container elementor-column-gap-default\">\n\t\t\t\t\t<div class=\"elementor-column elementor-col-50 elementor-top-column elementor-element elementor-element-39a2de8\" data-id=\"39a2de8\" data-element_type=\"column\" data-e-type=\"column\">\n\t\t\t<div class=\"elementor-widget-wrap elementor-element-populated\">\n\t\t\t\t\t\t<section class=\"elementor-section elementor-inner-section elementor-element elementor-element-481f3db elementor-section-boxed elementor-section-height-default elementor-section-height-default\" data-id=\"481f3db\" data-element_type=\"section\" data-e-type=\"section\">\n\t\t\t\t\t\t<div class=\"elementor-container elementor-column-gap-default\">\n\t\t\t\t\t<div class=\"elementor-column elementor-col-50 elementor-inner-column elementor-element elementor-element-5874139\" data-id=\"5874139\" data-element_type=\"column\" data-e-type=\"column\" data-settings=\"{&quot;background_background&quot;:&quot;classic&quot;}\">\n\t\t\t<div class=\"elementor-widget-wrap elementor-element-populated\">\n\t\t\t\t\t\t<div class=\"elementor-element elementor-element-e7b6142 elementor-widget elementor-widget-heading\" data-id=\"e7b6142\" data-element_type=\"widget\" data-e-type=\"widget\" data-widget_type=\"heading.default\">\n\t\t\t\t<div class=\"elementor-widget-container\">\n\t\t\t\t\t<h2 class=\"elementor-heading-title elementor-size-default\">Nuestra compa\u00f1\u00eda puede proporcionar varias aplicaciones rob\u00f3ticas<\/h2>\t\t\t\t<\/div>\n\t\t\t\t<\/div>\n\t\t\t\t\t<\/div>\n\t\t<\/div>\n\t\t\t\t<div class=\"elementor-column elementor-col-50 elementor-inner-column elementor-element elementor-element-53a1662\" data-id=\"53a1662\" data-element_type=\"column\" data-e-type=\"column\">\n\t\t\t<div class=\"elementor-widget-wrap elementor-element-populated\">\n\t\t\t\t\t\t<div class=\"elementor-element elementor-element-9ca5d67 elementor-widget elementor-widget-text-editor\" data-id=\"9ca5d67\" data-element_type=\"widget\" data-e-type=\"widget\" data-widget_type=\"text-editor.default\">\n\t\t\t\t<div class=\"elementor-widget-container\">\n\t\t\t\t\t\t\t\t\t<p>para automatizar\u00a0completamente la alimentaci\u00f3n de galletas, obleas, avellanas o cerezas en productos espec\u00edficos, as\u00ed como sistemas de desmoldeo y alimentaci\u00f3n para mover autom\u00e1ticamente los productos terminados en cintas listas para el empaque.<\/p>\t\t\t\t\t\t\t\t<\/div>\n\t\t\t\t<\/div>\n\t\t\t\t\t<\/div>\n\t\t<\/div>\n\t\t\t\t\t<\/div>\n\t\t<\/section>\n\t\t\t\t<div class=\"elementor-element elementor-element-70769e9 elementor-widget elementor-widget-text-editor\" data-id=\"70769e9\" data-element_type=\"widget\" data-e-type=\"widget\" data-widget_type=\"text-editor.default\">\n\t\t\t\t<div class=\"elementor-widget-container\">\n\t\t\t\t\t\t\t\t\t<p>Soluciones rentables y personalizadas que pueden ofrecerse en nuestras l\u00edneas, as\u00ed como integrarse en las l\u00edneas de moldeo existentes para tener nuevas opciones de producci\u00f3n a un costo muy bajo y con un ahorro excepcional en t\u00e9rminos de costos laborales. Los sistemas Pick &amp; Place tambi\u00e9n se desarrollan junto con nuestros clientes para la creaci\u00f3n de productos especiales como bombones con avellanas individuales o barras de chocolate con galletas u obleas.<\/p>\t\t\t\t\t\t\t\t<\/div>\n\t\t\t\t<\/div>\n\t\t\t\t\t<\/div>\n\t\t<\/div>\n\t\t\t\t<div class=\"elementor-column elementor-col-50 elementor-top-column elementor-element elementor-element-f93fe12\" data-id=\"f93fe12\" data-element_type=\"column\" data-e-type=\"column\">\n\t\t\t<div class=\"elementor-widget-wrap elementor-element-populated\">\n\t\t\t\t\t\t<div class=\"elementor-element elementor-element-5176772 elementor-hidden-phone elementor-widget elementor-widget-heading\" data-id=\"5176772\" data-element_type=\"widget\" data-e-type=\"widget\" data-widget_type=\"heading.default\">\n\t\t\t\t<div class=\"elementor-widget-container\">\n\t\t\t\t\t<h2 class=\"elementor-heading-title elementor-size-default\">PRODUCTOS<\/h2>\t\t\t\t<\/div>\n\t\t\t\t<\/div>\n\t\t\t\t<div class=\"elementor-element elementor-element-e83c3c4 elementor-nav-menu__align-start elementor-nav-menu--dropdown-none elementor-hidden-phone elementor-widget elementor-widget-nav-menu\" data-id=\"e83c3c4\" data-element_type=\"widget\" data-e-type=\"widget\" data-settings=\"{&quot;layout&quot;:&quot;vertical&quot;,&quot;submenu_icon&quot;:{&quot;value&quot;:&quot;&lt;i class=\\&quot;fas e-plus-icon\\&quot; aria-hidden=\\&quot;true\\&quot;&gt;&lt;\\\/i&gt;&quot;,&quot;library&quot;:&quot;&quot;}}\" data-widget_type=\"nav-menu.default\">\n\t\t\t\t<div class=\"elementor-widget-container\">\n\t\t\t\t\t\t\t\t<nav aria-label=\"Men\u00fa\" class=\"elementor-nav-menu--main elementor-nav-menu__container elementor-nav-menu--layout-vertical e--pointer-none\">\n\t\t\t\t<ul id=\"menu-1-e83c3c4\" class=\"elementor-nav-menu sm-vertical\"><li class=\"menu-item menu-item-type-post_type menu-item-object-page menu-item-4125\"><a href=\"https:\/\/mazzettirenato.it\/es\/productos\/lineas-de-moldeo\/\" class=\"elementor-item\">Lineas de moldeo<\/a><\/li>\n<li class=\"menu-item menu-item-type-post_type menu-item-object-page menu-item-4124\"><a href=\"https:\/\/mazzettirenato.it\/es\/productos\/refinadoras-wa-fa\/\" class=\"elementor-item\">Refinadoras WA-FA<\/a><\/li>\n<li class=\"menu-item menu-item-type-post_type menu-item-object-page menu-item-4123\"><a href=\"https:\/\/mazzettirenato.it\/es\/productos\/gotas-de-chocolate\/\" class=\"elementor-item\">Gotas de chocolate<\/a><\/li>\n<li class=\"menu-item menu-item-type-post_type menu-item-object-page menu-item-4122\"><a href=\"https:\/\/mazzettirenato.it\/es\/productos\/centros-de-chocolate\/\" class=\"elementor-item\">Centros de chocolate<\/a><\/li>\n<li class=\"menu-item menu-item-type-post_type menu-item-object-page menu-item-4120\"><a href=\"https:\/\/mazzettirenato.it\/es\/productos\/templadoras-tao\/\" class=\"elementor-item\">Templadoras TAO<\/a><\/li>\n<li class=\"menu-item menu-item-type-post_type menu-item-object-page menu-item-4119\"><a href=\"https:\/\/mazzettirenato.it\/es\/productos\/pick_and_place\/\" class=\"elementor-item\">Pick&#038;Place<\/a><\/li>\n<li class=\"menu-item menu-item-type-post_type menu-item-object-page menu-item-4118\"><a href=\"https:\/\/mazzettirenato.it\/es\/productos\/equipos-auxiliares\/\" class=\"elementor-item\">Equipos auxiliares<\/a><\/li>\n<\/ul>\t\t\t<\/nav>\n\t\t\t\t\t\t<nav class=\"elementor-nav-menu--dropdown elementor-nav-menu__container\" aria-hidden=\"true\">\n\t\t\t\t<ul id=\"menu-2-e83c3c4\" class=\"elementor-nav-menu sm-vertical\"><li class=\"menu-item menu-item-type-post_type menu-item-object-page menu-item-4125\"><a href=\"https:\/\/mazzettirenato.it\/es\/productos\/lineas-de-moldeo\/\" class=\"elementor-item\" tabindex=\"-1\">Lineas de moldeo<\/a><\/li>\n<li class=\"menu-item menu-item-type-post_type menu-item-object-page menu-item-4124\"><a href=\"https:\/\/mazzettirenato.it\/es\/productos\/refinadoras-wa-fa\/\" class=\"elementor-item\" tabindex=\"-1\">Refinadoras WA-FA<\/a><\/li>\n<li class=\"menu-item menu-item-type-post_type menu-item-object-page menu-item-4123\"><a href=\"https:\/\/mazzettirenato.it\/es\/productos\/gotas-de-chocolate\/\" class=\"elementor-item\" tabindex=\"-1\">Gotas de chocolate<\/a><\/li>\n<li class=\"menu-item menu-item-type-post_type menu-item-object-page menu-item-4122\"><a href=\"https:\/\/mazzettirenato.it\/es\/productos\/centros-de-chocolate\/\" class=\"elementor-item\" tabindex=\"-1\">Centros de chocolate<\/a><\/li>\n<li class=\"menu-item menu-item-type-post_type menu-item-object-page menu-item-4120\"><a href=\"https:\/\/mazzettirenato.it\/es\/productos\/templadoras-tao\/\" class=\"elementor-item\" tabindex=\"-1\">Templadoras TAO<\/a><\/li>\n<li class=\"menu-item menu-item-type-post_type menu-item-object-page menu-item-4119\"><a href=\"https:\/\/mazzettirenato.it\/es\/productos\/pick_and_place\/\" class=\"elementor-item\" tabindex=\"-1\">Pick&#038;Place<\/a><\/li>\n<li class=\"menu-item menu-item-type-post_type menu-item-object-page menu-item-4118\"><a href=\"https:\/\/mazzettirenato.it\/es\/productos\/equipos-auxiliares\/\" class=\"elementor-item\" tabindex=\"-1\">Equipos auxiliares<\/a><\/li>\n<\/ul>\t\t\t<\/nav>\n\t\t\t\t\t\t<\/div>\n\t\t\t\t<\/div>\n\t\t\t\t<div class=\"elementor-element elementor-element-03096d5 elementor-widget elementor-widget-image-carousel\" data-id=\"03096d5\" data-element_type=\"widget\" data-e-type=\"widget\" data-settings=\"{&quot;slides_to_show&quot;:&quot;1&quot;,&quot;navigation&quot;:&quot;none&quot;,&quot;autoplay_speed&quot;:3000,&quot;effect&quot;:&quot;fade&quot;,&quot;autoplay&quot;:&quot;yes&quot;,&quot;pause_on_hover&quot;:&quot;yes&quot;,&quot;pause_on_interaction&quot;:&quot;yes&quot;,&quot;infinite&quot;:&quot;yes&quot;,&quot;speed&quot;:500}\" data-widget_type=\"image-carousel.default\">\n\t\t\t\t<div class=\"elementor-widget-container\">\n\t\t\t\t\t\t\t<div class=\"elementor-image-carousel-wrapper swiper\" role=\"region\" aria-roledescription=\"carousel\" aria-label=\"Carrusel de im\u00e1genes\" dir=\"ltr\">\n\t\t\t<div class=\"elementor-image-carousel swiper-wrapper\" aria-live=\"off\">\n\t\t\t\t\t\t\t\t<div class=\"swiper-slide\" role=\"group\" aria-roledescription=\"slide\" aria-label=\"1 de 4\"><figure class=\"swiper-slide-inner\"><img decoding=\"async\" class=\"swiper-slide-image\" src=\"https:\/\/mazzettirenato.it\/wp-content\/uploads\/2023\/03\/mazzetti_renato_pickplace_img10.jpg\" alt=\"mazzetti_renato_pickplace_img10.jpg\" \/><\/figure><\/div><div class=\"swiper-slide\" role=\"group\" aria-roledescription=\"slide\" aria-label=\"2 de 4\"><figure class=\"swiper-slide-inner\"><img decoding=\"async\" class=\"swiper-slide-image\" src=\"https:\/\/mazzettirenato.it\/wp-content\/uploads\/2023\/03\/mazzetti_renato_pickplace_img11.jpg\" alt=\"mazzetti_renato_pickplace_img11.jpg\" \/><\/figure><\/div><div class=\"swiper-slide\" role=\"group\" aria-roledescription=\"slide\" aria-label=\"3 de 4\"><figure class=\"swiper-slide-inner\"><img decoding=\"async\" class=\"swiper-slide-image\" src=\"https:\/\/mazzettirenato.it\/wp-content\/uploads\/2023\/03\/mazzetti_renato_pickplace_img12.jpg\" alt=\"mazzetti_renato_pickplace_img12.jpg\" \/><\/figure><\/div><div class=\"swiper-slide\" role=\"group\" aria-roledescription=\"slide\" aria-label=\"4 de 4\"><figure class=\"swiper-slide-inner\"><img decoding=\"async\" class=\"swiper-slide-image\" src=\"https:\/\/mazzettirenato.it\/wp-content\/uploads\/2023\/03\/mazzetti_renato_pickplace_img13.jpg\" alt=\"mazzetti_renato_pickplace_img13.jpg\" \/><\/figure><\/div>\t\t\t<\/div>\n\t\t\t\t\t\t\t\n\t\t\t\t\t\t\t\t\t<\/div>\n\t\t\t\t\t\t<\/div>\n\t\t\t\t<\/div>\n\t\t\t\t\t<\/div>\n\t\t<\/div>\n\t\t\t\t\t<\/div>\n\t\t<\/section>\n\t\t\t\t<section class=\"elementor-section elementor-top-section elementor-element elementor-element-6bff1a0 elementor-section-height-min-height elementor-section-boxed elementor-section-height-default elementor-section-items-middle\" data-id=\"6bff1a0\" data-element_type=\"section\" data-e-type=\"section\" data-settings=\"{&quot;background_background&quot;:&quot;classic&quot;}\">\n\t\t\t\t\t\t<div class=\"elementor-container elementor-column-gap-default\">\n\t\t\t\t\t<div class=\"elementor-column elementor-col-100 elementor-top-column elementor-element elementor-element-ba5c9c5\" data-id=\"ba5c9c5\" data-element_type=\"column\" data-e-type=\"column\">\n\t\t\t<div class=\"elementor-widget-wrap elementor-element-populated\">\n\t\t\t\t\t\t<div class=\"elementor-element elementor-element-4c34cbb elementor-widget elementor-widget-image\" data-id=\"4c34cbb\" data-element_type=\"widget\" data-e-type=\"widget\" data-widget_type=\"image.default\">\n\t\t\t\t<div class=\"elementor-widget-container\">\n\t\t\t\t\t\t\t\t\t\t\t\t\t\t\t<img fetchpriority=\"high\" decoding=\"async\" width=\"1024\" height=\"345\" src=\"https:\/\/mazzettirenato.it\/wp-content\/uploads\/2023\/03\/mazzetti_renato_pickplace_render-1024x345.png\" class=\"attachment-large size-large wp-image-4070\" alt=\"\" srcset=\"https:\/\/mazzettirenato.it\/wp-content\/uploads\/2023\/03\/mazzetti_renato_pickplace_render-1024x345.png 1024w, https:\/\/mazzettirenato.it\/wp-content\/uploads\/2023\/03\/mazzetti_renato_pickplace_render-300x101.png 300w, https:\/\/mazzettirenato.it\/wp-content\/uploads\/2023\/03\/mazzetti_renato_pickplace_render-768x259.png 768w, https:\/\/mazzettirenato.it\/wp-content\/uploads\/2023\/03\/mazzetti_renato_pickplace_render.png 1100w\" sizes=\"(max-width: 1024px) 100vw, 1024px\" \/>\t\t\t\t\t\t\t\t\t\t\t\t\t\t\t<\/div>\n\t\t\t\t<\/div>\n\t\t\t\t\t<\/div>\n\t\t<\/div>\n\t\t\t\t\t<\/div>\n\t\t<\/section>\n\t\t\t\t<section class=\"elementor-section elementor-top-section elementor-element elementor-element-116d157 elementor-section-height-min-height elementor-section-boxed elementor-section-height-default elementor-section-items-middle\" data-id=\"116d157\" data-element_type=\"section\" data-e-type=\"section\" data-settings=\"{&quot;background_background&quot;:&quot;classic&quot;}\">\n\t\t\t\t\t\t<div class=\"elementor-container elementor-column-gap-default\">\n\t\t\t\t\t<div class=\"elementor-column elementor-col-100 elementor-top-column elementor-element elementor-element-4c83bc5\" data-id=\"4c83bc5\" data-element_type=\"column\" data-e-type=\"column\">\n\t\t\t<div class=\"elementor-widget-wrap elementor-element-populated\">\n\t\t\t\t\t\t<div class=\"elementor-element elementor-element-2765417 elementor-widget elementor-widget-heading\" data-id=\"2765417\" data-element_type=\"widget\" data-e-type=\"widget\" data-widget_type=\"heading.default\">\n\t\t\t\t<div class=\"elementor-widget-container\">\n\t\t\t\t\t<h2 class=\"elementor-heading-title elementor-size-default\">Mazzetti Renato, Pick&amp;Place<\/h2>\t\t\t\t<\/div>\n\t\t\t\t<\/div>\n\t\t\t\t\t<\/div>\n\t\t<\/div>\n\t\t\t\t\t<\/div>\n\t\t<\/section>\n\t\t\t\t<\/div>\n\t\t","protected":false},"excerpt":{"rendered":"<p>Pick&#038;Place y mezcladores de ingredientes solidos Nuestra compa\u00f1\u00eda puede proporcionar varias aplicaciones rob\u00f3ticas para automatizar\u00a0completamente la alimentaci\u00f3n de galletas, obleas, avellanas o cerezas en productos espec\u00edficos, as\u00ed como sistemas de desmoldeo y alimentaci\u00f3n para mover autom\u00e1ticamente los productos terminados en cintas listas para el empaque. Soluciones rentables y personalizadas que pueden ofrecerse en nuestras l\u00edneas, &#8230; <a title=\"Pick&#038;Place\" class=\"read-more\" href=\"https:\/\/mazzettirenato.it\/es\/productos\/pick_and_place\/\" aria-label=\"Leer m\u00e1s sobre Pick&#038;Place\">Leer m\u00e1s<\/a><\/p>\n","protected":false},"author":6,"featured_media":0,"parent":1100,"menu_order":0,"comment_status":"closed","ping_status":"closed","template":"elementor_header_footer","meta":{"footnotes":""},"class_list":["post-1104","page","type-page","status-publish"],"yoast_head":"<!-- This site is optimized with the Yoast SEO plugin v27.6 - https:\/\/yoast.com\/product\/yoast-seo-wordpress\/ -->\n<title>Pick&amp;Place - Mazzetti Renato<\/title>\n<meta name=\"robots\" content=\"index, follow, max-snippet:-1, max-image-preview:large, max-video-preview:-1\" \/>\n<link rel=\"canonical\" href=\"https:\/\/mazzettirenato.it\/prodotti\/pick_and_place\/\" \/>\n<meta property=\"og:locale\" content=\"es_ES\" \/>\n<meta property=\"og:type\" content=\"article\" \/>\n<meta property=\"og:title\" content=\"Pick&amp;Place - Mazzetti Renato\" \/>\n<meta property=\"og:description\" content=\"Pick&#038;Place y mezcladores de ingredientes solidos Nuestra compa\u00f1\u00eda puede proporcionar varias aplicaciones rob\u00f3ticas para automatizar\u00a0completamente la alimentaci\u00f3n de galletas, obleas, avellanas o cerezas en productos espec\u00edficos, as\u00ed como sistemas de desmoldeo y alimentaci\u00f3n para mover autom\u00e1ticamente los productos terminados en cintas listas para el empaque. Soluciones rentables y personalizadas que pueden ofrecerse en nuestras l\u00edneas, ... Leer m\u00e1s\" \/>\n<meta property=\"og:url\" content=\"https:\/\/mazzettirenato.it\/prodotti\/pick_and_place\/\" \/>\n<meta property=\"og:site_name\" content=\"Mazzetti Renato\" \/>\n<meta property=\"article:modified_time\" content=\"2023-10-10T10:25:53+00:00\" \/>\n<meta property=\"og:image\" content=\"https:\/\/mazzettirenato.it\/wp-content\/uploads\/2023\/03\/mazzetti_renato_pickplace_img10.jpg\" \/>\n<meta name=\"twitter:card\" content=\"summary_large_image\" \/>\n<meta name=\"twitter:label1\" content=\"Tiempo de lectura\" \/>\n\t<meta name=\"twitter:data1\" content=\"3 minutos\" \/>\n<script type=\"application\/ld+json\" class=\"yoast-schema-graph\">{\"@context\":\"https:\\\/\\\/schema.org\",\"@graph\":[{\"@type\":\"WebPage\",\"@id\":\"https:\\\/\\\/mazzettirenato.it\\\/prodotti\\\/pick_and_place\\\/\",\"url\":\"https:\\\/\\\/mazzettirenato.it\\\/prodotti\\\/pick_and_place\\\/\",\"name\":\"Pick&Place - Mazzetti Renato\",\"isPartOf\":{\"@id\":\"https:\\\/\\\/mazzettirenato.it\\\/#website\"},\"primaryImageOfPage\":{\"@id\":\"https:\\\/\\\/mazzettirenato.it\\\/prodotti\\\/pick_and_place\\\/#primaryimage\"},\"image\":{\"@id\":\"https:\\\/\\\/mazzettirenato.it\\\/prodotti\\\/pick_and_place\\\/#primaryimage\"},\"thumbnailUrl\":\"https:\\\/\\\/mazzettirenato.it\\\/wp-content\\\/uploads\\\/2023\\\/03\\\/mazzetti_renato_pickplace_img10.jpg\",\"datePublished\":\"2020-02-26T12:21:40+00:00\",\"dateModified\":\"2023-10-10T10:25:53+00:00\",\"breadcrumb\":{\"@id\":\"https:\\\/\\\/mazzettirenato.it\\\/prodotti\\\/pick_and_place\\\/#breadcrumb\"},\"inLanguage\":\"es\",\"potentialAction\":[{\"@type\":\"ReadAction\",\"target\":[\"https:\\\/\\\/mazzettirenato.it\\\/prodotti\\\/pick_and_place\\\/\"]}]},{\"@type\":\"ImageObject\",\"inLanguage\":\"es\",\"@id\":\"https:\\\/\\\/mazzettirenato.it\\\/prodotti\\\/pick_and_place\\\/#primaryimage\",\"url\":\"https:\\\/\\\/mazzettirenato.it\\\/wp-content\\\/uploads\\\/2023\\\/03\\\/mazzetti_renato_pickplace_img10.jpg\",\"contentUrl\":\"https:\\\/\\\/mazzettirenato.it\\\/wp-content\\\/uploads\\\/2023\\\/03\\\/mazzetti_renato_pickplace_img10.jpg\"},{\"@type\":\"BreadcrumbList\",\"@id\":\"https:\\\/\\\/mazzettirenato.it\\\/prodotti\\\/pick_and_place\\\/#breadcrumb\",\"itemListElement\":[{\"@type\":\"ListItem\",\"position\":1,\"name\":\"Mazzetti Renato\",\"item\":\"https:\\\/\\\/mazzettirenato.it\\\/\"},{\"@type\":\"ListItem\",\"position\":2,\"name\":\"Productos\",\"item\":\"https:\\\/\\\/mazzettirenato.it\\\/es\\\/productos\\\/\"},{\"@type\":\"ListItem\",\"position\":3,\"name\":\"Pick&#038;Place\"}]},{\"@type\":\"WebSite\",\"@id\":\"https:\\\/\\\/mazzettirenato.it\\\/#website\",\"url\":\"https:\\\/\\\/mazzettirenato.it\\\/\",\"name\":\"Mazzetti Renato\",\"description\":\"Mazzetti Renato\",\"potentialAction\":[{\"@type\":\"SearchAction\",\"target\":{\"@type\":\"EntryPoint\",\"urlTemplate\":\"https:\\\/\\\/mazzettirenato.it\\\/?s={search_term_string}\"},\"query-input\":{\"@type\":\"PropertyValueSpecification\",\"valueRequired\":true,\"valueName\":\"search_term_string\"}}],\"inLanguage\":\"es\"}]}<\/script>\n<!-- \/ Yoast SEO plugin. -->","yoast_head_json":{"title":"Pick&Place - Mazzetti Renato","robots":{"index":"index","follow":"follow","max-snippet":"max-snippet:-1","max-image-preview":"max-image-preview:large","max-video-preview":"max-video-preview:-1"},"canonical":"https:\/\/mazzettirenato.it\/prodotti\/pick_and_place\/","og_locale":"es_ES","og_type":"article","og_title":"Pick&Place - Mazzetti Renato","og_description":"Pick&#038;Place y mezcladores de ingredientes solidos Nuestra compa\u00f1\u00eda puede proporcionar varias aplicaciones rob\u00f3ticas para automatizar\u00a0completamente la alimentaci\u00f3n de galletas, obleas, avellanas o cerezas en productos espec\u00edficos, as\u00ed como sistemas de desmoldeo y alimentaci\u00f3n para mover autom\u00e1ticamente los productos terminados en cintas listas para el empaque. Soluciones rentables y personalizadas que pueden ofrecerse en nuestras l\u00edneas, ... Leer m\u00e1s","og_url":"https:\/\/mazzettirenato.it\/prodotti\/pick_and_place\/","og_site_name":"Mazzetti Renato","article_modified_time":"2023-10-10T10:25:53+00:00","og_image":[{"url":"https:\/\/mazzettirenato.it\/wp-content\/uploads\/2023\/03\/mazzetti_renato_pickplace_img10.jpg","type":"","width":"","height":""}],"twitter_card":"summary_large_image","twitter_misc":{"Tiempo de lectura":"3 minutos"},"schema":{"@context":"https:\/\/schema.org","@graph":[{"@type":"WebPage","@id":"https:\/\/mazzettirenato.it\/prodotti\/pick_and_place\/","url":"https:\/\/mazzettirenato.it\/prodotti\/pick_and_place\/","name":"Pick&Place - Mazzetti Renato","isPartOf":{"@id":"https:\/\/mazzettirenato.it\/#website"},"primaryImageOfPage":{"@id":"https:\/\/mazzettirenato.it\/prodotti\/pick_and_place\/#primaryimage"},"image":{"@id":"https:\/\/mazzettirenato.it\/prodotti\/pick_and_place\/#primaryimage"},"thumbnailUrl":"https:\/\/mazzettirenato.it\/wp-content\/uploads\/2023\/03\/mazzetti_renato_pickplace_img10.jpg","datePublished":"2020-02-26T12:21:40+00:00","dateModified":"2023-10-10T10:25:53+00:00","breadcrumb":{"@id":"https:\/\/mazzettirenato.it\/prodotti\/pick_and_place\/#breadcrumb"},"inLanguage":"es","potentialAction":[{"@type":"ReadAction","target":["https:\/\/mazzettirenato.it\/prodotti\/pick_and_place\/"]}]},{"@type":"ImageObject","inLanguage":"es","@id":"https:\/\/mazzettirenato.it\/prodotti\/pick_and_place\/#primaryimage","url":"https:\/\/mazzettirenato.it\/wp-content\/uploads\/2023\/03\/mazzetti_renato_pickplace_img10.jpg","contentUrl":"https:\/\/mazzettirenato.it\/wp-content\/uploads\/2023\/03\/mazzetti_renato_pickplace_img10.jpg"},{"@type":"BreadcrumbList","@id":"https:\/\/mazzettirenato.it\/prodotti\/pick_and_place\/#breadcrumb","itemListElement":[{"@type":"ListItem","position":1,"name":"Mazzetti Renato","item":"https:\/\/mazzettirenato.it\/"},{"@type":"ListItem","position":2,"name":"Productos","item":"https:\/\/mazzettirenato.it\/es\/productos\/"},{"@type":"ListItem","position":3,"name":"Pick&#038;Place"}]},{"@type":"WebSite","@id":"https:\/\/mazzettirenato.it\/#website","url":"https:\/\/mazzettirenato.it\/","name":"Mazzetti Renato","description":"Mazzetti Renato","potentialAction":[{"@type":"SearchAction","target":{"@type":"EntryPoint","urlTemplate":"https:\/\/mazzettirenato.it\/?s={search_term_string}"},"query-input":{"@type":"PropertyValueSpecification","valueRequired":true,"valueName":"search_term_string"}}],"inLanguage":"es"}]}},"_links":{"self":[{"href":"https:\/\/mazzettirenato.it\/es\/wp-json\/wp\/v2\/pages\/1104","targetHints":{"allow":["GET"]}}],"collection":[{"href":"https:\/\/mazzettirenato.it\/es\/wp-json\/wp\/v2\/pages"}],"about":[{"href":"https:\/\/mazzettirenato.it\/es\/wp-json\/wp\/v2\/types\/page"}],"author":[{"embeddable":true,"href":"https:\/\/mazzettirenato.it\/es\/wp-json\/wp\/v2\/users\/6"}],"replies":[{"embeddable":true,"href":"https:\/\/mazzettirenato.it\/es\/wp-json\/wp\/v2\/comments?post=1104"}],"version-history":[{"count":9,"href":"https:\/\/mazzettirenato.it\/es\/wp-json\/wp\/v2\/pages\/1104\/revisions"}],"predecessor-version":[{"id":5437,"href":"https:\/\/mazzettirenato.it\/es\/wp-json\/wp\/v2\/pages\/1104\/revisions\/5437"}],"up":[{"embeddable":true,"href":"https:\/\/mazzettirenato.it\/es\/wp-json\/wp\/v2\/pages\/1100"}],"wp:attachment":[{"href":"https:\/\/mazzettirenato.it\/es\/wp-json\/wp\/v2\/media?parent=1104"}],"curies":[{"name":"wp","href":"https:\/\/api.w.org\/{rel}","templated":true}]}}