{"id":1095,"date":"2020-02-19T09:39:41","date_gmt":"2020-02-19T09:39:41","guid":{"rendered":"https:\/\/mazzettirenato.it\/mazzetti-renato\/"},"modified":"2023-10-10T09:49:42","modified_gmt":"2023-10-10T09:49:42","slug":"mazzetti-renato","status":"publish","type":"page","link":"https:\/\/mazzettirenato.it\/es\/mazzetti-renato\/","title":{"rendered":"Mazzetti Renato"},"content":{"rendered":"\t\t<div data-elementor-type=\"wp-page\" data-elementor-id=\"1095\" class=\"elementor elementor-1095 elementor-43\" data-elementor-post-type=\"page\">\n\t\t\t\t\t\t<section class=\"elementor-section elementor-top-section elementor-element elementor-element-80cbf4a elementor-section-full_width elementor-section-stretched elementor-section-height-min-height elementor-section-items-bottom elementor-section-height-default\" data-id=\"80cbf4a\" data-element_type=\"section\" data-e-type=\"section\" data-settings=\"{&quot;stretch_section&quot;:&quot;section-stretched&quot;,&quot;background_background&quot;:&quot;classic&quot;}\">\n\t\t\t\t\t\t\t<div class=\"elementor-background-overlay\"><\/div>\n\t\t\t\t\t\t\t<div class=\"elementor-container elementor-column-gap-no\">\n\t\t\t\t\t<div class=\"elementor-column elementor-col-100 elementor-top-column elementor-element elementor-element-97dbeb2\" data-id=\"97dbeb2\" data-element_type=\"column\" data-e-type=\"column\">\n\t\t\t<div class=\"elementor-widget-wrap\">\n\t\t\t\t\t\t\t<\/div>\n\t\t<\/div>\n\t\t\t\t\t<\/div>\n\t\t<\/section>\n\t\t\t\t<section class=\"elementor-section elementor-top-section elementor-element elementor-element-3ef3475 elementor-section-boxed elementor-section-height-default elementor-section-height-default\" data-id=\"3ef3475\" data-element_type=\"section\" data-e-type=\"section\" data-settings=\"{&quot;background_background&quot;:&quot;classic&quot;}\">\n\t\t\t\t\t\t<div class=\"elementor-container elementor-column-gap-default\">\n\t\t\t\t\t<div class=\"elementor-column elementor-col-100 elementor-top-column elementor-element elementor-element-b08d3df\" data-id=\"b08d3df\" data-element_type=\"column\" data-e-type=\"column\">\n\t\t\t<div class=\"elementor-widget-wrap elementor-element-populated\">\n\t\t\t\t\t\t<div class=\"elementor-element elementor-element-626276e elementor-widget elementor-widget-breadcrumbs\" data-id=\"626276e\" data-element_type=\"widget\" data-e-type=\"widget\" data-widget_type=\"breadcrumbs.default\">\n\t\t\t\t<div class=\"elementor-widget-container\">\n\t\t\t\t\t<p id=\"breadcrumbs\"><span><span><a href=\"https:\/\/mazzettirenato.it\/\">Mazzetti Renato<\/a><\/span><\/span><\/p>\t\t\t\t<\/div>\n\t\t\t\t<\/div>\n\t\t\t\t<div class=\"elementor-element elementor-element-b4a92f6 elementor-widget elementor-widget-heading\" data-id=\"b4a92f6\" data-element_type=\"widget\" data-e-type=\"widget\" data-widget_type=\"heading.default\">\n\t\t\t\t<div class=\"elementor-widget-container\">\n\t\t\t\t\t<h2 class=\"elementor-heading-title elementor-size-default\">Mazzetti Renato<\/h2>\t\t\t\t<\/div>\n\t\t\t\t<\/div>\n\t\t\t\t\t<\/div>\n\t\t<\/div>\n\t\t\t\t\t<\/div>\n\t\t<\/section>\n\t\t\t\t<section class=\"elementor-section elementor-top-section elementor-element elementor-element-6084520 elementor-section-boxed elementor-section-height-default elementor-section-height-default\" data-id=\"6084520\" data-element_type=\"section\" data-e-type=\"section\" data-settings=\"{&quot;background_background&quot;:&quot;classic&quot;}\">\n\t\t\t\t\t\t<div class=\"elementor-container elementor-column-gap-default\">\n\t\t\t\t\t<div class=\"elementor-column elementor-col-50 elementor-top-column elementor-element elementor-element-7c9673a\" data-id=\"7c9673a\" data-element_type=\"column\" data-e-type=\"column\">\n\t\t\t<div class=\"elementor-widget-wrap elementor-element-populated\">\n\t\t\t\t\t\t<div class=\"elementor-element elementor-element-1fc89e2 elementor-widget elementor-widget-heading\" data-id=\"1fc89e2\" data-element_type=\"widget\" data-e-type=\"widget\" data-widget_type=\"heading.default\">\n\t\t\t\t<div class=\"elementor-widget-container\">\n\t\t\t\t\t<h2 class=\"elementor-heading-title elementor-size-default\">Los primeros en patentar el molino de bolas para el refinado y conchado de chocolate.<\/h2>\t\t\t\t<\/div>\n\t\t\t\t<\/div>\n\t\t\t\t<div class=\"elementor-element elementor-element-91be1cf elementor-widget elementor-widget-text-editor\" data-id=\"91be1cf\" data-element_type=\"widget\" data-e-type=\"widget\" data-widget_type=\"text-editor.default\">\n\t\t\t\t<div class=\"elementor-widget-container\">\n\t\t\t\t\t\t\t\t\t<p>La historia de nuestra empresa comenz\u00f3 con una idea revolucionaria de nuestro fundador, Renato Mazzetti. Despu\u00e9s de una larga experiencia laboral en una empresa lider en la producci\u00f3n de m\u00e1quinas para la industria del chocolate, decidi\u00f3 crear su propia empresa para perseguir su sue\u00f1o de un proceso r\u00e1pido, eficiente y econ\u00f3mico para la producci\u00f3n de chocolate: el rafinador de bolas.<\/p>\t\t\t\t\t\t\t\t<\/div>\n\t\t\t\t<\/div>\n\t\t\t\t<div class=\"elementor-element elementor-element-3e23d40 elementor-widget elementor-widget-text-editor\" data-id=\"3e23d40\" data-element_type=\"widget\" data-e-type=\"widget\" data-widget_type=\"text-editor.default\">\n\t\t\t\t<div class=\"elementor-widget-container\">\n\t\t\t\t\t\t\t\t\t<p>Mazzetti Renato fue el primero en patentar esta tecnolog\u00eda para el procesamiento de chocolate y abri\u00f3 su propia empresa en 1972.<\/p>\t\t\t\t\t\t\t\t<\/div>\n\t\t\t\t<\/div>\n\t\t\t\t<div class=\"elementor-element elementor-element-2c5a247 elementor-widget elementor-widget-text-editor\" data-id=\"2c5a247\" data-element_type=\"widget\" data-e-type=\"widget\" data-widget_type=\"text-editor.default\">\n\t\t\t\t<div class=\"elementor-widget-container\">\n\t\t\t\t\t\t\t\t\t<p>Desde este primer paso revolucionario en 1972, Mazzetti Renato S.r.l. ha crecido desde la producci\u00f3n de m\u00e1quinas individuales hasta completar l\u00edneas e instalaciones para el procesamiento de chocolate. Entre nuestros productos se encuentran instalaciones para la producci\u00f3n de cremas untables, barras de chocolate y bombones con la m\u00e1s amplia variedad de inclusiones y rellenos, centros de chocolate para usar como bases para grageas recubiertas de az\u00facar, gotas de chocolate para productos de panader\u00eda, chocolate para la cobertura de helados, etc.<br \/>Mazzetti Renato S.r.l. tiene su sede en las afueras de Mil\u00e1n y se ha centrado en personal altamente calificado y una filosof\u00eda orientada al cliente desde su fundaci\u00f3n.<br \/>En casi 50 a\u00f1os, muchos clientes en todo el mundo se han beneficiado de nuestras m\u00e1quinas y nuestra excelente asistencia, desde multinacionales conocidas a nivel mundial hasta peque\u00f1as y medianas empresas privadas en todo el mundo. Cada uno ha tenido todo nuestro apoyo para ingresar al rentable y dulce mundo del chocolate.<\/p>\t\t\t\t\t\t\t\t<\/div>\n\t\t\t\t<\/div>\n\t\t\t\t<section class=\"elementor-section elementor-inner-section elementor-element elementor-element-ed29a5a elementor-section-boxed elementor-section-height-default elementor-section-height-default\" data-id=\"ed29a5a\" data-element_type=\"section\" data-e-type=\"section\">\n\t\t\t\t\t\t<div class=\"elementor-container elementor-column-gap-default\">\n\t\t\t\t\t<div class=\"elementor-column elementor-col-50 elementor-inner-column elementor-element elementor-element-6ae2fee\" data-id=\"6ae2fee\" data-element_type=\"column\" data-e-type=\"column\" data-settings=\"{&quot;background_background&quot;:&quot;classic&quot;}\">\n\t\t\t<div class=\"elementor-widget-wrap elementor-element-populated\">\n\t\t\t\t\t\t<div class=\"elementor-element elementor-element-907ed1c elementor-widget elementor-widget-heading\" data-id=\"907ed1c\" data-element_type=\"widget\" data-e-type=\"widget\" data-widget_type=\"heading.default\">\n\t\t\t\t<div class=\"elementor-widget-container\">\n\t\t\t\t\t<h2 class=\"elementor-heading-title elementor-size-default\">Componientes de ALTA CALIDAD.\n Estructuras de acero inoxidable y piezas espec\u00edficas de aleaciones de aluminio de grado alimenticio, componentes el\u00e9ctricos y mec\u00e1nicos de alta calidad de productores primarios f\u00e1cilmente disponibles en todo el mundo.<\/h2>\t\t\t\t<\/div>\n\t\t\t\t<\/div>\n\t\t\t\t\t<\/div>\n\t\t<\/div>\n\t\t\t\t<div class=\"elementor-column elementor-col-50 elementor-inner-column elementor-element elementor-element-8c9c93e\" data-id=\"8c9c93e\" data-element_type=\"column\" data-e-type=\"column\">\n\t\t\t<div class=\"elementor-widget-wrap elementor-element-populated\">\n\t\t\t\t\t\t<div class=\"elementor-element elementor-element-e08fdf5 elementor-widget elementor-widget-text-editor\" data-id=\"e08fdf5\" data-element_type=\"widget\" data-e-type=\"widget\" data-widget_type=\"text-editor.default\">\n\t\t\t\t<div class=\"elementor-widget-container\">\n\t\t\t\t\t\t\t\t\t<p>Amplia disponibilidad de PLC y hardware gr\u00e1fico para una integraci\u00f3n perfecta en cualquier empresa.<br \/>Software intuitivo desarrollado espec\u00edficamente para satisfacer cualquier requisito del cliente.<\/p><p>Centr\u00e1ndose en la confiabilidad, los bajos costos de mantenimiento, la instalaci\u00f3n y el arranque r\u00e1pidos, nuestras m\u00e1quinas e instalaciones est\u00e1n dise\u00f1adas internamente con el m\u00e1s alto nivel. La estructura de acero inoxidable, la aleaci\u00f3n de aluminio de grado alimenticio y los componentes pl\u00e1sticos de grado alimenticio permiten una total tranquilidad en t\u00e9rminos de higiene y seguridad alimentaria. Proveedores principales de componentes electr\u00f3nicos, mec\u00e1nicos y neum\u00e1ticos son garant\u00eda de una l\u00ednea de calidad construida para durar. El desarrollo interno de software con m\u00faltiples opciones, la actualizaci\u00f3n y la asistencia remota son un valioso pilar de nuestra asistencia y servicio.<\/p>\t\t\t\t\t\t\t\t<\/div>\n\t\t\t\t<\/div>\n\t\t\t\t\t<\/div>\n\t\t<\/div>\n\t\t\t\t\t<\/div>\n\t\t<\/section>\n\t\t\t\t\t<\/div>\n\t\t<\/div>\n\t\t\t\t<div class=\"elementor-column elementor-col-50 elementor-top-column elementor-element elementor-element-5a2e4f1\" data-id=\"5a2e4f1\" data-element_type=\"column\" data-e-type=\"column\">\n\t\t\t<div class=\"elementor-widget-wrap elementor-element-populated\">\n\t\t\t\t\t\t<div class=\"elementor-element elementor-element-29829a1 elementor-hidden-phone elementor-widget elementor-widget-heading\" data-id=\"29829a1\" data-element_type=\"widget\" data-e-type=\"widget\" data-widget_type=\"heading.default\">\n\t\t\t\t<div class=\"elementor-widget-container\">\n\t\t\t\t\t<h2 class=\"elementor-heading-title elementor-size-default\">MAZZETTI RENATO<\/h2>\t\t\t\t<\/div>\n\t\t\t\t<\/div>\n\t\t\t\t<div class=\"elementor-element elementor-element-00d13f1 elementor-nav-menu__align-start elementor-nav-menu--dropdown-none elementor-hidden-mobile elementor-widget elementor-widget-nav-menu\" data-id=\"00d13f1\" data-element_type=\"widget\" data-e-type=\"widget\" data-settings=\"{&quot;layout&quot;:&quot;vertical&quot;,&quot;submenu_icon&quot;:{&quot;value&quot;:&quot;&lt;i class=\\&quot;fas e-plus-icon\\&quot; aria-hidden=\\&quot;true\\&quot;&gt;&lt;\\\/i&gt;&quot;,&quot;library&quot;:&quot;&quot;}}\" data-widget_type=\"nav-menu.default\">\n\t\t\t\t<div class=\"elementor-widget-container\">\n\t\t\t\t\t\t\t\t<nav aria-label=\"Men\u00fa\" class=\"elementor-nav-menu--main elementor-nav-menu__container elementor-nav-menu--layout-vertical e--pointer-none\">\n\t\t\t\t<ul id=\"menu-1-00d13f1\" class=\"elementor-nav-menu sm-vertical\"><li class=\"menu-item menu-item-type-post_type menu-item-object-page menu-item-1168\"><a href=\"https:\/\/mazzettirenato.it\/es\/agentes\/\" class=\"elementor-item\">Agentes<\/a><\/li>\n<li class=\"menu-item menu-item-type-post_type menu-item-object-page menu-item-1169\"><a href=\"https:\/\/mazzettirenato.it\/es\/mazzetti-renato\/\" class=\"elementor-item\">Mazzetti Renato<\/a><\/li>\n<li class=\"menu-item menu-item-type-post_type menu-item-object-page menu-item-1166\"><a href=\"https:\/\/mazzettirenato.it\/es\/contactos\/\" class=\"elementor-item\">Contactos<\/a><\/li>\n<\/ul>\t\t\t<\/nav>\n\t\t\t\t\t\t<nav class=\"elementor-nav-menu--dropdown elementor-nav-menu__container\" aria-hidden=\"true\">\n\t\t\t\t<ul id=\"menu-2-00d13f1\" class=\"elementor-nav-menu sm-vertical\"><li class=\"menu-item menu-item-type-post_type menu-item-object-page menu-item-1168\"><a href=\"https:\/\/mazzettirenato.it\/es\/agentes\/\" class=\"elementor-item\" tabindex=\"-1\">Agentes<\/a><\/li>\n<li class=\"menu-item menu-item-type-post_type menu-item-object-page menu-item-1169\"><a href=\"https:\/\/mazzettirenato.it\/es\/mazzetti-renato\/\" class=\"elementor-item\" tabindex=\"-1\">Mazzetti Renato<\/a><\/li>\n<li class=\"menu-item menu-item-type-post_type menu-item-object-page menu-item-1166\"><a href=\"https:\/\/mazzettirenato.it\/es\/contactos\/\" class=\"elementor-item\" tabindex=\"-1\">Contactos<\/a><\/li>\n<\/ul>\t\t\t<\/nav>\n\t\t\t\t\t\t<\/div>\n\t\t\t\t<\/div>\n\t\t\t\t<div class=\"elementor-element elementor-element-c905911 elementor-widget elementor-widget-text-editor\" data-id=\"c905911\" data-element_type=\"widget\" data-e-type=\"widget\" data-widget_type=\"text-editor.default\">\n\t\t\t\t<div class=\"elementor-widget-container\">\n\t\t\t\t\t\t\t\t\t<p>Nuestra compa\u00f1\u00eda tiene una increible experiencia en ayudar a nuestros clientes, industrializando las sugerencias de sus departamentos de marketing, tanto desarrollando ideas propuestas como trabajando en un marco com\u00fan para lograr la mejor soluci\u00f3n. Barras de chocolate y bombones con la m\u00e1s amplia variedad de rellenos o inclusiones, galletas y obleas, avellanas trituradas o enteras, cerezas u otras frutas, rellenos de alcohol, fondant y varios tipos de cremas. Nuestros WA-FA son utilizados de manera eficiente por muchos de nuestros clientes para producir cremas untables, as\u00ed como rellenos para chocolate y productos de panader\u00eda o recobertura de chocolate para la industria de los helados.<\/p>\t\t\t\t\t\t\t\t<\/div>\n\t\t\t\t<\/div>\n\t\t\t\t<section class=\"elementor-section elementor-inner-section elementor-element elementor-element-99af44c elementor-section-boxed elementor-section-height-default elementor-section-height-default\" data-id=\"99af44c\" data-element_type=\"section\" data-e-type=\"section\">\n\t\t\t\t\t\t<div class=\"elementor-container elementor-column-gap-default\">\n\t\t\t\t\t<div class=\"elementor-column elementor-col-100 elementor-inner-column elementor-element elementor-element-ffb03fd\" data-id=\"ffb03fd\" data-element_type=\"column\" data-e-type=\"column\">\n\t\t\t<div class=\"elementor-widget-wrap elementor-element-populated\">\n\t\t\t\t\t\t<div class=\"elementor-element elementor-element-05305e4 elementor-widget elementor-widget-accordion\" data-id=\"05305e4\" data-element_type=\"widget\" data-e-type=\"widget\" data-widget_type=\"accordion.default\">\n\t\t\t\t<div class=\"elementor-widget-container\">\n\t\t\t\t\t\t\t<div class=\"elementor-accordion\">\n\t\t\t\t\t\t\t<div class=\"elementor-accordion-item\">\n\t\t\t\t\t<div id=\"elementor-tab-title-5441\" class=\"elementor-tab-title\" data-tab=\"1\" role=\"button\" aria-controls=\"elementor-tab-content-5441\" aria-expanded=\"false\">\n\t\t\t\t\t\t\t\t\t\t\t\t\t<span class=\"elementor-accordion-icon elementor-accordion-icon-right\" aria-hidden=\"true\">\n\t\t\t\t\t\t\t\t\t\t\t\t\t\t\t<span class=\"elementor-accordion-icon-closed\"><i class=\"fas fa-plus\"><\/i><\/span>\n\t\t\t\t\t\t\t\t<span class=\"elementor-accordion-icon-opened\"><i class=\"fas fa-minus\"><\/i><\/span>\n\t\t\t\t\t\t\t\t\t\t\t\t\t\t<\/span>\n\t\t\t\t\t\t\t\t\t\t\t\t<a class=\"elementor-accordion-title\" tabindex=\"0\">Design<\/a>\n\t\t\t\t\t<\/div>\n\t\t\t\t\t<div id=\"elementor-tab-content-5441\" class=\"elementor-tab-content elementor-clearfix\" data-tab=\"1\" role=\"region\" aria-labelledby=\"elementor-tab-title-5441\"><p>Nuestro conocimiento t\u00e9cnico y tecnol\u00f3gico nos permite ofrecer las mejores soluciones rentables tanto para nuevas instalaciones como para el dise\u00f1o de m\u00e1quinas y sistemas para la mejora de l\u00edneas y plantas de producci\u00f3n existentes.<br \/>Un equipo dedicado de dise\u00f1adores especializados que utilizan las \u00faltimas tecnolog\u00edas 3D CAD CAM, trabaja junto con nuestro equipo tecnol\u00f3gico para la creaci\u00f3n de la mejor soluci\u00f3n rentable<\/p><\/div>\n\t\t\t\t<\/div>\n\t\t\t\t\t\t\t<div class=\"elementor-accordion-item\">\n\t\t\t\t\t<div id=\"elementor-tab-title-5442\" class=\"elementor-tab-title\" data-tab=\"2\" role=\"button\" aria-controls=\"elementor-tab-content-5442\" aria-expanded=\"false\">\n\t\t\t\t\t\t\t\t\t\t\t\t\t<span class=\"elementor-accordion-icon elementor-accordion-icon-right\" aria-hidden=\"true\">\n\t\t\t\t\t\t\t\t\t\t\t\t\t\t\t<span class=\"elementor-accordion-icon-closed\"><i class=\"fas fa-plus\"><\/i><\/span>\n\t\t\t\t\t\t\t\t<span class=\"elementor-accordion-icon-opened\"><i class=\"fas fa-minus\"><\/i><\/span>\n\t\t\t\t\t\t\t\t\t\t\t\t\t\t<\/span>\n\t\t\t\t\t\t\t\t\t\t\t\t<a class=\"elementor-accordion-title\" tabindex=\"0\">Servicio post-venta<\/a>\n\t\t\t\t\t<\/div>\n\t\t\t\t\t<div id=\"elementor-tab-content-5442\" class=\"elementor-tab-content elementor-clearfix\" data-tab=\"2\" role=\"region\" aria-labelledby=\"elementor-tab-title-5442\"><p>Desde 1972 caminamos juntos con nuestros clientes hacia un objetivo com\u00fan; crear una colaboraci\u00f3n que permita crecer y beneficiarse de la experiencia y las habilidades profesionales de cada uno. Ingenieros mec\u00e1nicos y el\u00e9ctricos altamente eficientes y especializados, dedicados a brindar toda la asistencia y capacitaci\u00f3n posibles a la fuerza laboral de nuestros clientes, aseguran una instalaci\u00f3n y puesta en marcha r\u00e1pidas, un mantenimiento sencillo y una larga durabilidad de nuestras l\u00edneas.<\/p><\/div>\n\t\t\t\t<\/div>\n\t\t\t\t\t\t\t\t<\/div>\n\t\t\t\t\t\t<\/div>\n\t\t\t\t<\/div>\n\t\t\t\t\t<\/div>\n\t\t<\/div>\n\t\t\t\t\t<\/div>\n\t\t<\/section>\n\t\t\t\t\t<\/div>\n\t\t<\/div>\n\t\t\t\t\t<\/div>\n\t\t<\/section>\n\t\t\t\t<section class=\"elementor-section elementor-top-section elementor-element elementor-element-5b00026 elementor-section-height-min-height elementor-section-boxed elementor-section-height-default elementor-section-items-middle\" data-id=\"5b00026\" data-element_type=\"section\" data-e-type=\"section\" data-settings=\"{&quot;background_background&quot;:&quot;classic&quot;}\">\n\t\t\t\t\t\t<div class=\"elementor-container elementor-column-gap-default\">\n\t\t\t\t\t<div class=\"elementor-column elementor-col-100 elementor-top-column elementor-element elementor-element-bfa96ab\" data-id=\"bfa96ab\" data-element_type=\"column\" data-e-type=\"column\">\n\t\t\t<div class=\"elementor-widget-wrap elementor-element-populated\">\n\t\t\t\t\t\t<div class=\"elementor-element elementor-element-af7e7c3 elementor-widget elementor-widget-heading\" data-id=\"af7e7c3\" data-element_type=\"widget\" data-e-type=\"widget\" data-widget_type=\"heading.default\">\n\t\t\t\t<div class=\"elementor-widget-container\">\n\t\t\t\t\t<h2 class=\"elementor-heading-title elementor-size-default\">Mazzetti Renato, todas las formas del chocolate<\/h2>\t\t\t\t<\/div>\n\t\t\t\t<\/div>\n\t\t\t\t<div class=\"elementor-element elementor-element-348ec62 elementor-align-center elementor-widget elementor-widget-button\" data-id=\"348ec62\" data-element_type=\"widget\" data-e-type=\"widget\" data-widget_type=\"button.default\">\n\t\t\t\t<div class=\"elementor-widget-container\">\n\t\t\t\t\t\t\t\t\t<div class=\"elementor-button-wrapper\">\n\t\t\t\t\t<a class=\"elementor-button elementor-button-link elementor-size-sm\" href=\"https:\/\/mazzettirenato.it\/prodotti\/\">\n\t\t\t\t\t\t<span class=\"elementor-button-content-wrapper\">\n\t\t\t\t\t\t\t\t\t<span class=\"elementor-button-text\">Descubre nuestros productos<\/span>\n\t\t\t\t\t<\/span>\n\t\t\t\t\t<\/a>\n\t\t\t\t<\/div>\n\t\t\t\t\t\t\t\t<\/div>\n\t\t\t\t<\/div>\n\t\t\t\t\t<\/div>\n\t\t<\/div>\n\t\t\t\t\t<\/div>\n\t\t<\/section>\n\t\t\t\t<\/div>\n\t\t","protected":false},"excerpt":{"rendered":"<p>Mazzetti Renato Los primeros en patentar el molino de bolas para el refinado y conchado de chocolate. La historia de nuestra empresa comenz\u00f3 con una idea revolucionaria de nuestro fundador, Renato Mazzetti. Despu\u00e9s de una larga experiencia laboral en una empresa lider en la producci\u00f3n de m\u00e1quinas para la industria del chocolate, decidi\u00f3 crear su &#8230; <a title=\"Mazzetti Renato\" class=\"read-more\" href=\"https:\/\/mazzettirenato.it\/es\/mazzetti-renato\/\" aria-label=\"Leer m\u00e1s sobre Mazzetti Renato\">Leer m\u00e1s<\/a><\/p>\n","protected":false},"author":6,"featured_media":0,"parent":0,"menu_order":0,"comment_status":"closed","ping_status":"closed","template":"elementor_header_footer","meta":{"footnotes":""},"class_list":["post-1095","page","type-page","status-publish"],"yoast_head":"<!-- This site is optimized with the Yoast SEO plugin v27.5 - https:\/\/yoast.com\/product\/yoast-seo-wordpress\/ -->\n<title>Mazzetti Renato - Mazzetti Renato<\/title>\n<meta name=\"robots\" content=\"index, follow, max-snippet:-1, max-image-preview:large, max-video-preview:-1\" \/>\n<link rel=\"canonical\" href=\"https:\/\/mazzettirenato.it\/mazzetti-renato\/\" \/>\n<meta property=\"og:locale\" content=\"es_ES\" \/>\n<meta property=\"og:type\" content=\"article\" \/>\n<meta property=\"og:title\" content=\"Mazzetti Renato - Mazzetti Renato\" \/>\n<meta property=\"og:description\" content=\"Mazzetti Renato Los primeros en patentar el molino de bolas para el refinado y conchado de chocolate. La historia de nuestra empresa comenz\u00f3 con una idea revolucionaria de nuestro fundador, Renato Mazzetti. Despu\u00e9s de una larga experiencia laboral en una empresa lider en la producci\u00f3n de m\u00e1quinas para la industria del chocolate, decidi\u00f3 crear su ... Leer m\u00e1s\" \/>\n<meta property=\"og:url\" content=\"https:\/\/mazzettirenato.it\/mazzetti-renato\/\" \/>\n<meta property=\"og:site_name\" content=\"Mazzetti Renato\" \/>\n<meta property=\"article:modified_time\" content=\"2023-10-10T09:49:42+00:00\" \/>\n<meta name=\"twitter:card\" content=\"summary_large_image\" \/>\n<meta name=\"twitter:label1\" content=\"Tiempo de lectura\" \/>\n\t<meta name=\"twitter:data1\" content=\"4 minutos\" \/>\n<script type=\"application\/ld+json\" class=\"yoast-schema-graph\">{\"@context\":\"https:\\\/\\\/schema.org\",\"@graph\":[{\"@type\":\"WebPage\",\"@id\":\"https:\\\/\\\/mazzettirenato.it\\\/mazzetti-renato\\\/\",\"url\":\"https:\\\/\\\/mazzettirenato.it\\\/mazzetti-renato\\\/\",\"name\":\"Mazzetti Renato - Mazzetti Renato\",\"isPartOf\":{\"@id\":\"https:\\\/\\\/mazzettirenato.it\\\/#website\"},\"datePublished\":\"2020-02-19T09:39:41+00:00\",\"dateModified\":\"2023-10-10T09:49:42+00:00\",\"breadcrumb\":{\"@id\":\"https:\\\/\\\/mazzettirenato.it\\\/mazzetti-renato\\\/#breadcrumb\"},\"inLanguage\":\"es\",\"potentialAction\":[{\"@type\":\"ReadAction\",\"target\":[\"https:\\\/\\\/mazzettirenato.it\\\/mazzetti-renato\\\/\"]}]},{\"@type\":\"BreadcrumbList\",\"@id\":\"https:\\\/\\\/mazzettirenato.it\\\/mazzetti-renato\\\/#breadcrumb\",\"itemListElement\":[{\"@type\":\"ListItem\",\"position\":1,\"name\":\"Mazzetti Renato\",\"item\":\"https:\\\/\\\/mazzettirenato.it\\\/\"},{\"@type\":\"ListItem\",\"position\":2,\"name\":\"Mazzetti Renato\"}]},{\"@type\":\"WebSite\",\"@id\":\"https:\\\/\\\/mazzettirenato.it\\\/#website\",\"url\":\"https:\\\/\\\/mazzettirenato.it\\\/\",\"name\":\"Mazzetti Renato\",\"description\":\"Mazzetti Renato\",\"potentialAction\":[{\"@type\":\"SearchAction\",\"target\":{\"@type\":\"EntryPoint\",\"urlTemplate\":\"https:\\\/\\\/mazzettirenato.it\\\/?s={search_term_string}\"},\"query-input\":{\"@type\":\"PropertyValueSpecification\",\"valueRequired\":true,\"valueName\":\"search_term_string\"}}],\"inLanguage\":\"es\"}]}<\/script>\n<!-- \/ Yoast SEO plugin. -->","yoast_head_json":{"title":"Mazzetti Renato - Mazzetti Renato","robots":{"index":"index","follow":"follow","max-snippet":"max-snippet:-1","max-image-preview":"max-image-preview:large","max-video-preview":"max-video-preview:-1"},"canonical":"https:\/\/mazzettirenato.it\/mazzetti-renato\/","og_locale":"es_ES","og_type":"article","og_title":"Mazzetti Renato - Mazzetti Renato","og_description":"Mazzetti Renato Los primeros en patentar el molino de bolas para el refinado y conchado de chocolate. La historia de nuestra empresa comenz\u00f3 con una idea revolucionaria de nuestro fundador, Renato Mazzetti. Despu\u00e9s de una larga experiencia laboral en una empresa lider en la producci\u00f3n de m\u00e1quinas para la industria del chocolate, decidi\u00f3 crear su ... Leer m\u00e1s","og_url":"https:\/\/mazzettirenato.it\/mazzetti-renato\/","og_site_name":"Mazzetti Renato","article_modified_time":"2023-10-10T09:49:42+00:00","twitter_card":"summary_large_image","twitter_misc":{"Tiempo de lectura":"4 minutos"},"schema":{"@context":"https:\/\/schema.org","@graph":[{"@type":"WebPage","@id":"https:\/\/mazzettirenato.it\/mazzetti-renato\/","url":"https:\/\/mazzettirenato.it\/mazzetti-renato\/","name":"Mazzetti Renato - Mazzetti Renato","isPartOf":{"@id":"https:\/\/mazzettirenato.it\/#website"},"datePublished":"2020-02-19T09:39:41+00:00","dateModified":"2023-10-10T09:49:42+00:00","breadcrumb":{"@id":"https:\/\/mazzettirenato.it\/mazzetti-renato\/#breadcrumb"},"inLanguage":"es","potentialAction":[{"@type":"ReadAction","target":["https:\/\/mazzettirenato.it\/mazzetti-renato\/"]}]},{"@type":"BreadcrumbList","@id":"https:\/\/mazzettirenato.it\/mazzetti-renato\/#breadcrumb","itemListElement":[{"@type":"ListItem","position":1,"name":"Mazzetti Renato","item":"https:\/\/mazzettirenato.it\/"},{"@type":"ListItem","position":2,"name":"Mazzetti Renato"}]},{"@type":"WebSite","@id":"https:\/\/mazzettirenato.it\/#website","url":"https:\/\/mazzettirenato.it\/","name":"Mazzetti Renato","description":"Mazzetti Renato","potentialAction":[{"@type":"SearchAction","target":{"@type":"EntryPoint","urlTemplate":"https:\/\/mazzettirenato.it\/?s={search_term_string}"},"query-input":{"@type":"PropertyValueSpecification","valueRequired":true,"valueName":"search_term_string"}}],"inLanguage":"es"}]}},"_links":{"self":[{"href":"https:\/\/mazzettirenato.it\/es\/wp-json\/wp\/v2\/pages\/1095","targetHints":{"allow":["GET"]}}],"collection":[{"href":"https:\/\/mazzettirenato.it\/es\/wp-json\/wp\/v2\/pages"}],"about":[{"href":"https:\/\/mazzettirenato.it\/es\/wp-json\/wp\/v2\/types\/page"}],"author":[{"embeddable":true,"href":"https:\/\/mazzettirenato.it\/es\/wp-json\/wp\/v2\/users\/6"}],"replies":[{"embeddable":true,"href":"https:\/\/mazzettirenato.it\/es\/wp-json\/wp\/v2\/comments?post=1095"}],"version-history":[{"count":16,"href":"https:\/\/mazzettirenato.it\/es\/wp-json\/wp\/v2\/pages\/1095\/revisions"}],"predecessor-version":[{"id":5410,"href":"https:\/\/mazzettirenato.it\/es\/wp-json\/wp\/v2\/pages\/1095\/revisions\/5410"}],"wp:attachment":[{"href":"https:\/\/mazzettirenato.it\/es\/wp-json\/wp\/v2\/media?parent=1095"}],"curies":[{"name":"wp","href":"https:\/\/api.w.org\/{rel}","templated":true}]}}